{"id":510,"date":"2019-01-17T19:20:55","date_gmt":"2019-01-17T08:20:55","guid":{"rendered":"http:\/\/douleur.nc\/?page_id=510"},"modified":"2025-01-26T10:20:32","modified_gmt":"2025-01-25T23:20:32","slug":"contacts","status":"publish","type":"page","link":"https:\/\/douleur.nc\/en\/","title":{"rendered":"Bonjour et bienvenue"},"content":{"rendered":"<div class=\"wp-block-image\">\n<figure class=\"alignleft is-resized\"><img fetchpriority=\"high\" decoding=\"async\" width=\"617\" height=\"422\" src=\"http:\/\/douleur.nc\/wp-content\/uploads\/2019\/02\/Douleur-logo.png\" alt=\"\" class=\"wp-image-658\" style=\"width:227px;height:155px\"\/><\/figure>\n<\/div>\n\n\n<p>Bonjour et bienvenue sur le site de l&rsquo;association DouleurNC.<\/p>\n\n\n\n<p>Ce site est construit en deux parties:<\/p>\n\n\n\n<p><strong>Un espace destin\u00e9 aux patients<\/strong>. Son objectif est d&rsquo;expliquer que la <span style=\"text-decoration: underline;\">douleur chronique <\/span>est une maladie \u00e0 part enti\u00e8re, mais que les moyens pour la combattre efficacement existent.<\/p>\n\n\n\n<p><strong>Un espace destin\u00e9 aux professionnels de sant\u00e9.<\/strong> Son objectif, autour de l&rsquo;Association \u201cDouleurNC\u201c, est de cr\u00e9er un r\u00e9seau transversal de professionnels de sant\u00e9 des secteurs priv\u00e9s et publics, pour promouvoir l\u2019information, la formation et les techniques m\u00e9dicamenteuses comme non m\u00e9dicamenteuses. <\/p>\n\n\n\n<p>Ce site est construit afin de respecter au mieux les recommandations de l&rsquo;ordre des m\u00e9decins Nouvelle Cal\u00e9donie.<\/p>\n\n\n\n<p>Le pr\u00e9sident &#8211; <em>Dr &nbsp;&#8211; Thierry DEGRESLAN &#8211; Praticien Hospitalier &#8211;<\/em> Neurologue &#8211; C<em>hef de service du service de neurologie<\/em><\/p>\n\n\n\n<p>Mot du Pr\u00e9sident<\/p>\n\n\n\n<p>Cher(e)s coll\u00e8gues. En ces temps troubl\u00e9s, la r\u00e9silience, la solidarit\u00e9, l&rsquo;adaptabilit\u00e9 prennent encore plus de sens dans notre activit\u00e9 professionnelle comme \u00e0 la maison.\u00a0Ces valeurs sont port\u00e9es, tous les jours, par les \u00e9quipes du CHT et en particulier celle du Centre d&rsquo;\u00e9valuation et de Traitement de la Douleur.\u00a0Nos patients ont besoin que nous soyons toujours \u00e0 leur \u00e9coute, que nous communiquions entre nous et que nous poursuivions nos projets d&rsquo;am\u00e9lioration de leur prise en charge. Ce sont ces missions que les membres de l&rsquo;association Douleur NC ont assur\u00e9s depuis des ann\u00e9es.\u00a0Suite \u00e0 la d\u00e9mission de la pr\u00e9c\u00e9dente pr\u00e9sidente, et avant la nomination d&rsquo;un futur chef de service douleur au CHT, je me suis port\u00e9 volontaire pour aider notre association, dont nous pouvons tous \u00eatre tr\u00e8s fiers.\u00a0Nous allons poursuivre nos actions, organiser de nouvelles r\u00e9unions d&rsquo;\u00e9changes et de formation continue.\u00a0La bonne nouvelle de cette semaine, c&rsquo;est la venue d&rsquo;un nouveau m\u00e9decin douleur au CHT pour \u00ab\u00a0longtemps\u00a0\u00bb nous l&rsquo;esp\u00e9rons. Le Dr Ang\u00e9lique AYON, le Dr Annick VERGNON-PLATOF et moi-m\u00eame avons accompagn\u00e9 l&rsquo;\u00e9quipe dans son activit\u00e9 quotidienne mais aussi dans ce recrutement donc la Nouvelle-Cal\u00e9donie a besoin.\u00a0L&rsquo;association douleur NC est un pilier essentiel du lien ville-h\u00f4pital.\u00a0Je suis tr\u00e8s fier de pouvoir assurer ces fonctions aujourd&rsquo;hui.\u00a0Un grand merci \u00e0 tous celles et ceux qui \u0153uvrent chaque jour pour soulager nos patients douloureux, la continuit\u00e9 de leurs soins.\u00a0Cette association est la v\u00f4tre.\u00a0Au plaisir de vous revoir lors de notre prochaine r\u00e9union.<\/p>\n\n\n\n<p>Bien amicalement&nbsp;<\/p>\n\n\n\n<p>Thierry<br><\/p>\n\n\n\n<p><\/p>","protected":false},"excerpt":{"rendered":"<p>Bonjour et bienvenue sur le site de l&rsquo;association DouleurNC. Ce site est construit en deux parties: Un espace destin\u00e9 aux patients. Son objectif est d&rsquo;expliquer que la douleur chronique est une maladie \u00e0 part enti\u00e8re, mais que les moyens pour &hellip; <a href=\"https:\/\/douleur.nc\/en\/\">Continue reading <span class=\"meta-nav\">&rarr;<\/span><\/a><\/p>","protected":false},"author":2,"featured_media":0,"parent":0,"menu_order":0,"comment_status":"closed","ping_status":"closed","template":"","meta":{"footnotes":""},"class_list":["post-510","page","type-page","status-publish","hentry"],"_links":{"self":[{"href":"https:\/\/douleur.nc\/en\/wp-json\/wp\/v2\/pages\/510","targetHints":{"allow":["GET"]}}],"collection":[{"href":"https:\/\/douleur.nc\/en\/wp-json\/wp\/v2\/pages"}],"about":[{"href":"https:\/\/douleur.nc\/en\/wp-json\/wp\/v2\/types\/page"}],"author":[{"embeddable":true,"href":"https:\/\/douleur.nc\/en\/wp-json\/wp\/v2\/users\/2"}],"replies":[{"embeddable":true,"href":"https:\/\/douleur.nc\/en\/wp-json\/wp\/v2\/comments?post=510"}],"version-history":[{"count":141,"href":"https:\/\/douleur.nc\/en\/wp-json\/wp\/v2\/pages\/510\/revisions"}],"predecessor-version":[{"id":2911,"href":"https:\/\/douleur.nc\/en\/wp-json\/wp\/v2\/pages\/510\/revisions\/2911"}],"wp:attachment":[{"href":"https:\/\/douleur.nc\/en\/wp-json\/wp\/v2\/media?parent=510"}],"curies":[{"name":"wp","href":"https:\/\/api.w.org\/{rel}","templated":true}]}}