{"id":2589,"date":"2022-04-24T20:16:47","date_gmt":"2022-04-24T09:16:47","guid":{"rendered":"http:\/\/douleur.nc\/?page_id=2589"},"modified":"2022-09-03T04:49:46","modified_gmt":"2022-09-02T17:49:46","slug":"douleur-en-pediatrie-aout-2022","status":"publish","type":"page","link":"https:\/\/douleur.nc\/en\/evenements\/2018-2\/2022-2\/douleur-en-pediatrie-aout-2022\/","title":{"rendered":"Douleur  : Cryoth\u00e9rapie et ost\u00e9opathie"},"content":{"rendered":"<p>L&rsquo;association douleurnc vous propose une nouvelle soir\u00e9e <\/p>\n\n\n\n<p><strong>Les techniques non m\u00e9dicamenteuses pour la prise en charge des douleurs chroniques valid\u00e9es par la science. <\/strong><\/p>\n\n\n\n<p> Le Dr Guillaumes vous pr\u00e9sentera <em>la cryoth\u00e9rapie des corps entier<\/em><\/p>\n\n\n\n<p>M Boeuf vous pr\u00e9sentera <em>la protocolisation de l&rsquo;ost\u00e9opathie<\/em><\/p>\n\n\n\n<p>A bient\u00f4t<\/p>\n\n\n\n<p>Luc Brun<\/p>\n\n\n\n<figure class=\"wp-block-image size-large\"><img fetchpriority=\"high\" decoding=\"async\" width=\"1024\" height=\"569\" src=\"http:\/\/douleur.nc\/wp-content\/uploads\/2022\/08\/Capture-decran-2022-08-17-a-20.37.25-1024x569.png\" alt=\"\" class=\"wp-image-2706\" srcset=\"https:\/\/douleur.nc\/wp-content\/uploads\/2022\/08\/Capture-decran-2022-08-17-a-20.37.25-1024x569.png 1024w, https:\/\/douleur.nc\/wp-content\/uploads\/2022\/08\/Capture-decran-2022-08-17-a-20.37.25-300x167.png 300w, https:\/\/douleur.nc\/wp-content\/uploads\/2022\/08\/Capture-decran-2022-08-17-a-20.37.25-768x427.png 768w, https:\/\/douleur.nc\/wp-content\/uploads\/2022\/08\/Capture-decran-2022-08-17-a-20.37.25-18x10.png 18w, https:\/\/douleur.nc\/wp-content\/uploads\/2022\/08\/Capture-decran-2022-08-17-a-20.37.25.png 1151w\" sizes=\"(max-width: 1024px) 100vw, 1024px\" \/><\/figure>","protected":false},"excerpt":{"rendered":"<p>L&rsquo;association douleurnc vous propose une nouvelle soir\u00e9e Les techniques non m\u00e9dicamenteuses pour la prise en charge des douleurs chroniques valid\u00e9es par la science. Le Dr Guillaumes vous pr\u00e9sentera la cryoth\u00e9rapie des corps entier M Boeuf vous pr\u00e9sentera la protocolisation de &hellip; <a href=\"https:\/\/douleur.nc\/en\/evenements\/2018-2\/2022-2\/douleur-en-pediatrie-aout-2022\/\">Continue reading <span class=\"meta-nav\">&rarr;<\/span><\/a><\/p>","protected":false},"author":2,"featured_media":0,"parent":2521,"menu_order":4,"comment_status":"closed","ping_status":"closed","template":"","meta":{"footnotes":""},"class_list":["post-2589","page","type-page","status-publish","hentry"],"_links":{"self":[{"href":"https:\/\/douleur.nc\/en\/wp-json\/wp\/v2\/pages\/2589","targetHints":{"allow":["GET"]}}],"collection":[{"href":"https:\/\/douleur.nc\/en\/wp-json\/wp\/v2\/pages"}],"about":[{"href":"https:\/\/douleur.nc\/en\/wp-json\/wp\/v2\/types\/page"}],"author":[{"embeddable":true,"href":"https:\/\/douleur.nc\/en\/wp-json\/wp\/v2\/users\/2"}],"replies":[{"embeddable":true,"href":"https:\/\/douleur.nc\/en\/wp-json\/wp\/v2\/comments?post=2589"}],"version-history":[{"count":5,"href":"https:\/\/douleur.nc\/en\/wp-json\/wp\/v2\/pages\/2589\/revisions"}],"predecessor-version":[{"id":2709,"href":"https:\/\/douleur.nc\/en\/wp-json\/wp\/v2\/pages\/2589\/revisions\/2709"}],"up":[{"embeddable":true,"href":"https:\/\/douleur.nc\/en\/wp-json\/wp\/v2\/pages\/2521"}],"wp:attachment":[{"href":"https:\/\/douleur.nc\/en\/wp-json\/wp\/v2\/media?parent=2589"}],"curies":[{"name":"wp","href":"https:\/\/api.w.org\/{rel}","templated":true}]}}