{"id":2418,"date":"2022-02-01T16:39:47","date_gmt":"2022-02-01T05:39:47","guid":{"rendered":"http:\/\/douleur.nc\/?page_id=2418"},"modified":"2022-11-11T09:58:30","modified_gmt":"2022-11-10T22:58:30","slug":"bibliographie-2022","status":"publish","type":"page","link":"https:\/\/douleur.nc\/en\/biblio\/bibliographie-2022\/","title":{"rendered":"Bibliographie 2022"},"content":{"rendered":"<div class=\"wp-block-image\">\n<figure class=\"alignleft is-resized\"><img decoding=\"async\" src=\"http:\/\/douleur.nc\/wp-content\/uploads\/2019\/02\/Douleur-logo.png\" alt=\"\" class=\"wp-image-658\" width=\"185\" height=\"127\"\/><\/figure>\n<\/div>\n\n\n<div class=\"wp-block-file\"><a id=\"wp-block-file--media-f127406d-0ae1-4333-9942-a69e0ecf593f\" href=\"http:\/\/douleur.nc\/wp-content\/uploads\/2022\/02\/Prendre-en-charge-la-douleur-multimorphe-du-cancer-quelle-approche-du-diagnostic-au-traitement.pdf\">Prendre-en-charge-la-douleur-multimorphe-du-cancer-quelle-approche-du-diagnostic-au-traitement<\/a><a href=\"http:\/\/douleur.nc\/wp-content\/uploads\/2022\/02\/Prendre-en-charge-la-douleur-multimorphe-du-cancer-quelle-approche-du-diagnostic-au-traitement.pdf\" class=\"wp-block-file__button wp-element-button\" download aria-describedby=\"wp-block-file--media-f127406d-0ae1-4333-9942-a69e0ecf593f\">T\u00e9l\u00e9charger<\/a><\/div>\n\n\n\n<p><a href=\"http:\/\/www.jim.fr\/e-docs\/quelle_methode_pour_arreter_les_opioides__192076\/document_actu_med.phtml\">Quelle m\u00e9thode pour arreter les opioides <\/a><\/p>\n\n\n\n<div class=\"wp-block-file\"><a id=\"wp-block-file--media-e3f58b72-0cec-400d-8a3f-795545f903d0\" href=\"http:\/\/douleur.nc\/wp-content\/uploads\/2022\/04\/Une-psychologie-de-la-douleur-G\u00e9rard-Ostermann.pdf\">Une-psychologie-de-la-douleur-G\u00e9rard-Ostermann<\/a><a href=\"http:\/\/douleur.nc\/wp-content\/uploads\/2022\/04\/Une-psychologie-de-la-douleur-G\u00e9rard-Ostermann.pdf\" class=\"wp-block-file__button wp-element-button\" download aria-describedby=\"wp-block-file--media-e3f58b72-0cec-400d-8a3f-795545f903d0\">T\u00e9l\u00e9charger<\/a><\/div>\n\n\n\n<p><a href=\"https:\/\/sfetd-douleur.org\/wp-content\/uploads\/2022\/sfar_livre_blanc_de_la_douleur_2022_interactive_file.pdf\">Le livre blanc de la douleur 2022<\/a><\/p>\n\n\n\n<p><a href=\"https:\/\/youtu.be\/cEqfwGijArA\">Ost\u00e9oporose<\/a><\/p>\n\n\n\n<p><a href=\"https:\/\/youtu.be\/qoG4KT1IbZc\">La goutte<\/a> Journ\u00e9e M\u00e9dicale Cal\u00e9donienne (Dr Cazorla))<\/p>\n\n\n\n<p><a href=\"https:\/\/youtu.be\/5IAEA00i6R8\">Les attaques de requin<\/a> Journ\u00e9e M\u00e9dicale Cal\u00e9donienne (Dr Maillaud)<\/p>\n\n\n\n<p><a href=\"https:\/\/www.youtube.com\/watch?v=x-TXCueI55s&amp;t=208s\">L\u2019hypnose en alternative \u00e0 l\u2019anesth\u00e9sie g\u00e9n\u00e9rale<\/a> Journ\u00e9e M\u00e9dicale Cal\u00e9donienne (Mme Biavat et Mme Ilias)<\/p>\n\n\n\n<p><a href=\"https:\/\/www.radiofrance.fr\/franceculture\/podcasts\/serie-la-douleur\">Le podcasts douleur de Radio France<\/a><\/p>\n\n\n\n<p><a href=\"http:\/\/douleur.nc\/wp-content\/uploads\/2022\/07\/COVID-long-en-France-_-30-des-personnes-ayant-ete-infectees-par-le-SARS-CoV-2-en-souffriraient-_-Univadis-4.pdf\">Le covid long en France : 30 % des personnes ayant \u00e9t\u00e9 infect\u00e9es par le SARS-CoV-2 en souffriraient <\/a> (Univadis)<\/p>\n\n\n\n<p><a href=\"https:\/\/www.univadis.fr\/viewarticle\/a49818a4-451c-3a7d-90b9-f5b488a081a6?utm_medium=email&amp;sso=true&amp;utm_content=4985076&amp;uuid=a49818a4-451c-3a7d-90b9-f5b488a081a6&amp;utm_term=&amp;ecd=mkm_ret_220815_uninews_MedNFR_4985076&amp;uac=368272MX&amp;utm_source=&amp;utm_campaign=adhoc_actumedical_email_unimedicalupdate_fre-fr_automated\">Les besoins non satisfaits en mati\u00e8re de soulagement de la douleur sont fr\u00e9quents dans la population atteinte d\u2019arthrose<\/a><\/p>\n\n\n\n<p><a href=\"https:\/\/care.us6.list-manage.com\/track\/click?u=61f3db662d2207ad60b3e1ea4&amp;id=52bca35cbb&amp;e=cdde7ff80a\">MUSIC CARE ( les fondamentaux sur la prise en charge de la douleur)<\/a><\/p>\n\n\n\n<figure class=\"wp-block-image size-full is-resized\"><img fetchpriority=\"high\" decoding=\"async\" src=\"http:\/\/douleur.nc\/wp-content\/uploads\/2022\/11\/Capture-decran-2022-11-11-a-09.27.37.png\" alt=\"\" class=\"wp-image-2794\" width=\"840\" height=\"845\" srcset=\"https:\/\/douleur.nc\/wp-content\/uploads\/2022\/11\/Capture-decran-2022-11-11-a-09.27.37.png 618w, https:\/\/douleur.nc\/wp-content\/uploads\/2022\/11\/Capture-decran-2022-11-11-a-09.27.37-298x300.png 298w, https:\/\/douleur.nc\/wp-content\/uploads\/2022\/11\/Capture-decran-2022-11-11-a-09.27.37-150x150.png 150w, https:\/\/douleur.nc\/wp-content\/uploads\/2022\/11\/Capture-decran-2022-11-11-a-09.27.37-12x12.png 12w\" sizes=\"(max-width: 840px) 100vw, 840px\" \/><\/figure>\n\n\n\n<p><a href=\"https:\/\/www.sciencedirect.com\/science\/article\/pii\/S0735675722003217\"><strong> Acute pain management in the Emergency Department<\/strong><\/a><\/p>\n\n\n\n<p><em>Hugues JA et al. J Clin Nurs. 2022 May; 31(9-10): 1273-84<\/em><\/p>\n\n\n\n<p><strong>La prise en charge des patients douloureux aux urgences<\/strong><\/p>\n\n\n\n<p>Le but de cette \u00e9tude a \u00e9t\u00e9 d\u2019examiner l\u2019association entre l\u2019environnement des patients, les facteurs de bonne sant\u00e9 et de maladie, les soins et \u00ab\u00a0l\u2019exp\u00e9rience\u00a0\u00bb des patients aux urgences (c\u2019est-\u00e0-dire la qualit\u00e9 des soins du point de vue des patients). Un indicateur classique de prise en charge de la douleur aux urgences est le temps avant la d\u00e9livrance d\u2019antalgique. Des indicateurs de douleurs pour le patient sont plut\u00f4t rares et pr\u00e9dominent sur la satisfaction des patients.<\/p>\n\n\n\n<p>Cette \u00e9tude a inclus 190 patients consultant aux urgences pour des douleurs mod\u00e9r\u00e9es \u00e0 s\u00e9v\u00e8res. \u00c0 la suite d\u2019un questionnaire post prise en charge, 15 facteurs ont \u00e9t\u00e9 identifi\u00e9s comme influen\u00e7ant leur douleur&nbsp;notamment l\u2019environnement aux urgences (la charge de travail, le temps d\u2019attente), le temps avant le premier traitement antalgique et la d\u00e9livrance d\u2019antalgiques. La mise en place de cette \u00e9tude a \u00e9t\u00e9 guid\u00e9e par la \u00ab\u00a0symptom management theory\u00a0\u00bb ou th\u00e9orie de gestion des sympt\u00f4mes, permettant d\u2019envisager la prise en charge du patient \u00e0 partir de ses sympt\u00f4mes d\u00e9crits ou exprim\u00e9s (non verbalement ou par les proches) en privil\u00e9giant l\u2019auto-\u00e9valuation et en identifiant les facteurs \u00e0 am\u00e9liorer dans l\u2019environnement.<\/p>\n\n\n\n<p>Cette th\u00e9orie est plus g\u00e9n\u00e9ralement appliqu\u00e9e \u00e0 des patients douloureux chroniques, mais elle permet de mieux comprendre le point de vue du patient et d\u2019essayer une prise en charge plus globale du patient.<\/p>\n\n\n\n<p>Dr Luc Brun<\/p>\n\n\n\n<p><a href=\"https:\/\/www.sciencedirect.com\/science\/article\/abs\/pii\/S0738399122004098\"><strong>FastSchool : A single session of an inter professional pain management program for chronic pain patients inspired by cognitive behavioral therapy <\/strong><\/a><\/p>\n\n\n\n<p><em>Trouvin AP et al. Patient Educ Couns.&nbsp;<\/em><em>2022 Sep 11 [Online ahead of print]<\/em><\/p>\n\n\n\n<p><strong>\u00ab\u00a0FastSchool\u00a0\u00bb, un atelier unique pour aider les patients douloureux chroniques<\/strong><\/p>\n\n\n\n<p>Dans cet article s\u00e9lectionn\u00e9 ce mois-ci, les auteurs relatent le retour d\u2019exp\u00e9rience de la mise en place d\u2019un programme court, qui peut s\u2019apparenter \u00e0 de l\u2019\u00e9ducation th\u00e9rapeutique des patients (ETP) et \u00e0 de la th\u00e9rapie cognitive et comportementale, en une seule session de trois heures. Il a \u00e9t\u00e9 propos\u00e9 \u00e0 des patients douloureux chroniques (DC) pris en charge tr\u00e8s r\u00e9cemment dans un centre de la douleur (deux CHU&nbsp;: Cochin et Saint-Antoine \u00e0 Paris). Il est anim\u00e9 de fa\u00e7on multidisciplinaire&nbsp;: m\u00e9decins, infirmi\u00e8res, kin\u00e9sith\u00e9rapeutes et psychologues, form\u00e9s \u00e0 l\u2019ETP (40 heures obligatoires). 6 \u00e0 15 patients participent \u00e0 ce groupe durant lequel des informations, des \u00e9changes et des explications abordent les sujets suivants&nbsp;: qu\u2019est-ce que la DC, les diff\u00e9rentes composantes de la DC, les approches multidisciplinaires, la capacit\u00e9 \u00e0 faire face, les approches th\u00e9rapeutiques non m\u00e9dicamenteuses, l\u2019activit\u00e9 physique et la gestion des m\u00e9dicaments.<\/p>\n\n\n\n<p>Cette \u00e9tude a consist\u00e9 \u00e0 analyser l\u2019impact de cette session sur les patients (entre M0 et M3)&nbsp;: la modification de l\u2019intensit\u00e9 de leur douleur, scores du&nbsp;<em>Brief Pain Inventory<\/em>, le catastrophisme, l\u2019anxi\u00e9t\u00e9-d\u00e9pression, les croyances, la capacit\u00e9 \u00e0 faire face et auto-efficacit\u00e9 \u00e0 l\u2019aide de questionnaires sp\u00e9cifiques, ainsi que l\u2019impression globale de changement du patient. 88 patients ont \u00e9t\u00e9 inclus, 71 ont r\u00e9pondu \u00e0 trois mois. L\u2019origine des douleurs \u00e9tait multiple (fibromyalgie, lombalgie, arthrose, douleurs neuropathiques, rhumatismes inflammatoires\u2026). En r\u00e9sum\u00e9, on observe, gr\u00e2ce \u00e0 ce programme, une diminution de la douleur, du catastrophisme et des croyances. Cela confirme l\u2019int\u00e9r\u00eat des programmes d\u2019ETP et de l\u2019impact d\u2019un groupe dans la prise en charge de pathologies chroniques, dont les douleurs, m\u00eame si elles ne sont pas toutes de m\u00eame origine. Les informations, explications et conseils transmis durant cet atelier ont \u00e9t\u00e9 utiles pour ces patients qui ont exprim\u00e9 leur satisfaction \u00e0 l\u2019issue de ces trois heures.<\/p>\n\n\n\n<p>Un atelier unique tel que FastSchool r\u00e9pond donc \u00e0 la demande des soignants et des patients&nbsp;: \u00eatre \u00e0 l\u2019\u00e9coute, adapter les explications et les conseils aux besoins sp\u00e9cifiques, \u00e9changer en groupe avec d\u2019autres personnes exp\u00e9rimentant les m\u00eames difficult\u00e9s du quotidien. Cette \u00e9tude confirme donc qu\u2019un impact positif est possible, m\u00eame en une seule s\u00e9ance et pour diff\u00e9rentes pathologies&nbsp;!<\/p>\n\n\n\n<p>Dr Luc Brun<\/p>\n","protected":false},"excerpt":{"rendered":"<p>Quelle m\u00e9thode pour arreter les opioides Le livre blanc de la douleur 2022 Ost\u00e9oporose La goutte Journ\u00e9e M\u00e9dicale Cal\u00e9donienne (Dr Cazorla)) Les attaques de requin Journ\u00e9e M\u00e9dicale Cal\u00e9donienne (Dr Maillaud) L\u2019hypnose en alternative \u00e0 l\u2019anesth\u00e9sie g\u00e9n\u00e9rale Journ\u00e9e M\u00e9dicale Cal\u00e9donienne (Mme &hellip; <a href=\"https:\/\/douleur.nc\/en\/biblio\/bibliographie-2022\/\">Continue reading <span class=\"meta-nav\">&rarr;<\/span><\/a><\/p>","protected":false},"author":2,"featured_media":0,"parent":1198,"menu_order":6,"comment_status":"closed","ping_status":"closed","template":"","meta":{"footnotes":""},"class_list":["post-2418","page","type-page","status-publish","hentry"],"_links":{"self":[{"href":"https:\/\/douleur.nc\/en\/wp-json\/wp\/v2\/pages\/2418","targetHints":{"allow":["GET"]}}],"collection":[{"href":"https:\/\/douleur.nc\/en\/wp-json\/wp\/v2\/pages"}],"about":[{"href":"https:\/\/douleur.nc\/en\/wp-json\/wp\/v2\/types\/page"}],"author":[{"embeddable":true,"href":"https:\/\/douleur.nc\/en\/wp-json\/wp\/v2\/users\/2"}],"replies":[{"embeddable":true,"href":"https:\/\/douleur.nc\/en\/wp-json\/wp\/v2\/comments?post=2418"}],"version-history":[{"count":36,"href":"https:\/\/douleur.nc\/en\/wp-json\/wp\/v2\/pages\/2418\/revisions"}],"predecessor-version":[{"id":2812,"href":"https:\/\/douleur.nc\/en\/wp-json\/wp\/v2\/pages\/2418\/revisions\/2812"}],"up":[{"embeddable":true,"href":"https:\/\/douleur.nc\/en\/wp-json\/wp\/v2\/pages\/1198"}],"wp:attachment":[{"href":"https:\/\/douleur.nc\/en\/wp-json\/wp\/v2\/media?parent=2418"}],"curies":[{"name":"wp","href":"https:\/\/api.w.org\/{rel}","templated":true}]}}