{"id":2131,"date":"2021-01-20T19:35:51","date_gmt":"2021-01-20T08:35:51","guid":{"rendered":"http:\/\/douleur.nc\/?page_id=2131"},"modified":"2021-02-27T06:59:56","modified_gmt":"2021-02-26T19:59:56","slug":"osteopathie","status":"publish","type":"page","link":"https:\/\/douleur.nc\/en\/espace-patients\/soins-proposes\/osteopathie\/","title":{"rendered":"Ost\u00e9opathie"},"content":{"rendered":"<div class=\"wp-block-image\"><figure class=\"alignright\"><img fetchpriority=\"high\" decoding=\"async\" width=\"300\" height=\"168\" src=\"http:\/\/douleur.nc\/wp-content\/uploads\/2021\/01\/Unknown-4.jpeg\" alt=\"\" class=\"wp-image-2179\"\/><\/figure><\/div>\n\n\n\n<figure class=\"wp-block-image is-resized\"><img decoding=\"async\" src=\"http:\/\/douleur.nc\/wp-content\/uploads\/2019\/02\/Douleur-logo.png\" alt=\"\" class=\"wp-image-658\" width=\"213\" height=\"146\"\/><\/figure>\n\n\n\n<p>L&rsquo;ost\u00e9opathie peut \u00eatre un traitement compl\u00e9mentaire pour certaines douleurs. Il va agir sur les douleurs qui sont dus \u00e0 des \u201cblocages\u201c musculaires ou articulaires. L&rsquo;ost\u00e9opathe du service en une ou deux s\u00e9ances peut en lib\u00e9rant ces blocages, enlever une partie des douleurs. Le traitement peut \u00eatre fait une fois par an. <\/p>","protected":false},"excerpt":{"rendered":"<p>L&rsquo;ost\u00e9opathie peut \u00eatre un traitement compl\u00e9mentaire pour certaines douleurs. Il va agir sur les douleurs qui sont dus \u00e0 des \u201cblocages\u201c musculaires ou articulaires. L&rsquo;ost\u00e9opathe du service en une ou deux s\u00e9ances peut en lib\u00e9rant ces blocages, enlever une partie &hellip; <a href=\"https:\/\/douleur.nc\/en\/espace-patients\/soins-proposes\/osteopathie\/\">Continue reading <span class=\"meta-nav\">&rarr;<\/span><\/a><\/p>","protected":false},"author":2,"featured_media":0,"parent":2105,"menu_order":13,"comment_status":"closed","ping_status":"closed","template":"","meta":{"footnotes":""},"class_list":["post-2131","page","type-page","status-publish","hentry"],"_links":{"self":[{"href":"https:\/\/douleur.nc\/en\/wp-json\/wp\/v2\/pages\/2131","targetHints":{"allow":["GET"]}}],"collection":[{"href":"https:\/\/douleur.nc\/en\/wp-json\/wp\/v2\/pages"}],"about":[{"href":"https:\/\/douleur.nc\/en\/wp-json\/wp\/v2\/types\/page"}],"author":[{"embeddable":true,"href":"https:\/\/douleur.nc\/en\/wp-json\/wp\/v2\/users\/2"}],"replies":[{"embeddable":true,"href":"https:\/\/douleur.nc\/en\/wp-json\/wp\/v2\/comments?post=2131"}],"version-history":[{"count":4,"href":"https:\/\/douleur.nc\/en\/wp-json\/wp\/v2\/pages\/2131\/revisions"}],"predecessor-version":[{"id":2273,"href":"https:\/\/douleur.nc\/en\/wp-json\/wp\/v2\/pages\/2131\/revisions\/2273"}],"up":[{"embeddable":true,"href":"https:\/\/douleur.nc\/en\/wp-json\/wp\/v2\/pages\/2105"}],"wp:attachment":[{"href":"https:\/\/douleur.nc\/en\/wp-json\/wp\/v2\/media?parent=2131"}],"curies":[{"name":"wp","href":"https:\/\/api.w.org\/{rel}","templated":true}]}}