{"id":2120,"date":"2021-01-20T19:33:10","date_gmt":"2021-01-20T08:33:10","guid":{"rendered":"http:\/\/douleur.nc\/?page_id=2120"},"modified":"2021-02-27T11:33:21","modified_gmt":"2021-02-27T00:33:21","slug":"hypnose","status":"publish","type":"page","link":"https:\/\/douleur.nc\/en\/espace-patients\/soins-proposes\/hypnose\/","title":{"rendered":"Hypnose"},"content":{"rendered":"<div class=\"wp-block-image\"><figure class=\"alignright\"><img fetchpriority=\"high\" decoding=\"async\" width=\"284\" height=\"177\" src=\"http:\/\/douleur.nc\/wp-content\/uploads\/2021\/01\/Unknown-1.jpeg\" alt=\"\" class=\"wp-image-2164\"\/><\/figure><\/div>\n\n\n\n<figure class=\"wp-block-image is-resized\"><img decoding=\"async\" src=\"http:\/\/douleur.nc\/wp-content\/uploads\/2019\/02\/Douleur-logo.png\" alt=\"\" class=\"wp-image-658\" width=\"197\" height=\"135\"\/><\/figure>\n\n\n\n<p><a href=\"http:\/\/www.hypnose-medicale.com\/quest-ce-que-lhypnose-medicale\/\">D\u00e9couvrez l&rsquo;hypnose m\u00e9dicale <\/a><\/p>\n\n\n\n<p><strong>HYPNOSE ET DOULEUR&nbsp;: COMMENT \u00c7A MARCHE&nbsp;?<\/strong><\/p>\n\n\n\n<p><strong>Comment notre cerveau per\u00e7oit-il la douleur&nbsp;?<\/strong><\/p>\n\n\n\n<p>&nbsp;&nbsp;&nbsp;&nbsp;&nbsp;&nbsp;&nbsp;&nbsp;&nbsp;&nbsp;&nbsp;&nbsp;L\u2019IASP (association internationale pour l\u2019\u00e9tude de la douleur) d\u00e9finit la douleur comme \u00ab&nbsp;une exp\u00e9rience sensorielle et \u00e9motionnelle d\u00e9sagr\u00e9able associ\u00e9e \u00e0 une l\u00e9sion tissulaire r\u00e9elle ou potentielle ou d\u00e9crite dans ces termes&nbsp;\u00bb.<\/p>\n\n\n\n<p>&nbsp;&nbsp;&nbsp;&nbsp;&nbsp;&nbsp;&nbsp;&nbsp;&nbsp;&nbsp;&nbsp;&nbsp;Une douleur chronique est une douleur persistante ou r\u00e9currente de plus de 3 mois, compromettant le bien-\u00eatre, le niveau fonctionnel et la qualit\u00e9 de vie de l\u2019individu.<\/p>\n\n\n\n<figure class=\"wp-block-image\"><img decoding=\"async\" src=\"blob:http:\/\/douleur.nc\/d841460f-661f-4c7e-8645-fb11503d1072\" alt=\"MACINTOSH HD:Users:fabriceblaise:Desktop:Capture d\u2019\u00e9cran 2021-02-03 \u00e0 10.29.16.png\"\/><\/figure>\n\n\n\n<p>&nbsp;&nbsp;&nbsp;&nbsp;&nbsp;&nbsp;&nbsp;&nbsp;&nbsp;&nbsp;&nbsp;&nbsp;La douleur est une information qui circule par influx nerveux de la l\u00e9sion jusqu\u2019\u00e0 notre cerveau (message nociceptif). Mais avant d\u2019\u00eatre per\u00e7ue consciemment, elle est modul\u00e9e dans son intensit\u00e9 et dans son impact \u00e9motionnel par plusieurs facteurs&nbsp;: la culture, l\u2019\u00e9ducation, les exp\u00e9riences et apprentissages (m\u00e9moire), mais aussi selon le moment de la journ\u00e9e, les activit\u00e9s, le niveau d\u2019anxi\u00e9t\u00e9, etc\u2026<\/p>\n\n\n\n<p>&nbsp;&nbsp;&nbsp;&nbsp;&nbsp;&nbsp;&nbsp;&nbsp;&nbsp;&nbsp;&nbsp;&nbsp;C\u2019est majoritairement \u00e0 ce stade du \u00ab&nbsp;circuit de la douleur&nbsp;\u00bb que l\u2019hypnose agit, dans le but de diminuer l\u2019intensit\u00e9 et l\u2019impact \u00e9motionnel de la douleur.<\/p>\n\n\n\n<p><strong>Qu\u2019est-ce que l\u2019hypnose&nbsp;?<\/strong><\/p>\n\n\n\n<p><strong>Que peut-on en attendre face \u00e0 une douleur chronique&nbsp;?<\/strong><\/p>\n\n\n\n<p>&nbsp;&nbsp;&nbsp;&nbsp;&nbsp;&nbsp;&nbsp;&nbsp;&nbsp;&nbsp;&nbsp;&nbsp;L\u2019hypnose est un \u00e9tat c\u00e9r\u00e9bral naturel&nbsp;: Chacun de nous connait cet \u00e9tat et l\u2019exp\u00e9rimente au moins une fois par jour. En effet, nous passons tous, au cours d\u2019une journ\u00e9e, par plusieurs \u00e9tats c\u00e9r\u00e9braux distincts&nbsp;: veille active, sommeil, \u00e9veil calme, etc\u2026..<\/p>\n\n\n\n<p>&nbsp;&nbsp;&nbsp;&nbsp;&nbsp;&nbsp;&nbsp;&nbsp;&nbsp;&nbsp;&nbsp;&nbsp;L\u2019\u00e9tat d\u2019hypnose se caract\u00e9rise par une attention focalis\u00e9e et une abstraction s\u00e9lective.<\/p>\n\n\n\n<p>&nbsp;&nbsp;&nbsp;&nbsp;&nbsp;&nbsp;&nbsp;&nbsp;&nbsp;&nbsp;&nbsp;&nbsp;Cet \u00e9tat est utilis\u00e9 comme un outil afin de modifier notre perception de notre environnement ou de nous-m\u00eame. Elle est efficace dans des domaines vari\u00e9s (anxi\u00e9t\u00e9, phobies, addictions, troubles alimentaires,&nbsp;\u2026).<\/p>\n\n\n\n<p>Elle est \u00e9galement tr\u00e8s efficace sur notre ressenti face \u00e0 la douleur et sur les \u00e9motions auxquelles elle est associ\u00e9e. Toutes les \u00e9tudes scientifiques m\u00e9dicales le prouvent et l\u2019hypnose est de plus en plus largement utilis\u00e9e dans le monde m\u00e9dical et en milieu hospitalier.<\/p>\n\n\n\n<p>&nbsp;&nbsp;&nbsp;&nbsp;&nbsp;&nbsp;&nbsp;&nbsp;&nbsp;&nbsp;&nbsp;&nbsp;Dans le cadre de la douleur chronique, la pratique de l\u2019hypnose (avec un th\u00e9rapeute ou en auto-hypnose) nous apprend \u00e0 diminuer la douleur et son impact \u00e9motionnel. C\u2019est aussi un moyen de se pencher sur les relations que nous entretenons avec notre douleur.<\/p>\n\n\n\n<p><\/p>","protected":false},"excerpt":{"rendered":"<p>D\u00e9couvrez l&rsquo;hypnose m\u00e9dicale HYPNOSE ET DOULEUR&nbsp;: COMMENT \u00c7A MARCHE&nbsp;? Comment notre cerveau per\u00e7oit-il la douleur&nbsp;? &nbsp;&nbsp;&nbsp;&nbsp;&nbsp;&nbsp;&nbsp;&nbsp;&nbsp;&nbsp;&nbsp;&nbsp;L\u2019IASP (association internationale pour l\u2019\u00e9tude de la douleur) d\u00e9finit la douleur comme \u00ab&nbsp;une exp\u00e9rience sensorielle et \u00e9motionnelle d\u00e9sagr\u00e9able associ\u00e9e \u00e0 une l\u00e9sion tissulaire r\u00e9elle ou &hellip; <a href=\"https:\/\/douleur.nc\/en\/espace-patients\/soins-proposes\/hypnose\/\">Continue reading <span class=\"meta-nav\">&rarr;<\/span><\/a><\/p>","protected":false},"author":2,"featured_media":0,"parent":2105,"menu_order":8,"comment_status":"closed","ping_status":"closed","template":"","meta":{"footnotes":""},"class_list":["post-2120","page","type-page","status-publish","hentry"],"_links":{"self":[{"href":"https:\/\/douleur.nc\/en\/wp-json\/wp\/v2\/pages\/2120","targetHints":{"allow":["GET"]}}],"collection":[{"href":"https:\/\/douleur.nc\/en\/wp-json\/wp\/v2\/pages"}],"about":[{"href":"https:\/\/douleur.nc\/en\/wp-json\/wp\/v2\/types\/page"}],"author":[{"embeddable":true,"href":"https:\/\/douleur.nc\/en\/wp-json\/wp\/v2\/users\/2"}],"replies":[{"embeddable":true,"href":"https:\/\/douleur.nc\/en\/wp-json\/wp\/v2\/comments?post=2120"}],"version-history":[{"count":4,"href":"https:\/\/douleur.nc\/en\/wp-json\/wp\/v2\/pages\/2120\/revisions"}],"predecessor-version":[{"id":2288,"href":"https:\/\/douleur.nc\/en\/wp-json\/wp\/v2\/pages\/2120\/revisions\/2288"}],"up":[{"embeddable":true,"href":"https:\/\/douleur.nc\/en\/wp-json\/wp\/v2\/pages\/2105"}],"wp:attachment":[{"href":"https:\/\/douleur.nc\/en\/wp-json\/wp\/v2\/media?parent=2120"}],"curies":[{"name":"wp","href":"https:\/\/api.w.org\/{rel}","templated":true}]}}