{"id":1724,"date":"2020-01-01T18:41:13","date_gmt":"2020-01-01T07:41:13","guid":{"rendered":"http:\/\/douleur.nc\/?page_id=1724"},"modified":"2022-05-14T16:27:47","modified_gmt":"2022-05-14T05:27:47","slug":"ag-2020","status":"publish","type":"page","link":"https:\/\/douleur.nc\/en\/evenements\/2018-2\/2020-2\/ag-2020\/","title":{"rendered":"Hypnose m\u00e9dicale"},"content":{"rendered":"<div class=\"wp-block-image\"><figure class=\"alignleft is-resized\"><img decoding=\"async\" src=\"http:\/\/douleur.nc\/wp-content\/uploads\/2019\/02\/Douleur-logo.png\" alt=\"\" class=\"wp-image-658\" width=\"191\" height=\"131\"\/><\/figure><\/div>\n\n\n\n<ul class=\"wp-block-list\"><li>Jessyca SAMIN nous a pr\u00e9sent\u00e9, la physiologie et une revue de la litt\u00e9rature sur l\u2019hypnose<\/li><li>R\u00e9gine LASSERRE nous a pr\u00e9sent\u00e9,  l\u2019hypnose en pratique quotidienne<\/li><\/ul>\n\n\n\n<p>YouTube : <a href=\"https:\/\/youtu.be\/x-TXCueI55s\">Conference JMC 2020<\/a><\/p>\n\n\n\n<div class=\"wp-block-image\"><figure class=\"aligncenter\"><img fetchpriority=\"high\" decoding=\"async\" width=\"1024\" height=\"576\" src=\"http:\/\/douleur.nc\/wp-content\/uploads\/2020\/02\/Diapositive1-1024x576.png\" alt=\"\" class=\"wp-image-1792\" srcset=\"https:\/\/douleur.nc\/wp-content\/uploads\/2020\/02\/Diapositive1-1024x576.png 1024w, https:\/\/douleur.nc\/wp-content\/uploads\/2020\/02\/Diapositive1-300x169.png 300w, https:\/\/douleur.nc\/wp-content\/uploads\/2020\/02\/Diapositive1-768x432.png 768w, https:\/\/douleur.nc\/wp-content\/uploads\/2020\/02\/Diapositive1.png 1280w\" sizes=\"(max-width: 1024px) 100vw, 1024px\" \/><\/figure><\/div>\n\n\n\n<p>Dr Luc BRUN<\/p>","protected":false},"excerpt":{"rendered":"<p>Jessyca SAMIN nous a pr\u00e9sent\u00e9, la physiologie et une revue de la litt\u00e9rature sur l\u2019hypnose R\u00e9gine LASSERRE nous a pr\u00e9sent\u00e9, l\u2019hypnose en pratique quotidienne YouTube : Conference JMC 2020 Dr Luc BRUN<\/p>","protected":false},"author":2,"featured_media":0,"parent":2012,"menu_order":1,"comment_status":"closed","ping_status":"closed","template":"","meta":{"footnotes":""},"class_list":["post-1724","page","type-page","status-publish","hentry"],"_links":{"self":[{"href":"https:\/\/douleur.nc\/en\/wp-json\/wp\/v2\/pages\/1724","targetHints":{"allow":["GET"]}}],"collection":[{"href":"https:\/\/douleur.nc\/en\/wp-json\/wp\/v2\/pages"}],"about":[{"href":"https:\/\/douleur.nc\/en\/wp-json\/wp\/v2\/types\/page"}],"author":[{"embeddable":true,"href":"https:\/\/douleur.nc\/en\/wp-json\/wp\/v2\/users\/2"}],"replies":[{"embeddable":true,"href":"https:\/\/douleur.nc\/en\/wp-json\/wp\/v2\/comments?post=1724"}],"version-history":[{"count":21,"href":"https:\/\/douleur.nc\/en\/wp-json\/wp\/v2\/pages\/1724\/revisions"}],"predecessor-version":[{"id":2652,"href":"https:\/\/douleur.nc\/en\/wp-json\/wp\/v2\/pages\/1724\/revisions\/2652"}],"up":[{"embeddable":true,"href":"https:\/\/douleur.nc\/en\/wp-json\/wp\/v2\/pages\/2012"}],"wp:attachment":[{"href":"https:\/\/douleur.nc\/en\/wp-json\/wp\/v2\/media?parent=1724"}],"curies":[{"name":"wp","href":"https:\/\/api.w.org\/{rel}","templated":true}]}}