{"id":1505,"date":"2019-07-04T07:13:44","date_gmt":"2019-07-03T20:13:44","guid":{"rendered":"http:\/\/douleur.nc\/?page_id=1505"},"modified":"2020-11-20T06:04:05","modified_gmt":"2020-11-19T19:04:05","slug":"evenements-a-venir-2","status":"publish","type":"page","link":"https:\/\/douleur.nc\/en\/evenements\/2018-2\/2019-2\/evenements-a-venir-2\/","title":{"rendered":"Neuropathie \u00e0 petite fibre"},"content":{"rendered":"<p><strong>Soir\u00e9e du 02\/1019<\/strong><\/p>\n\n\n\n<div class=\"wp-block-image\"><figure class=\"alignleft is-resized\"><img decoding=\"async\" src=\"http:\/\/douleur.nc\/wp-content\/uploads\/2019\/02\/Douleur-logo.png\" alt=\"\" class=\"wp-image-658\" width=\"187\" height=\"128\"\/><\/figure><\/div>\n\n\n\n<p>Dr Anne Laure VIALATTE, neurologue au CHT nous a pr\u00e9sent\u00e9, \u00ab\u00a0les douleurs neuropathiques p\u00e9riph\u00e9riques et la place des neuropathie \u00e0 petites fibre, une nouvelle entit\u00e9 \u00e9mergente\u00a0\u00bb<\/p>\n\n\n\n<figure class=\"wp-block-image\"><img fetchpriority=\"high\" decoding=\"async\" width=\"1024\" height=\"576\" src=\"http:\/\/douleur.nc\/wp-content\/uploads\/2019\/09\/douleur-neuropathique-1024x576.jpg\" alt=\"\" class=\"wp-image-1579\" srcset=\"https:\/\/douleur.nc\/wp-content\/uploads\/2019\/09\/douleur-neuropathique-1024x576.jpg 1024w, https:\/\/douleur.nc\/wp-content\/uploads\/2019\/09\/douleur-neuropathique-300x169.jpg 300w, https:\/\/douleur.nc\/wp-content\/uploads\/2019\/09\/douleur-neuropathique-768x432.jpg 768w, https:\/\/douleur.nc\/wp-content\/uploads\/2019\/09\/douleur-neuropathique.jpg 2000w\" sizes=\"(max-width: 1024px) 100vw, 1024px\" \/><\/figure>","protected":false},"excerpt":{"rendered":"<p>Soir\u00e9e du 02\/1019 Dr Anne Laure VIALATTE, neurologue au CHT nous a pr\u00e9sent\u00e9, \u00ab\u00a0les douleurs neuropathiques p\u00e9riph\u00e9riques et la place des neuropathie \u00e0 petites fibre, une nouvelle entit\u00e9 \u00e9mergente\u00a0\u00bb<\/p>","protected":false},"author":2,"featured_media":0,"parent":2007,"menu_order":3,"comment_status":"closed","ping_status":"closed","template":"","meta":{"footnotes":""},"class_list":["post-1505","page","type-page","status-publish","hentry"],"_links":{"self":[{"href":"https:\/\/douleur.nc\/en\/wp-json\/wp\/v2\/pages\/1505","targetHints":{"allow":["GET"]}}],"collection":[{"href":"https:\/\/douleur.nc\/en\/wp-json\/wp\/v2\/pages"}],"about":[{"href":"https:\/\/douleur.nc\/en\/wp-json\/wp\/v2\/types\/page"}],"author":[{"embeddable":true,"href":"https:\/\/douleur.nc\/en\/wp-json\/wp\/v2\/users\/2"}],"replies":[{"embeddable":true,"href":"https:\/\/douleur.nc\/en\/wp-json\/wp\/v2\/comments?post=1505"}],"version-history":[{"count":11,"href":"https:\/\/douleur.nc\/en\/wp-json\/wp\/v2\/pages\/1505\/revisions"}],"predecessor-version":[{"id":2033,"href":"https:\/\/douleur.nc\/en\/wp-json\/wp\/v2\/pages\/1505\/revisions\/2033"}],"up":[{"embeddable":true,"href":"https:\/\/douleur.nc\/en\/wp-json\/wp\/v2\/pages\/2007"}],"wp:attachment":[{"href":"https:\/\/douleur.nc\/en\/wp-json\/wp\/v2\/media?parent=1505"}],"curies":[{"name":"wp","href":"https:\/\/api.w.org\/{rel}","templated":true}]}}