{"id":951,"date":"2019-05-16T19:20:36","date_gmt":"2019-05-16T08:20:36","guid":{"rendered":"http:\/\/douleur.nc\/?page_id=951"},"modified":"2021-01-20T19:21:59","modified_gmt":"2021-01-20T08:21:59","slug":"vous-etes-un-patient","status":"publish","type":"page","link":"http:\/\/douleur.nc\/en\/espace-patients\/vous-etes-un-patient\/","title":{"rendered":"Prendre un RDV"},"content":{"rendered":"<div class=\"wp-block-image\"><figure class=\"alignleft is-resized\"><img decoding=\"async\" src=\"http:\/\/douleur.nc\/wp-content\/uploads\/2019\/02\/Douleur-logo.png\" alt=\"\" class=\"wp-image-658\" width=\"209\" height=\"143\"\/><\/figure><\/div>\n\n\n\n<p style=\"text-align:left\">Si vous d\u00e9sirez prendre rendez-vous pour une consultation douleur au CHT, parlez en  \u00e0 votre m\u00e9decin traitant, ou votre professionnel de sant\u00e9. Il adressera votre dossier et vos coordonn\u00e9es au centre d&rsquo;\u00e9valuation et de traitement de la douleur du CHT.<\/p>\n\n\n\n<div class=\"wp-block-image\"><figure class=\"alignleft is-resized\"><img decoding=\"async\" src=\"http:\/\/douleur.nc\/wp-content\/uploads\/2019\/05\/Capture-d\u2019\u00e9cran-2019-05-19-\u00e0-08.36.35.png\" alt=\"\" class=\"wp-image-1112\" width=\"167\" height=\"111\"\/><\/figure><\/div>\n\n\n\n<p style=\"text-align:left\">Le secr\u00e9tariat du centre de la douleur du CHT vous contactera alors dans les plus brefs d\u00e9lais.<\/p>\n\n\n\n<p>Merci<\/p>","protected":false},"excerpt":{"rendered":"<p>Si vous d\u00e9sirez prendre rendez-vous pour une consultation douleur au CHT, parlez en \u00e0 votre m\u00e9decin traitant, ou votre professionnel de sant\u00e9. Il adressera votre dossier et vos coordonn\u00e9es au centre d&rsquo;\u00e9valuation et de traitement de la douleur du CHT. &hellip; <a href=\"http:\/\/douleur.nc\/en\/espace-patients\/vous-etes-un-patient\/\">Continue reading <span class=\"meta-nav\">&rarr;<\/span><\/a><\/p>","protected":false},"author":2,"featured_media":0,"parent":1990,"menu_order":3,"comment_status":"closed","ping_status":"closed","template":"","meta":{"footnotes":""},"class_list":["post-951","page","type-page","status-publish","hentry"],"_links":{"self":[{"href":"http:\/\/douleur.nc\/en\/wp-json\/wp\/v2\/pages\/951","targetHints":{"allow":["GET"]}}],"collection":[{"href":"http:\/\/douleur.nc\/en\/wp-json\/wp\/v2\/pages"}],"about":[{"href":"http:\/\/douleur.nc\/en\/wp-json\/wp\/v2\/types\/page"}],"author":[{"embeddable":true,"href":"http:\/\/douleur.nc\/en\/wp-json\/wp\/v2\/users\/2"}],"replies":[{"embeddable":true,"href":"http:\/\/douleur.nc\/en\/wp-json\/wp\/v2\/comments?post=951"}],"version-history":[{"count":21,"href":"http:\/\/douleur.nc\/en\/wp-json\/wp\/v2\/pages\/951\/revisions"}],"predecessor-version":[{"id":2020,"href":"http:\/\/douleur.nc\/en\/wp-json\/wp\/v2\/pages\/951\/revisions\/2020"}],"up":[{"embeddable":true,"href":"http:\/\/douleur.nc\/en\/wp-json\/wp\/v2\/pages\/1990"}],"wp:attachment":[{"href":"http:\/\/douleur.nc\/en\/wp-json\/wp\/v2\/media?parent=951"}],"curies":[{"name":"wp","href":"https:\/\/api.w.org\/{rel}","templated":true}]}}