{"id":878,"date":"2019-04-27T17:33:54","date_gmt":"2019-04-27T06:33:54","guid":{"rendered":"http:\/\/douleur.nc\/?page_id=878"},"modified":"2024-02-06T21:48:41","modified_gmt":"2024-02-06T10:48:41","slug":"adhesion","status":"publish","type":"page","link":"http:\/\/douleur.nc\/en\/contact1\/adhesion\/","title":{"rendered":"Adh\u00e9sion \u00e0 l&rsquo;association"},"content":{"rendered":"<div class=\"wp-block-image\">\n<figure class=\"alignleft is-resized\"><img fetchpriority=\"high\" decoding=\"async\" width=\"617\" height=\"422\" src=\"http:\/\/douleur.nc\/wp-content\/uploads\/2019\/02\/Douleur-logo.png\" alt=\"\" class=\"wp-image-658\" style=\"width:223px;height:152px\"\/><\/figure>\n<\/div>\n\n\n<p><\/p>\n\n\n\n<p><strong>Rejoignez Notre Association: Adh\u00e9sion en Ligne Facile<\/strong><\/p>\n\n\n\n<p>Devenir membre de notre association est un pas vers l&rsquo;engagement dans notre cause et l&rsquo;acc\u00e8s \u00e0 un groupe dynamique et enrichissant. <\/p>\n\n\n\n<h3 class=\"wp-block-heading\"><strong><a href=\"https:\/\/tickets.nc\/douleur-nc-association\/\">Visitez Notre Page d&rsquo;Adh\u00e9sion<\/a><\/strong><\/h3>\n\n\n\n<p>Merci et \u00e0 bient\u00f4t<\/p>","protected":false},"excerpt":{"rendered":"<p>Rejoignez Notre Association: Adh\u00e9sion en Ligne Facile Devenir membre de notre association est un pas vers l&rsquo;engagement dans notre cause et l&rsquo;acc\u00e8s \u00e0 un groupe dynamique et enrichissant. Visitez Notre Page d&rsquo;Adh\u00e9sion Merci et \u00e0 bient\u00f4t<\/p>","protected":false},"author":2,"featured_media":0,"parent":947,"menu_order":2,"comment_status":"closed","ping_status":"closed","template":"","meta":{"footnotes":""},"class_list":["post-878","page","type-page","status-publish","hentry"],"_links":{"self":[{"href":"http:\/\/douleur.nc\/en\/wp-json\/wp\/v2\/pages\/878","targetHints":{"allow":["GET"]}}],"collection":[{"href":"http:\/\/douleur.nc\/en\/wp-json\/wp\/v2\/pages"}],"about":[{"href":"http:\/\/douleur.nc\/en\/wp-json\/wp\/v2\/types\/page"}],"author":[{"embeddable":true,"href":"http:\/\/douleur.nc\/en\/wp-json\/wp\/v2\/users\/2"}],"replies":[{"embeddable":true,"href":"http:\/\/douleur.nc\/en\/wp-json\/wp\/v2\/comments?post=878"}],"version-history":[{"count":37,"href":"http:\/\/douleur.nc\/en\/wp-json\/wp\/v2\/pages\/878\/revisions"}],"predecessor-version":[{"id":2895,"href":"http:\/\/douleur.nc\/en\/wp-json\/wp\/v2\/pages\/878\/revisions\/2895"}],"up":[{"embeddable":true,"href":"http:\/\/douleur.nc\/en\/wp-json\/wp\/v2\/pages\/947"}],"wp:attachment":[{"href":"http:\/\/douleur.nc\/en\/wp-json\/wp\/v2\/media?parent=878"}],"curies":[{"name":"wp","href":"https:\/\/api.w.org\/{rel}","templated":true}]}}