{"id":858,"date":"2019-04-27T17:09:27","date_gmt":"2019-04-27T06:09:27","guid":{"rendered":"http:\/\/douleur.nc\/?page_id=858"},"modified":"2023-07-05T19:43:38","modified_gmt":"2023-07-05T08:43:38","slug":"contact","status":"publish","type":"page","link":"http:\/\/douleur.nc\/en\/contact\/","title":{"rendered":"Contact"},"content":{"rendered":"<div class=\"wp-block-image\">\n<figure class=\"alignleft is-resized\"><img decoding=\"async\" src=\"http:\/\/douleur.nc\/wp-content\/uploads\/2019\/02\/Douleur-logo.png\" alt=\"\" class=\"wp-image-658\" width=\"235\" height=\"160\"\/><\/figure>\n<\/div>\n\n\n<ul class=\"wp-block-list\">\n<li><strong><a href=\"https:\/\/www.facebook.com\/douleurnc\/?ref=page_internal\">Facebook<\/a><\/strong><\/li>\n\n\n\n<li><strong>E-mail<\/strong> : <em>douleurnc@gmail.com<\/em><\/li>\n\n\n\n<li><strong>BP<\/strong> : 4664 98847 NOUMEA Cedex<\/li>\n<\/ul>\n\n\n\n<ul class=\"wp-block-list\">\n<li><strong>Si\u00e8ge&nbsp;social<\/strong> :<strong> <\/strong>ASS NC 16 rue du G\u00e9n\u00e9ral Galli\u00e9ni, pour les soir\u00e9es (Ne pas envoyer de courrier, Merci)<\/li>\n\n\n\n<li>Code porte le soir : <strong>A2566<\/strong><\/li>\n<\/ul>\n\n\n<p><iframe style=\"border: 0;\" src=\"https:\/\/www.google.com\/maps\/embed?pb=!1m18!1m12!1m3!1d3692.2064456828225!2d166.43657195150666!3d-22.27016828526719!2m3!1f0!2f0!3f0!3m2!1i1024!2i768!4f13.1!3m3!1m2!1s0x6c27e292262aee6b%3A0x1aead3fbb8d5139f!2s16+Rue+du+G%C3%A9n%C3%A9ral+Gallieni%2C+Noum%C3%A9a%2C+Nouvelle-Cal%C3%A9donie!5e0!3m2!1sfr!2s!4v1557994202758!5m2!1sfr!2s\" width=\"600\" height=\"450\" frameborder=\"0\" allowfullscreen=\"allowfullscreen\"><\/iframe><\/p>","protected":false},"excerpt":{"rendered":"","protected":false},"author":2,"featured_media":0,"parent":0,"menu_order":50,"comment_status":"closed","ping_status":"closed","template":"","meta":{"footnotes":""},"class_list":["post-858","page","type-page","status-publish","hentry"],"_links":{"self":[{"href":"http:\/\/douleur.nc\/en\/wp-json\/wp\/v2\/pages\/858","targetHints":{"allow":["GET"]}}],"collection":[{"href":"http:\/\/douleur.nc\/en\/wp-json\/wp\/v2\/pages"}],"about":[{"href":"http:\/\/douleur.nc\/en\/wp-json\/wp\/v2\/types\/page"}],"author":[{"embeddable":true,"href":"http:\/\/douleur.nc\/en\/wp-json\/wp\/v2\/users\/2"}],"replies":[{"embeddable":true,"href":"http:\/\/douleur.nc\/en\/wp-json\/wp\/v2\/comments?post=858"}],"version-history":[{"count":47,"href":"http:\/\/douleur.nc\/en\/wp-json\/wp\/v2\/pages\/858\/revisions"}],"predecessor-version":[{"id":2863,"href":"http:\/\/douleur.nc\/en\/wp-json\/wp\/v2\/pages\/858\/revisions\/2863"}],"wp:attachment":[{"href":"http:\/\/douleur.nc\/en\/wp-json\/wp\/v2\/media?parent=858"}],"curies":[{"name":"wp","href":"https:\/\/api.w.org\/{rel}","templated":true}]}}