{"id":855,"date":"2019-04-27T17:07:56","date_gmt":"2019-04-27T06:07:56","guid":{"rendered":"http:\/\/douleur.nc\/?page_id=855"},"modified":"2020-04-29T07:18:46","modified_gmt":"2020-04-28T20:18:46","slug":"bibliographie-2","status":"publish","type":"page","link":"http:\/\/douleur.nc\/en\/biblio\/bibliographie-2\/","title":{"rendered":"Bibliographie 2019"},"content":{"rendered":"<div class=\"wp-block-image\"><figure class=\"alignleft is-resized\"><img decoding=\"async\" src=\"http:\/\/douleur.nc\/wp-content\/uploads\/2019\/02\/Douleur-logo.png\" alt=\"\" class=\"wp-image-658\" width=\"207\" height=\"141\"\/><\/figure><\/div>\n\n\n\n<p><strong><em>Tri\u00e9e par ordre d&rsquo;arriv\u00e9e, la plus r\u00e9cente en bas. <\/em><\/strong><\/p>\n\n\n\n<p><a href=\"http:\/\/www.sfetd-douleur.org\/sites\/default\/files\/u3\/docs\/main.pdf\"><strong>Les douleurs neuropathiques&nbsp;chroniques<\/strong>:&nbsp;SFETD<\/a><\/p>\n\n\n\n<p><a href=\"http:\/\/www.omedit-centre.fr\/portail\/gallery_files\/site\/136\/2953\/5062\/5185.pdf\"><strong>Le traitement des douleurs neuropathiques; fiche de bon usage<\/strong>: OMeDIT<\/a><\/p>\n\n\n\n<p><a href=\"http:\/\/publications.msss.gouv.qc.ca\/msss\/document-001058\/\"><b>Algorithme de la prise en charge de la douleur neuropathique:<\/b>&nbsp;S&nbsp;S&nbsp;Quebec<\/a><\/p>\n\n\n\n<p><a href=\"http:\/\/www.frequencemedicale.com\/index.php?op=Formation&amp;type=Jeudis-de-la-Formation&amp;action=index&amp;emissionID=2202&amp;fmnl=dd28e50635038e9cf3a648c2dd17ad0a&amp;ReverseCode=gGVLZ3TRA8Y0uUJKxBqbxQ%3D%3D\"><strong>Le thermalisme en question:<\/strong>&nbsp;Vid\u00e9o,&nbsp;Dr&nbsp;Lemoine&nbsp;JF<\/a><\/p>\n\n\n\n<p><a href=\"https:\/\/www.univadis.fr\/viewarticle\/de-premiers-resultats-positifs-pour-la-stimulation-magnetique-transcranienne-dans-les-douleurs-pelviennes-refractaires-liees-a-l-endometriose-669505?utm_source=triggered%20emails&amp;utm_medium=email&amp;utm_campaign=send%20to%20a%20colleague&amp;utm_content=3365039&amp;utm_term=send%20to%20a%20colleague\"><strong>Endom\u00e9triose et stimulation magn\u00e9tique transcr\u00e2nienne<\/strong>:&nbsp;Univadis<\/a><\/p>\n\n\n\n<p><a href=\"http:\/\/www.frequencemedicale.com\/index.php?op=Formation&amp;type=Jeudis-de-la-Formation&amp;action=index&amp;emissionID=2203&amp;fmnl=2d969e2cee8cfa07ce7ca0bb13c7a36d&amp;ReverseCode=gGVLZ3TRA8ZLTnPSpJawHQ%3D%3D\"><strong>Cannabis,&nbsp;grippe,&nbsp;baclof\u00e8ne,&nbsp;l\u00e9vothyrox&nbsp;&#8230; :<\/strong>&nbsp;Vid\u00e9o, Dr&nbsp;Lemoine&nbsp;JF<\/a><\/p>\n\n\n\n<div class=\"wp-block-file\"><a href=\"http:\/\/douleur.nc\/wp-content\/uploads\/2019\/05\/La-Douleur-lessentiel-de-lactualit\u00e9.pdf\"><b>Revue de presse,douleur chronique ou aigu\u00eb<\/b>: Sanofi<\/a><a href=\"http:\/\/douleur.nc\/wp-content\/uploads\/2019\/05\/La-Douleur-lessentiel-de-lactualit\u00e9.pdf\" class=\"wp-block-file__button\" download>T\u00e9l\u00e9charger<\/a><\/div>\n\n\n\n<div class=\"wp-block-file\"><a href=\"http:\/\/douleur.nc\/wp-content\/uploads\/2019\/05\/Revue-de-presse.docx\"><b>Consommation d&rsquo;opio\u00efdes en hausse<\/b>: Pr Authier N<\/a><a href=\"http:\/\/douleur.nc\/wp-content\/uploads\/2019\/05\/Revue-de-presse.docx\" class=\"wp-block-file__button\" download>T\u00e9l\u00e9charger<\/a><\/div>\n\n\n<div><a href=\"https:\/\/www.univadis.fr\/viewarticle\/l-ocde-appelle-a-une-surveillance-plus-etroite-des-prescriptions-d-opioides-671982?utm_source=triggered%20emails&amp;utm_medium=email&amp;utm_campaign=send%20to%20a%20colleague&amp;utm_content=3365039&amp;utm_term=send%20to%20a%20colleague\"><strong>L\u2019OCDE appelle \u00e0 une surveillance plus \u00e9troite des opio\u00efdes:<\/strong> Univadis<\/a><\/div>\n<div>&nbsp;<\/div>\n\n\n<div class=\"wp-block-file\"><a href=\"http:\/\/douleur.nc\/wp-content\/uploads\/2019\/05\/Chers-coll\u00e8gues-1.pdf\"><b>Les opiac\u00e9s pour conclure<\/b>: Dr Brun L <\/a><a href=\"http:\/\/douleur.nc\/wp-content\/uploads\/2019\/05\/Chers-coll\u00e8gues-1.pdf\" class=\"wp-block-file__button\" download>T\u00e9l\u00e9charger<\/a><\/div>\n\n\n\n<div class=\"wp-block-file\"><a href=\"http:\/\/douleur.nc\/wp-content\/uploads\/2019\/06\/Bon-usage-des-antalgique-en-ped-nov-2017.pdf\"><b>P\u00e9diatrie:<\/b> Dr Kaguelidou F, Dr Sophie Dugue S<\/a><a href=\"http:\/\/douleur.nc\/wp-content\/uploads\/2019\/06\/Bon-usage-des-antalgique-en-ped-nov-2017.pdf\" class=\"wp-block-file__button\" download>T\u00e9l\u00e9charger<\/a><\/div>\n\n\n\n<p><a href=\"https:\/\/www.rvh-synergie.org\/images\/stories\/pdf\/Ketamine_et_douleur.pdf\"><strong>K\u00e9tamine et douleur:<\/strong>&nbsp;&nbsp;Dr Pouymayo J, Dr &nbsp;Piano V&nbsp;<\/a><\/p>\n\n\n\n<p><a href=\"https:\/\/www.rvh-synergie.org\/images\/stories\/pdf\/opioides_et_risques_addictifs_France.pdf\"><strong>Opio\u00efdes et risques addictifs:&nbsp;<\/strong>Dr Robinet S, Dr Serrie A, Dr Nolwenn&nbsp;<\/a><\/p>\n\n\n\n<p><a href=\"http:\/\/www.leparisien.fr\/societe\/sante\/lutte-contre-la-douleur-arretons-de-dire-aux-patients-c-est-dans-votre-tete-15-10-2018-7918992.php\"> <strong>\u201cArr\u00eatons de leur dire, c&rsquo;est dans votre t\u00eate\u201c:<\/strong> Pr Perrot&nbsp;S<\/a><\/p>\n\n\n\n<p><a href=\"http:\/\/www.leparisien.fr\/societe\/sante\/journee-de-lutte-contre-la-douleur-non-les-maladies-imaginaires-ca-n-existe-pas-15-10-2018-7918989.php\"><strong>Journ\u00e9e de lutte contre la douleur<\/strong>: Leparisien<\/a><\/p>\n\n\n\n<div class=\"wp-block-file\"><a href=\"http:\/\/douleur.nc\/wp-content\/uploads\/2019\/06\/fm_lombalgie_v2_2-1.pdf\"><b>Lombalgie fiche m\u00e9mo:<\/b> HAS<\/a><a href=\"http:\/\/douleur.nc\/wp-content\/uploads\/2019\/06\/fm_lombalgie_v2_2-1.pdf\" class=\"wp-block-file__button\" download>T\u00e9l\u00e9charger<\/a><\/div>\n\n\n\n<p><a href=\"https:\/\/www.univadis.fr\/viewarticle\/lombalgie-commune-rassurer-et-prescrire-une-activite-physique-adaptee-665450?utm_source=triggered%20emails&amp;utm_medium=email&amp;utm_campaign=send%20to%20a%20colleague&amp;utm_content=3365039&amp;utm_term=send%20to%20a%20colleague\"><strong>Lombalgie commune:<\/strong> Univadis<\/a><\/p>\n\n\n\n<p><a href=\"https:\/\/pediadol.org\"><strong>La douleur de l&rsquo;enfant:<\/strong>&nbsp;Pediadol<\/a><\/p>\n\n\n\n<p><a href=\"http:\/\/rdp.pr-editions.com\/rdp\/viewmail\/a77f69c7-75db-4084-Ad05-06528ccefb86_7E95_33D1B\"><strong>Actualit\u00e9 sur la douleur aigu\u00eb et chronique:&nbsp;<\/strong>Revue de presse Sanofi<\/a><\/p>\n\n\n\n<p><strong><a href=\"https:\/\/journals.lww.com\/painrpts\/Fulltext\/2017\/03000\/Postoperative_pain_from_mechanisms_to_treatment.1.aspx?WT.mc_id=EMxALLx20100222xxFRIEND\">Postoperative pain\u2014from mechanisms to treatment:<\/a><\/strong><a href=\"https:\/\/journals.lww.com\/painrpts\/Fulltext\/2017\/03000\/Postoperative_pain_from_mechanisms_to_treatment.1.aspx?WT.mc_id=EMxALLx20100222xxFRIEND\"> Pain report<\/a><\/p>\n\n\n\n<p><strong><a href=\"http:\/\/rdp.pr-editions.com\/rdp\/viewmail\/12ebfd60-90ee-412b-Ae8c-84b75575ffe6_7CF1_33D1B\">Actualit\u00e9s<\/a><\/strong><a href=\"http:\/\/rdp.pr-editions.com\/rdp\/viewmail\/12ebfd60-90ee-412b-Ae8c-84b75575ffe6_7CF1_33D1B\"> <strong>sur la douleur<\/strong> <strong>aigu\u00eb et chronique:<\/strong>  Revues de presse Sanofi<\/a><\/p>\n\n\n\n<p><a href=\"https:\/\/www.univadis.fr\/viewarticle\/activite-physique-mixte-pour-la-fibromyalgie-une-revue-cochrane-676933?utm_source=triggered%20emails&amp;utm_medium=email&amp;utm_campaign=send%20to%20a%20colleague&amp;utm_content=3365039&amp;utm_term=send%20to%20a%20colleague\"><strong>Activit\u00e9 physique mixte pour la fibromyalgie:<\/strong> Une revue Cochrane<\/a><\/p>\n\n\n\n<p><strong><a href=\"https:\/\/www.univadis.fr\/viewarticle\/fibromyalgie-en-france-resultats-de-la-premiere-enquete-d-evaluation-658500?utm_source=triggered%20emails&amp;utm_medium=email&amp;utm_campaign=send%20to%20a%20colleague&amp;utm_content=3365039&amp;utm_term=send%20to%20a%20colleague\">Fibromyalgie en France: <\/a><\/strong><a href=\"https:\/\/www.univadis.fr\/viewarticle\/fibromyalgie-en-france-resultats-de-la-premiere-enquete-d-evaluation-658500?utm_source=triggered%20emails&amp;utm_medium=email&amp;utm_campaign=send%20to%20a%20colleague&amp;utm_content=3365039&amp;utm_term=send%20to%20a%20colleague\">R\u00e9sultats de la premi\u00e8re enqu\u00eate d&rsquo;\u00e9valuation<\/a><\/p>\n\n\n\n<p><strong><a href=\"https:\/\/www.ansm.sante.fr\/S-informer\/Points-d-information-Points-d-information\/Cannabis-a-visee-therapeutique-en-France-L-ANSM-publie-la-proposition-du-Comite-d-experts-sur-le-cadre-de-la-phase-experimentale-de-mise-a-disposition-Point-d-Information\">Le Cannabis \u00e0 vis\u00e9e th\u00e9rapeutique en France : <\/a><\/strong><a href=\"https:\/\/www.ansm.sante.fr\/S-informer\/Points-d-information-Points-d-information\/Cannabis-a-visee-therapeutique-en-France-L-ANSM-publie-la-proposition-du-Comite-d-experts-sur-le-cadre-de-la-phase-experimentale-de-mise-a-disposition-Point-d-Information\">Revue de l&rsquo;ANSM<\/a><\/p>\n\n\n\n<p><strong><a href=\"http:\/\/www.leparisien.fr\/societe\/sante\/paracetamol-l-ansm-alerte-sur-les-risques-de-surdosage-09-07-2019-8112603.php\">\u00ab\u00a0Parac\u00e9tamol : l&rsquo;Agence du m\u00e9dicament alerte sur les risques de surdosage\u00a0\u00bb<\/a><\/strong><\/p>\n\n\n\n<div class=\"wp-block-file\"><a href=\"blob:http:\/\/douleur.nc\/ce07eddd-1a66-4a49-b611-dbe341fdd485\"><strong>Opio\u00efdes<\/strong><\/a><a href=\"blob:http:\/\/douleur.nc\/ce07eddd-1a66-4a49-b611-dbe341fdd485\" class=\"wp-block-file__button\" download>T\u00e9l\u00e9charger<\/a><\/div>\n\n\n\n<p><strong><a href=\"http:\/\/rdp.pr-editions.com\/rdp\/viewmail\/03afa795-b39c-4f0a-Ac26-f5eec6240e7b_7E09_33D1B\">La douleur chronique<\/a><\/strong><a href=\"http:\/\/rdp.pr-editions.com\/rdp\/viewmail\/03afa795-b39c-4f0a-Ac26-f5eec6240e7b_7E09_33D1B\">: SANOF<\/a><\/p>\n\n\n\n<p><strong><a href=\"https:\/\/www.mediscoop.net\/index.php?pageID=miroir_12175&amp;nuid=medi_2_123&amp;midn=12175\">L&rsquo;Empathie et douleur<\/a><\/strong><\/p>\n\n\n\n<p><strong><a href=\"https:\/\/www.matthieuricard.org\/blog\/posts\/empathie-altruisme-et-compassion-1\">L&#8217;empathie<\/a><\/strong><\/p>\n\n\n\n<p><strong><a href=\"https:\/\/www.matthieuricard.org\/blog\/posts\/empathie-altruisme-et-compassion-2\">L&rsquo;altruisme et la compassion<\/a><\/strong><\/p>\n\n\n\n<p><a href=\"https:\/\/www.matthieuricard.org\/blog\/posts\/remedier-a-la-fatigue-de-l-empathie-1\"><strong>Comment rem\u00e9dier \u00e0 la fatigue de l&#8217;empathie<\/strong><\/a><\/p>\n\n\n\n<div class=\"wp-block-file\"><a href=\"blob:http:\/\/douleur.nc\/f0f2ee84-0406-4498-85c0-35ff13e2d99b\"><strong>Hypnose<\/strong><\/a><a href=\"blob:http:\/\/douleur.nc\/f0f2ee84-0406-4498-85c0-35ff13e2d99b\" class=\"wp-block-file__button\" download>T\u00e9l\u00e9charger<\/a><\/div>\n\n\n\n<p><a href=\"https:\/\/www.univadis.fr\/viewarticle\/la-musique-peut-elle-remplacer-les-anxiolytiques-avant-anesthesie-par-blocs-nerveux-peripheriques-687072?utm_source=triggered%20emails&amp;utm_medium=email&amp;utm_campaign=share%20to%20a%20colleague&amp;utm_content=3522483&amp;utm_term=automated\"><strong>Musicoth\u00e9rapie<\/strong><\/a><\/p>\n\n\n\n<p><strong><a href=\"https:\/\/www.mediscoop.net\/index.php?pageID=47886d017ab4941a1cca97d82543f15a&amp;site_origine=newsletter_mediscoop&amp;nuid=0b6153c1ce1d3a9996bc0ab70254803d&amp;midn=12240&amp;from=newsletter\">Tramadol attention \u00e0 la d\u00e9pendance<\/a><\/strong><\/p>\n\n\n\n<p><strong><a href=\"https:\/\/francais.medscape.com\/voirarticle\/3604795?nlid=132998_2401&amp;src=WNL_mdplsnews_191225_MSCPEDIT_FR&amp;uac=356444EY&amp;faf=1\">Douleurs chroniques : des alternatives \u00e0 l&rsquo;escalade th\u00e9rapeutique<\/a><\/strong><\/p>","protected":false},"excerpt":{"rendered":"<p>Tri\u00e9e par ordre d&rsquo;arriv\u00e9e, la plus r\u00e9cente en bas. Les douleurs neuropathiques&nbsp;chroniques:&nbsp;SFETD Le traitement des douleurs neuropathiques; fiche de bon usage: OMeDIT Algorithme de la prise en charge de la douleur neuropathique:&nbsp;S&nbsp;S&nbsp;Quebec Le thermalisme en question:&nbsp;Vid\u00e9o,&nbsp;Dr&nbsp;Lemoine&nbsp;JF Endom\u00e9triose et stimulation magn\u00e9tique &hellip; <a href=\"http:\/\/douleur.nc\/en\/biblio\/bibliographie-2\/\">Continue reading <span class=\"meta-nav\">&rarr;<\/span><\/a><\/p>","protected":false},"author":2,"featured_media":0,"parent":1198,"menu_order":2,"comment_status":"closed","ping_status":"closed","template":"","meta":{"footnotes":""},"class_list":["post-855","page","type-page","status-publish","hentry"],"_links":{"self":[{"href":"http:\/\/douleur.nc\/en\/wp-json\/wp\/v2\/pages\/855","targetHints":{"allow":["GET"]}}],"collection":[{"href":"http:\/\/douleur.nc\/en\/wp-json\/wp\/v2\/pages"}],"about":[{"href":"http:\/\/douleur.nc\/en\/wp-json\/wp\/v2\/types\/page"}],"author":[{"embeddable":true,"href":"http:\/\/douleur.nc\/en\/wp-json\/wp\/v2\/users\/2"}],"replies":[{"embeddable":true,"href":"http:\/\/douleur.nc\/en\/wp-json\/wp\/v2\/comments?post=855"}],"version-history":[{"count":177,"href":"http:\/\/douleur.nc\/en\/wp-json\/wp\/v2\/pages\/855\/revisions"}],"predecessor-version":[{"id":1779,"href":"http:\/\/douleur.nc\/en\/wp-json\/wp\/v2\/pages\/855\/revisions\/1779"}],"up":[{"embeddable":true,"href":"http:\/\/douleur.nc\/en\/wp-json\/wp\/v2\/pages\/1198"}],"wp:attachment":[{"href":"http:\/\/douleur.nc\/en\/wp-json\/wp\/v2\/media?parent=855"}],"curies":[{"name":"wp","href":"https:\/\/api.w.org\/{rel}","templated":true}]}}