{"id":667,"date":"2019-02-19T14:13:30","date_gmt":"2019-02-19T03:13:30","guid":{"rendered":"http:\/\/douleur.nc\/?page_id=667"},"modified":"2023-07-05T19:40:34","modified_gmt":"2023-07-05T08:40:34","slug":"evenements","status":"publish","type":"page","link":"http:\/\/douleur.nc\/en\/evenements\/","title":{"rendered":"Soir\u00e9es"},"content":{"rendered":"<div class=\"wp-block-image\">\n<figure class=\"alignleft is-resized\"><img decoding=\"async\" src=\"http:\/\/douleur.nc\/wp-content\/uploads\/2019\/02\/Douleur-logo.png\" alt=\"\" class=\"wp-image-658\" width=\"210\" height=\"143\"\/><\/figure>\n<\/div>\n\n\n<p>Voir le menu d\u00e9roulant pour d\u00e9couvrir les soir\u00e9es douleur pass\u00e9es et \u00e0 venir<\/p>\n\n\n\n<p>Merci<\/p>\n\n\n\n<p><br><\/p>","protected":false},"excerpt":{"rendered":"<p>Voir le menu d\u00e9roulant pour d\u00e9couvrir les soir\u00e9es douleur pass\u00e9es et \u00e0 venir Merci<\/p>","protected":false},"author":2,"featured_media":0,"parent":0,"menu_order":15,"comment_status":"closed","ping_status":"closed","template":"","meta":{"footnotes":""},"class_list":["post-667","page","type-page","status-publish","hentry"],"_links":{"self":[{"href":"http:\/\/douleur.nc\/en\/wp-json\/wp\/v2\/pages\/667","targetHints":{"allow":["GET"]}}],"collection":[{"href":"http:\/\/douleur.nc\/en\/wp-json\/wp\/v2\/pages"}],"about":[{"href":"http:\/\/douleur.nc\/en\/wp-json\/wp\/v2\/types\/page"}],"author":[{"embeddable":true,"href":"http:\/\/douleur.nc\/en\/wp-json\/wp\/v2\/users\/2"}],"replies":[{"embeddable":true,"href":"http:\/\/douleur.nc\/en\/wp-json\/wp\/v2\/comments?post=667"}],"version-history":[{"count":22,"href":"http:\/\/douleur.nc\/en\/wp-json\/wp\/v2\/pages\/667\/revisions"}],"predecessor-version":[{"id":2861,"href":"http:\/\/douleur.nc\/en\/wp-json\/wp\/v2\/pages\/667\/revisions\/2861"}],"wp:attachment":[{"href":"http:\/\/douleur.nc\/en\/wp-json\/wp\/v2\/media?parent=667"}],"curies":[{"name":"wp","href":"https:\/\/api.w.org\/{rel}","templated":true}]}}