{"id":2868,"date":"2023-07-05T19:46:35","date_gmt":"2023-07-05T08:46:35","guid":{"rendered":"http:\/\/douleur.nc\/?page_id=2868"},"modified":"2024-03-07T06:35:28","modified_gmt":"2024-03-06T19:35:28","slug":"le-forum-2024","status":"publish","type":"page","link":"http:\/\/douleur.nc\/en\/les-forums-douleur\/le-forum-2024\/","title":{"rendered":"Le 2\u00e8me forum (2024)"},"content":{"rendered":"<p><strong>Annulation du Forum de la Douleur 2024<\/strong><\/p>\n\n\n\n<p>Chers participants, intervenants et partenaires,<\/p>\n\n\n\n<p>C&rsquo;est avec un profond regret que nous vous annon\u00e7ons l&rsquo;annulation du Forum de la Douleur 2024, initialement pr\u00e9vu pour avril. Cette d\u00e9cision difficile a \u00e9t\u00e9 prise en raison d&rsquo;un manque de subventions, exacerb\u00e9 par la conjoncture \u00e9conomique actuelle, qui nous emp\u00eache de maintenir l&rsquo;\u00e9v\u00e9nement cette ann\u00e9e.<\/p>\n\n\n\n<p>Nous sommes pleinement conscients de l&rsquo;importance de cet espace d&rsquo;\u00e9change et de discussion autour des avanc\u00e9es et des d\u00e9fis dans le domaine de la gestion de la douleur. Soyez assur\u00e9s que notre engagement envers la communaut\u00e9 et notre volont\u00e9 de fournir un forum de haute qualit\u00e9, \u00e0 l&rsquo;image de nos \u00e9ditions pr\u00e9c\u00e9dentes, restent intacts.<\/p>\n\n\n\n<p>Nous tenons \u00e0 exprimer notre gratitude envers toutes les personnes et les institutions qui ont investi temps et ressources dans la pr\u00e9paration de cet \u00e9v\u00e9nement. Votre soutien et votre passion sont des piliers essentiels de notre mission.<\/p>\n\n\n\n<p>Nous travaillons d&rsquo;ores et d\u00e9j\u00e0 \u00e0 la planification de la prochaine \u00e9dition du forum. Nous nous engageons \u00e0 vous tenir inform\u00e9s des avanc\u00e9es et \u00e0 partager avec vous, d\u00e8s que possible, la nouvelle date. Notre objectif reste de cr\u00e9er un espace de dialogue enrichissant, favorisant le partage de connaissances et l&rsquo;avancement dans la prise en charge de la douleur.<\/p>\n\n\n\n<p>Pour toute question ou information suppl\u00e9mentaire, n&rsquo;h\u00e9sitez pas \u00e0 nous contacter. Nous restons \u00e0 votre disposition pour toute aide ou clarification.<\/p>\n\n\n\n<p>Nous vous remercions de votre compr\u00e9hension et de votre soutien continu.<\/p>\n\n\n\n<p>Cordialement,<\/p>\n\n\n\n<p>L&rsquo;association douleurNC<\/p>","protected":false},"excerpt":{"rendered":"<p>Annulation du Forum de la Douleur 2024 Chers participants, intervenants et partenaires, C&rsquo;est avec un profond regret que nous vous annon\u00e7ons l&rsquo;annulation du Forum de la Douleur 2024, initialement pr\u00e9vu pour avril. Cette d\u00e9cision difficile a \u00e9t\u00e9 prise en raison &hellip; <a href=\"http:\/\/douleur.nc\/en\/les-forums-douleur\/le-forum-2024\/\">Continue reading <span class=\"meta-nav\">&rarr;<\/span><\/a><\/p>","protected":false},"author":2,"featured_media":0,"parent":2865,"menu_order":2,"comment_status":"closed","ping_status":"closed","template":"","meta":{"footnotes":""},"class_list":["post-2868","page","type-page","status-publish","hentry"],"_links":{"self":[{"href":"http:\/\/douleur.nc\/en\/wp-json\/wp\/v2\/pages\/2868","targetHints":{"allow":["GET"]}}],"collection":[{"href":"http:\/\/douleur.nc\/en\/wp-json\/wp\/v2\/pages"}],"about":[{"href":"http:\/\/douleur.nc\/en\/wp-json\/wp\/v2\/types\/page"}],"author":[{"embeddable":true,"href":"http:\/\/douleur.nc\/en\/wp-json\/wp\/v2\/users\/2"}],"replies":[{"embeddable":true,"href":"http:\/\/douleur.nc\/en\/wp-json\/wp\/v2\/comments?post=2868"}],"version-history":[{"count":5,"href":"http:\/\/douleur.nc\/en\/wp-json\/wp\/v2\/pages\/2868\/revisions"}],"predecessor-version":[{"id":2899,"href":"http:\/\/douleur.nc\/en\/wp-json\/wp\/v2\/pages\/2868\/revisions\/2899"}],"up":[{"embeddable":true,"href":"http:\/\/douleur.nc\/en\/wp-json\/wp\/v2\/pages\/2865"}],"wp:attachment":[{"href":"http:\/\/douleur.nc\/en\/wp-json\/wp\/v2\/media?parent=2868"}],"curies":[{"name":"wp","href":"https:\/\/api.w.org\/{rel}","templated":true}]}}