{"id":2829,"date":"2023-04-24T19:14:45","date_gmt":"2023-04-24T08:14:45","guid":{"rendered":"http:\/\/douleur.nc\/?page_id=2829"},"modified":"2023-05-12T06:32:31","modified_gmt":"2023-05-11T19:32:31","slug":"la-communication-therapeutique","status":"publish","type":"page","link":"http:\/\/douleur.nc\/en\/evenements\/2018-2\/2023-2\/la-communication-therapeutique\/","title":{"rendered":"Soir\u00e9e communication th\u00e9rapeutique"},"content":{"rendered":"<p>Date : <strong>mercredi 10 mai 2023<\/strong> <strong>\u00e0 19 h 00<\/strong><\/p>\n\n\n\n<p>Lieu : <strong>ASSNC<\/strong>, <strong>16 rue du G\u00e9n\u00e9ral Galli\u00e9ni, Code porte  :<\/strong>&nbsp;<strong>A2566<\/strong><\/p>\n\n\n\n<p class=\"has-text-align-left\">Th\u00e8me<strong> :  communication th\u00e9rapeutique<\/strong> (information) <\/p>\n\n\n\n<p class=\"has-text-align-left\">Intervenant : <strong>&nbsp;Marie HUGON<\/strong> (Sage-femme)<\/p>\n\n\n\n<p>Type : <strong>Soir\u00e9e r\u00e9serv\u00e9e uniquement aux adh\u00e9rents<\/strong> (bien entendu, des bulletins d\u2019adh\u00e9sions seront pr\u00e9sents sur place pour ceux qui souhaiterait se joindre \u00e0 nous).<\/p>\n\n\n\n<figure class=\"wp-block-image size-full is-resized\"><img fetchpriority=\"high\" decoding=\"async\" src=\"http:\/\/douleur.nc\/wp-content\/uploads\/2023\/04\/Unknown.jpeg\" alt=\"\" class=\"wp-image-2830\" width=\"509\" height=\"361\" srcset=\"https:\/\/douleur.nc\/wp-content\/uploads\/2023\/04\/Unknown.jpeg 267w, https:\/\/douleur.nc\/wp-content\/uploads\/2023\/04\/Unknown-18x12.jpeg 18w\" sizes=\"(max-width: 509px) 100vw, 509px\" \/><\/figure>\n\n\n\n<p>La communication est essentielle dans la relation soignant-soign\u00e9. Elle permet de pratiquer une communication qui am\u00e9liore la qualit\u00e9 de la relation. Des techniques relationnelles permettent en effet une meilleure fluidit\u00e9 des pratiques professionnelles et une plus grande confiance des soign\u00e9s.&nbsp;Des outils issus de la pratique de l&rsquo;hypnose \u00e9ricksonienne permettent d&rsquo;optimiser la communication. L&rsquo;enjeu principal est d&rsquo;am\u00e9liorer le bien-\u00eatre du patient par la mise en place d&rsquo;une relation centr\u00e9e sur son ressenti, dans un climat de confiance r\u00e9ciproque.<\/p>\n\n\n\n<p><strong>Marie abordera au cours de cette soir\u00e9e information les th\u00e8mes d\u00e9velopp\u00e9s lors de ses formations <\/strong><\/p>\n\n\n\n<ul class=\"wp-block-list\">\n<li>Les diff\u00e9rents types de communication : verbale, para-verbale, non verbale<\/li>\n\n\n\n<li>Les 3 stades de l&#8217;empathie<\/li>\n\n\n\n<li>Les types de r\u00e9alit\u00e9s et de conscience<\/li>\n\n\n\n<li>Les circuits de la m\u00e9moire et des \u00e9motions dans le cerveau<\/li>\n\n\n\n<li>Les outils de communication: prox\u00e9mie, distorsion, VAKOG&#8230;<\/li>\n\n\n\n<li>La situation la douleur du patient<\/li>\n\n\n\n<li>La liste les mots \u00e0 proscrire<\/li>\n\n\n\n<li>L&rsquo;\u00e9chelle du confort <\/li>\n<\/ul>","protected":false},"excerpt":{"rendered":"<p>Date : mercredi 10 mai 2023 \u00e0 19 h 00 Lieu : ASSNC, 16 rue du G\u00e9n\u00e9ral Galli\u00e9ni, Code porte :&nbsp;A2566 Th\u00e8me : communication th\u00e9rapeutique (information) Intervenant : &nbsp;Marie HUGON (Sage-femme) Type : Soir\u00e9e r\u00e9serv\u00e9e uniquement aux adh\u00e9rents (bien entendu, &hellip; <a href=\"http:\/\/douleur.nc\/en\/evenements\/2018-2\/2023-2\/la-communication-therapeutique\/\">Continue reading <span class=\"meta-nav\">&rarr;<\/span><\/a><\/p>","protected":false},"author":2,"featured_media":0,"parent":2849,"menu_order":10,"comment_status":"closed","ping_status":"closed","template":"","meta":{"footnotes":""},"class_list":["post-2829","page","type-page","status-publish","hentry"],"_links":{"self":[{"href":"http:\/\/douleur.nc\/en\/wp-json\/wp\/v2\/pages\/2829","targetHints":{"allow":["GET"]}}],"collection":[{"href":"http:\/\/douleur.nc\/en\/wp-json\/wp\/v2\/pages"}],"about":[{"href":"http:\/\/douleur.nc\/en\/wp-json\/wp\/v2\/types\/page"}],"author":[{"embeddable":true,"href":"http:\/\/douleur.nc\/en\/wp-json\/wp\/v2\/users\/2"}],"replies":[{"embeddable":true,"href":"http:\/\/douleur.nc\/en\/wp-json\/wp\/v2\/comments?post=2829"}],"version-history":[{"count":10,"href":"http:\/\/douleur.nc\/en\/wp-json\/wp\/v2\/pages\/2829\/revisions"}],"predecessor-version":[{"id":2848,"href":"http:\/\/douleur.nc\/en\/wp-json\/wp\/v2\/pages\/2829\/revisions\/2848"}],"up":[{"embeddable":true,"href":"http:\/\/douleur.nc\/en\/wp-json\/wp\/v2\/pages\/2849"}],"wp:attachment":[{"href":"http:\/\/douleur.nc\/en\/wp-json\/wp\/v2\/media?parent=2829"}],"curies":[{"name":"wp","href":"https:\/\/api.w.org\/{rel}","templated":true}]}}