{"id":2818,"date":"2023-02-22T22:13:45","date_gmt":"2023-02-22T11:13:45","guid":{"rendered":"http:\/\/douleur.nc\/?page_id=2818"},"modified":"2023-07-05T19:48:55","modified_gmt":"2023-07-05T08:48:55","slug":"douleurs-musculosquelettiques-kine-ou-osteo-quoi-prescrire","status":"publish","type":"page","link":"http:\/\/douleur.nc\/en\/evenements\/2018-2\/2023-2\/douleurs-musculosquelettiques-kine-ou-osteo-quoi-prescrire\/","title":{"rendered":"Douleurs musculosquelettiques: kin\u00e9 ou ost\u00e9o, quoi prescrire ?"},"content":{"rendered":"<p>Bonjours \u00e0 toutes et \u00e0 tous,<\/p>\n\n\n\n<p>Dans le cadre des soir\u00e9es organis\u00e9es par l&rsquo;association douleurNC, une nouvelle soir\u00e9e vous est propos\u00e9e, conjointement avec l&rsquo;association m\u00e9dicale de Nouvelle Cal\u00e9donie &nbsp;<\/p>\n\n\n\n<p><strong>le mardi 07 mars au Hilton (salle Nautile) \u00e0 partir de 19H30<\/strong><\/p>\n\n\n\n<p><strong>Douleurs musculosquelettiques: kin\u00e9 ou ost\u00e9o, quoi prescrire ?<\/strong><\/p>\n\n\n\n<figure class=\"wp-block-image size-large\"><img fetchpriority=\"high\" decoding=\"async\" width=\"1024\" height=\"569\" src=\"http:\/\/douleur.nc\/wp-content\/uploads\/2023\/02\/Capture-decran-2023-02-22-a-22.23.39-1024x569.png\" alt=\"\" class=\"wp-image-2822\" srcset=\"https:\/\/douleur.nc\/wp-content\/uploads\/2023\/02\/Capture-decran-2023-02-22-a-22.23.39-1024x569.png 1024w, https:\/\/douleur.nc\/wp-content\/uploads\/2023\/02\/Capture-decran-2023-02-22-a-22.23.39-300x167.png 300w, https:\/\/douleur.nc\/wp-content\/uploads\/2023\/02\/Capture-decran-2023-02-22-a-22.23.39-768x427.png 768w, https:\/\/douleur.nc\/wp-content\/uploads\/2023\/02\/Capture-decran-2023-02-22-a-22.23.39-1536x854.png 1536w, https:\/\/douleur.nc\/wp-content\/uploads\/2023\/02\/Capture-decran-2023-02-22-a-22.23.39-2048x1139.png 2048w, https:\/\/douleur.nc\/wp-content\/uploads\/2023\/02\/Capture-decran-2023-02-22-a-22.23.39-18x10.png 18w\" sizes=\"(max-width: 1024px) 100vw, 1024px\" \/><\/figure>\n\n\n\n<p>Intervenants:&nbsp;<\/p>\n\n\n\n<p>&#8211;<strong>Dr Marie Lepoupet<\/strong>, algologue, chef de service de l&rsquo;Unit\u00e9 d&rsquo;Evaluation et de Traitement de la Douleur du CHT<\/p>\n\n\n\n<p>&#8211;<strong>Michel Boeuf <\/strong>, kin\u00e9sith\u00e8rapeuthe DE, ost\u00e9opathe DO<\/p>\n\n\n\n<p>Un cocktail vous sera offert \u00e0 la suite de l&rsquo;intervention<\/p>\n\n\n\n<p>Nous vous remercions de bien vouloir remplir et signer la feuille de pr\u00e9sence \u00e0 votre arriv\u00e9e.<\/p>\n\n\n\n<p><strong>Une attestation de pr\u00e9sence \u00e0 la soir\u00e9e pourra vous \u00eatre d\u00e9livr\u00e9e par la suite sur demande adress\u00e9e \u00e0&nbsp;<\/strong><a href=\"mailto:amnc687@gmail.com\" target=\"_blank\" class=\"\" rel=\"noreferrer noopener\"><strong>amnc687@gmail.com<\/strong><\/a><strong><\/strong><\/p>\n\n\n\n<p><strong>Votre adh\u00e9sion aupr\u00e8s du tr\u00e9sorier de l\u2019association sera la bienvenue.<\/strong><\/p>\n\n\n\n<p><strong> (Bulletin d\u2019adh\u00e9sion en PJ).<\/strong><\/p>\n\n\n\n<p><strong><em>RAPPELS :&nbsp;&nbsp;<\/em><\/strong><\/p>\n\n\n\n<p>Cette soir\u00e9e sera film\u00e9e.&nbsp;<strong>Retrouvez tous les films des soir\u00e9es sur YouTube sous l\u2019intitul\u00e9&nbsp;<\/strong><strong>\u00ab&nbsp;AMNC988&nbsp;\u00bb.<\/strong><strong>&nbsp;&nbsp;<\/strong><strong><em><\/em><\/strong><\/p>\n\n\n\n<p><a href=\"https:\/\/www.youtube.com\/channel\/UC6A8mHlg7ZXuuVWIH8bGWog\">https:\/\/www.youtube.com\/channel\/UC6A8mHlg7ZXuuVWIH8bGWog<\/a><\/p>\n\n\n\n<p>A bient\u00f4t<\/p>","protected":false},"excerpt":{"rendered":"<p>Bonjours \u00e0 toutes et \u00e0 tous, Dans le cadre des soir\u00e9es organis\u00e9es par l&rsquo;association douleurNC, une nouvelle soir\u00e9e vous est propos\u00e9e, conjointement avec l&rsquo;association m\u00e9dicale de Nouvelle Cal\u00e9donie &nbsp; le mardi 07 mars au Hilton (salle Nautile) \u00e0 partir de &hellip; <a href=\"http:\/\/douleur.nc\/en\/evenements\/2018-2\/2023-2\/douleurs-musculosquelettiques-kine-ou-osteo-quoi-prescrire\/\">Continue reading <span class=\"meta-nav\">&rarr;<\/span><\/a><\/p>","protected":false},"author":2,"featured_media":0,"parent":2849,"menu_order":5,"comment_status":"closed","ping_status":"closed","template":"","meta":{"footnotes":""},"class_list":["post-2818","page","type-page","status-publish","hentry"],"_links":{"self":[{"href":"http:\/\/douleur.nc\/en\/wp-json\/wp\/v2\/pages\/2818","targetHints":{"allow":["GET"]}}],"collection":[{"href":"http:\/\/douleur.nc\/en\/wp-json\/wp\/v2\/pages"}],"about":[{"href":"http:\/\/douleur.nc\/en\/wp-json\/wp\/v2\/types\/page"}],"author":[{"embeddable":true,"href":"http:\/\/douleur.nc\/en\/wp-json\/wp\/v2\/users\/2"}],"replies":[{"embeddable":true,"href":"http:\/\/douleur.nc\/en\/wp-json\/wp\/v2\/comments?post=2818"}],"version-history":[{"count":5,"href":"http:\/\/douleur.nc\/en\/wp-json\/wp\/v2\/pages\/2818\/revisions"}],"predecessor-version":[{"id":2872,"href":"http:\/\/douleur.nc\/en\/wp-json\/wp\/v2\/pages\/2818\/revisions\/2872"}],"up":[{"embeddable":true,"href":"http:\/\/douleur.nc\/en\/wp-json\/wp\/v2\/pages\/2849"}],"wp:attachment":[{"href":"http:\/\/douleur.nc\/en\/wp-json\/wp\/v2\/media?parent=2818"}],"curies":[{"name":"wp","href":"https:\/\/api.w.org\/{rel}","templated":true}]}}