{"id":2780,"date":"2022-10-30T17:15:02","date_gmt":"2022-10-30T06:15:02","guid":{"rendered":"http:\/\/douleur.nc\/?page_id=2780"},"modified":"2023-05-12T06:29:59","modified_gmt":"2023-05-11T19:29:59","slug":"soiree-endometriose","status":"publish","type":"page","link":"http:\/\/douleur.nc\/en\/evenements\/2018-2\/2022-2\/soiree-endometriose\/","title":{"rendered":"Soir\u00e9e Endom\u00e9triose"},"content":{"rendered":"<p>Chers (\u00e8res) amis (es)<\/p>\n\n\n\n<p>L\u2019Association M\u00e9dicale de Nouvelle-Cal\u00e9donie a le plaisir de vous convier \u00e0 la soir\u00e9e m\u00e9dicale organis\u00e9e en partenariat avec le laboratoire Bayerhealthcare<\/p>\n\n\n\n<p><strong>LE MARDI 8 NOVEMBRE 2022 A PARTIR DE 19H30<\/strong><\/p>\n\n\n\n<p><strong><u>AU HILTON \u2013 SALLE NAUTILE<\/u><\/strong><\/p>\n\n\n\n<p><strong>\u00ab&nbsp;PRISE EN CHARGE DE L\u2019ENDOMETRIOSE&nbsp;\u00bb<\/strong><\/p>\n\n\n\n<p>Mod\u00e9rateur de la soir\u00e9e&nbsp;:&nbsp;Dr Erick CAMUS&nbsp;&nbsp;(Chef de service gyn\u00e9cologie-obst\u00e9trique CHT Gaston Bourret)<\/p>\n\n\n\n<p><strong>1 &#8211;<\/strong> <strong>L\u2019endom\u00e9triose&nbsp;: un probl\u00e8me de sant\u00e9 publique<\/strong>. <strong>Quand y penser&nbsp;? Quoi faire&nbsp;?<\/strong> Dr Olivier&nbsp;GARBIN (PH gyn\u00e9cologie obst\u00e9trique CHT Gaston Bourret)&nbsp;<\/p>\n\n\n\n<p><strong>2 &#8211; Prise en charge de la douleur dans l\u2019endom\u00e9triose<\/strong> Dr Marie LEPOUPET (PH centre anti-douleur CHT Gaston Bourret)<\/p>\n\n\n\n<p><strong>3 &#8211;<\/strong> <strong>Place de la pr\u00e9servation de la fertilit\u00e9 dans l\u2019endom\u00e9triose<\/strong> Dr Clotilde DECHANET (PH de PMA CHT Gaston Bourret)<\/p>\n\n\n\n<p><strong>ATTENTION&nbsp;:<\/strong><\/p>\n\n\n\n<p><strong>Les pr\u00e9sentations d\u00e9buteront au plus tard \u00e0 19h45.<\/strong><\/p>\n\n\n\n<p>Un pot amical cl\u00f4turera la soir\u00e9e.<\/p>\n\n\n\n<p>Nous vous remercions de bien vouloir remplir et signer la feuille de pr\u00e9sence \u00e0 votre arriv\u00e9e.<\/p>\n\n\n\n<p>Une attestation de pr\u00e9sence \u00e0 la soir\u00e9e pourra vous \u00eatre d\u00e9livr\u00e9e par la suite sur demande adress\u00e9e \u00e0&nbsp;<a rel=\"noreferrer noopener\" href=\"mailto:amnc687@gmail.com\" target=\"_blank\">amnc687@gmail.com<\/a><\/p>\n\n\n\n<p>Votre adh\u00e9sion aupr\u00e8s du tr\u00e9sorier de l\u2019association sera la bienvenue. (Bulletin d\u2019adh\u00e9sion en PJ).<\/p>\n\n\n\n<p><em>RAPPELS :&nbsp;&nbsp;<\/em><\/p>\n\n\n\n<p>Cette soir\u00e9e sera film\u00e9e.&nbsp;Retrouvez tous les films des soir\u00e9es sur YouTube sous l\u2019intitul\u00e9&nbsp;\u00ab&nbsp;AMNC988&nbsp;\u00bb.&nbsp;&nbsp;<\/p>\n\n\n\n<p><strong>Retrouvez le lien du film de la soir\u00e9e du 4 octobre 2022<\/strong><\/p>\n\n\n\n<figure class=\"wp-block-embed is-type-video is-provider-youtube wp-block-embed-youtube wp-embed-aspect-16-9 wp-has-aspect-ratio\"><div class=\"wp-block-embed__wrapper\">\n<iframe title=\"\u00ab LES DANGERS DU SOLEIL \u00bb AMNC 041022\" width=\"640\" height=\"360\" src=\"https:\/\/www.youtube.com\/embed\/4k4IK9eGvNE?feature=oembed\" frameborder=\"0\" allow=\"accelerometer; autoplay; clipboard-write; encrypted-media; gyroscope; picture-in-picture; web-share\" referrerpolicy=\"strict-origin-when-cross-origin\" allowfullscreen><\/iframe>\n<\/div><\/figure>\n\n\n\n<p>A bient\u00f4t,&nbsp;<\/p>\n\n\n\n<p>Tr\u00e8s amicalement<\/p>\n\n\n\n<p>Le Bureau de l&rsquo;AMNC<\/p>","protected":false},"excerpt":{"rendered":"<p>Chers (\u00e8res) amis (es) L\u2019Association M\u00e9dicale de Nouvelle-Cal\u00e9donie a le plaisir de vous convier \u00e0 la soir\u00e9e m\u00e9dicale organis\u00e9e en partenariat avec le laboratoire Bayerhealthcare LE MARDI 8 NOVEMBRE 2022 A PARTIR DE 19H30 AU HILTON \u2013 SALLE NAUTILE \u00ab&nbsp;PRISE &hellip; <a href=\"http:\/\/douleur.nc\/en\/evenements\/2018-2\/2022-2\/soiree-endometriose\/\">Continue reading <span class=\"meta-nav\">&rarr;<\/span><\/a><\/p>","protected":false},"author":2,"featured_media":0,"parent":2521,"menu_order":5,"comment_status":"closed","ping_status":"closed","template":"","meta":{"footnotes":""},"class_list":["post-2780","page","type-page","status-publish","hentry"],"_links":{"self":[{"href":"http:\/\/douleur.nc\/en\/wp-json\/wp\/v2\/pages\/2780","targetHints":{"allow":["GET"]}}],"collection":[{"href":"http:\/\/douleur.nc\/en\/wp-json\/wp\/v2\/pages"}],"about":[{"href":"http:\/\/douleur.nc\/en\/wp-json\/wp\/v2\/types\/page"}],"author":[{"embeddable":true,"href":"http:\/\/douleur.nc\/en\/wp-json\/wp\/v2\/users\/2"}],"replies":[{"embeddable":true,"href":"http:\/\/douleur.nc\/en\/wp-json\/wp\/v2\/comments?post=2780"}],"version-history":[{"count":3,"href":"http:\/\/douleur.nc\/en\/wp-json\/wp\/v2\/pages\/2780\/revisions"}],"predecessor-version":[{"id":2851,"href":"http:\/\/douleur.nc\/en\/wp-json\/wp\/v2\/pages\/2780\/revisions\/2851"}],"up":[{"embeddable":true,"href":"http:\/\/douleur.nc\/en\/wp-json\/wp\/v2\/pages\/2521"}],"wp:attachment":[{"href":"http:\/\/douleur.nc\/en\/wp-json\/wp\/v2\/media?parent=2780"}],"curies":[{"name":"wp","href":"https:\/\/api.w.org\/{rel}","templated":true}]}}