{"id":2777,"date":"2022-10-25T13:50:36","date_gmt":"2022-10-25T02:50:36","guid":{"rendered":"http:\/\/douleur.nc\/?page_id=2777"},"modified":"2023-05-12T06:31:06","modified_gmt":"2023-05-11T19:31:06","slug":"renouvellement-du-bureau-le-1er-dec","status":"publish","type":"page","link":"http:\/\/douleur.nc\/en\/evenements\/2018-2\/2022-2\/renouvellement-du-bureau-le-1er-dec\/","title":{"rendered":"Renouvellement du bureau"},"content":{"rendered":"<p>Cher coll\u00e8gue adh\u00e9rent de Douleur NC,<\/p>\n\n\n\n<p>Depuis 2014 notre association de professionnels de sant\u00e9 organise des soir\u00e9es m\u00e9dicales et fait vivre son site internet pour mieux former et informer ses adh\u00e9rents.<\/p>\n\n\n\n<p>Cette ann\u00e9e nous avons pu r\u00e9aliser notre premier forum Cal\u00e9donien et du Pacifique de la douleur et rencontr\u00e9 un vif succ\u00e8s&nbsp;: plus de 350 participants. Nous avons \u00e9galement eu une port\u00e9e r\u00e9gionale dans l\u2019Oc\u00e9anie.<\/p>\n\n\n\n<p>En tant que pr\u00e9sident je suis tr\u00e8s fier de ce que tout le bureau et l\u2019\u00e9quipe du Forum a pu r\u00e9aliser et je remercie chacun de son implication. C\u2019est cette union qui permet d\u2019avoir une association efficace et qui commence \u00e0 \u00eatre connue et reconnue.<\/p>\n\n\n\n<p>Pour ma part je vais quitter la Nouvelle Cal\u00e9donie en cette fin d\u2019ann\u00e9e et vais d\u00e9missionner fin novembre de la pr\u00e9sidence. Il faudra alors \u00e9lire un nouveau pr\u00e9sident et un nouveau bureau. Il faudra aussi poursuivre les projets qui ne manquent pas.<\/p>\n\n\n\n<p><strong>Lors de notre AG le jeudi 1<sup>er<\/sup>&nbsp;d\u00e9cembre <strong>au Hilton<\/strong><\/strong>,<strong> aura lieu cette \u00e9lection <\/strong><\/p>\n\n\n\n<p>En attendant nous faisons appel \u00e0 candidature pour la pr\u00e9sidence ainsi que la participation au bureau. A tr\u00e8s bient\u00f4t et si vous \u00eates int\u00e9ress\u00e9 ou int\u00e9ress\u00e9e alors faites acte de candidature sur le mail de l\u2019association.<\/p>\n\n\n\n<figure class=\"wp-block-table\"><table><tbody><tr><td><\/td><\/tr><tr><td><img decoding=\"async\" width=\"165\" height=\"95\" src=\"https:\/\/ci3.googleusercontent.com\/proxy\/1iZzw7exmVGWY_U_M3cpM1OsJFoLrho_YijWKeoTvOkyWLaCHSdwuvxQyddcLIzHyKtOiEN64w=s0-d-e1-ft#https:\/\/www.cht.nc\/mailimage\/CHT.jpg\" alt=\"src=\"><strong><em>Dr Luc<\/em><\/strong><strong>&nbsp;BRUN<\/strong>Praticien Hospitalier &#8211; Chef de service&nbsp;Unit\u00e9 \u00e9valuation et traitement de la douleurT\u00e9l : 208108 &#8211; Poste : 9847 &#8211; Fax : 209016BP J5 98849 NOUMEA Cedex \u2013 Nouvelle-Cal\u00e9donie (GMT+11)<\/td><td><\/td><\/tr><tr><\/tr><\/tbody><\/table><\/figure>","protected":false},"excerpt":{"rendered":"<p>Cher coll\u00e8gue adh\u00e9rent de Douleur NC, Depuis 2014 notre association de professionnels de sant\u00e9 organise des soir\u00e9es m\u00e9dicales et fait vivre son site internet pour mieux former et informer ses adh\u00e9rents. Cette ann\u00e9e nous avons pu r\u00e9aliser notre premier forum &hellip; <a href=\"http:\/\/douleur.nc\/en\/evenements\/2018-2\/2022-2\/renouvellement-du-bureau-le-1er-dec\/\">Continue reading <span class=\"meta-nav\">&rarr;<\/span><\/a><\/p>","protected":false},"author":2,"featured_media":0,"parent":2521,"menu_order":5,"comment_status":"closed","ping_status":"closed","template":"","meta":{"footnotes":""},"class_list":["post-2777","page","type-page","status-publish","hentry"],"_links":{"self":[{"href":"http:\/\/douleur.nc\/en\/wp-json\/wp\/v2\/pages\/2777","targetHints":{"allow":["GET"]}}],"collection":[{"href":"http:\/\/douleur.nc\/en\/wp-json\/wp\/v2\/pages"}],"about":[{"href":"http:\/\/douleur.nc\/en\/wp-json\/wp\/v2\/types\/page"}],"author":[{"embeddable":true,"href":"http:\/\/douleur.nc\/en\/wp-json\/wp\/v2\/users\/2"}],"replies":[{"embeddable":true,"href":"http:\/\/douleur.nc\/en\/wp-json\/wp\/v2\/comments?post=2777"}],"version-history":[{"count":5,"href":"http:\/\/douleur.nc\/en\/wp-json\/wp\/v2\/pages\/2777\/revisions"}],"predecessor-version":[{"id":2792,"href":"http:\/\/douleur.nc\/en\/wp-json\/wp\/v2\/pages\/2777\/revisions\/2792"}],"up":[{"embeddable":true,"href":"http:\/\/douleur.nc\/en\/wp-json\/wp\/v2\/pages\/2521"}],"wp:attachment":[{"href":"http:\/\/douleur.nc\/en\/wp-json\/wp\/v2\/media?parent=2777"}],"curies":[{"name":"wp","href":"https:\/\/api.w.org\/{rel}","templated":true}]}}