{"id":2717,"date":"2022-09-04T09:34:01","date_gmt":"2022-09-03T22:34:01","guid":{"rendered":"http:\/\/douleur.nc\/?page_id=2717"},"modified":"2023-07-05T19:41:00","modified_gmt":"2023-07-05T08:41:00","slug":"sfetd","status":"publish","type":"page","link":"http:\/\/douleur.nc\/en\/sfetd\/","title":{"rendered":"SFETD"},"content":{"rendered":"<figure class=\"wp-block-image size-full\"><img decoding=\"async\" width=\"207\" height=\"116\" src=\"http:\/\/douleur.nc\/wp-content\/uploads\/2022\/09\/Capture-decran-2022-09-04-a-09.36.04.png\" alt=\"\" class=\"wp-image-2719\" srcset=\"https:\/\/douleur.nc\/wp-content\/uploads\/2022\/09\/Capture-decran-2022-09-04-a-09.36.04.png 207w, https:\/\/douleur.nc\/wp-content\/uploads\/2022\/09\/Capture-decran-2022-09-04-a-09.36.04-18x10.png 18w\" sizes=\"(max-width: 207px) 100vw, 207px\" \/><\/figure>\n\n\n\n<p><a href=\"https:\/\/www.sfetd-douleur.org\">Voir l&rsquo;actualit\u00e9 de la Soci\u00e9t\u00e9 Fran\u00e7aise d&rsquo;Etude et de Traitement de la Douleur (FETD<\/a>)<\/p>","protected":false},"excerpt":{"rendered":"<p>Voir l&rsquo;actualit\u00e9 de la Soci\u00e9t\u00e9 Fran\u00e7aise d&rsquo;Etude et de Traitement de la Douleur (FETD)<\/p>","protected":false},"author":2,"featured_media":0,"parent":0,"menu_order":20,"comment_status":"closed","ping_status":"closed","template":"","meta":{"footnotes":""},"class_list":["post-2717","page","type-page","status-publish","hentry"],"_links":{"self":[{"href":"http:\/\/douleur.nc\/en\/wp-json\/wp\/v2\/pages\/2717","targetHints":{"allow":["GET"]}}],"collection":[{"href":"http:\/\/douleur.nc\/en\/wp-json\/wp\/v2\/pages"}],"about":[{"href":"http:\/\/douleur.nc\/en\/wp-json\/wp\/v2\/types\/page"}],"author":[{"embeddable":true,"href":"http:\/\/douleur.nc\/en\/wp-json\/wp\/v2\/users\/2"}],"replies":[{"embeddable":true,"href":"http:\/\/douleur.nc\/en\/wp-json\/wp\/v2\/comments?post=2717"}],"version-history":[{"count":5,"href":"http:\/\/douleur.nc\/en\/wp-json\/wp\/v2\/pages\/2717\/revisions"}],"predecessor-version":[{"id":2862,"href":"http:\/\/douleur.nc\/en\/wp-json\/wp\/v2\/pages\/2717\/revisions\/2862"}],"wp:attachment":[{"href":"http:\/\/douleur.nc\/en\/wp-json\/wp\/v2\/media?parent=2717"}],"curies":[{"name":"wp","href":"https:\/\/api.w.org\/{rel}","templated":true}]}}