{"id":2591,"date":"2022-04-24T20:18:08","date_gmt":"2022-04-24T09:18:08","guid":{"rendered":"http:\/\/douleur.nc\/?page_id=2591"},"modified":"2022-10-25T13:48:34","modified_gmt":"2022-10-25T02:48:34","slug":"douleur-chez-la-femme-octobre-2022","status":"publish","type":"page","link":"http:\/\/douleur.nc\/en\/evenements\/2018-2\/2022-2\/douleur-chez-la-femme-octobre-2022\/","title":{"rendered":"Soir\u00e9e kin\u00e9sith\u00e9rapeute"},"content":{"rendered":"<p class=\"has-text-align-center\"><strong>Le  vendredi 21 octobre 2022 \u00e0 19h 30 au RAMADA <\/strong><\/p>\n\n\n<div class=\"wp-block-image\">\n<figure class=\"alignleft size-full is-resized\"><img decoding=\"async\" src=\"http:\/\/douleur.nc\/wp-content\/uploads\/2022\/09\/nouvelle_caledonie_noumea_hotel_ramada_plaza_1.jpg\" alt=\"\" class=\"wp-image-2747\" width=\"122\" height=\"184\" srcset=\"https:\/\/douleur.nc\/wp-content\/uploads\/2022\/09\/nouvelle_caledonie_noumea_hotel_ramada_plaza_1.jpg 312w, https:\/\/douleur.nc\/wp-content\/uploads\/2022\/09\/nouvelle_caledonie_noumea_hotel_ramada_plaza_1-200x300.jpg 200w, https:\/\/douleur.nc\/wp-content\/uploads\/2022\/09\/nouvelle_caledonie_noumea_hotel_ramada_plaza_1-8x12.jpg 8w\" sizes=\"(max-width: 122px) 100vw, 122px\" \/><\/figure>\n<\/div>\n\n<div class=\"wp-block-image\">\n<figure class=\"alignright size-full is-resized\"><img decoding=\"async\" src=\"http:\/\/douleur.nc\/wp-content\/uploads\/2022\/09\/Capture-decran-2022-09-26-a-14.18.57.png\" alt=\"\" class=\"wp-image-2741\" width=\"173\" height=\"161\" srcset=\"https:\/\/douleur.nc\/wp-content\/uploads\/2022\/09\/Capture-decran-2022-09-26-a-14.18.57.png 148w, https:\/\/douleur.nc\/wp-content\/uploads\/2022\/09\/Capture-decran-2022-09-26-a-14.18.57-13x12.png 13w\" sizes=\"(max-width: 173px) 100vw, 173px\" \/><\/figure>\n<\/div>\n\n\n<figure class=\"wp-block-image size-full is-resized\"><img decoding=\"async\" src=\"http:\/\/douleur.nc\/wp-content\/uploads\/2022\/09\/Capture-decran-2022-09-26-a-14.35.40.png\" alt=\"\" class=\"wp-image-2744\" width=\"265\" height=\"108\" srcset=\"https:\/\/douleur.nc\/wp-content\/uploads\/2022\/09\/Capture-decran-2022-09-26-a-14.35.40.png 269w, https:\/\/douleur.nc\/wp-content\/uploads\/2022\/09\/Capture-decran-2022-09-26-a-14.35.40-18x7.png 18w\" sizes=\"(max-width: 265px) 100vw, 265px\" \/><\/figure>\n\n\n\n<figure class=\"wp-block-table aligncenter\"><table><tbody><tr><td>Dans le cadre du changement de chef de service de l&rsquo;<strong>unit\u00e9 douleur du CHT<\/strong>, le&nbsp;<strong>SMKNC<\/strong>&nbsp;&#8211; Syndicat des Masseurs-Kin\u00e9sith\u00e9rapeutes de Nouvelle Cal\u00e9donie&nbsp;<strong>vous convie chaleureusement \u00e0 une pr\u00e9sentation des r\u00e9alisations du service, du parcours de soin du patient, et aux remerciements au Dr Brun pour son engagement dans cette fili\u00e8re<\/strong>.<\/td><\/tr><\/tbody><\/table><\/figure>\n\n\n\n<p class=\"has-text-align-center\">A l&rsquo;occasion de cette soir\u00e9e vous sera \u00e9galement pr\u00e9sent\u00e9 : <\/p>\n\n\n\n<p class=\"has-text-align-center\"><strong>un projet de fili\u00e8re lombalgie chronique destin\u00e9 \u00e0 r\u00e9unir : m\u00e9decin, kin\u00e9sith\u00e9rapeute et <\/strong><font color=\"#000000\"><span style=\"caret-color: rgb(0, 0, 0);\"><b>ost\u00e9opa<\/b><\/span><\/font><strong><font color=\"#000000\"><span style=\"caret-color: rgb(0, 0, 0);\"><b>t<\/b><\/span><\/font>he<\/strong><\/p>","protected":false},"excerpt":{"rendered":"<p>Le vendredi 21 octobre 2022 \u00e0 19h 30 au RAMADA Dans le cadre du changement de chef de service de l&rsquo;unit\u00e9 douleur du CHT, le&nbsp;SMKNC&nbsp;&#8211; Syndicat des Masseurs-Kin\u00e9sith\u00e9rapeutes de Nouvelle Cal\u00e9donie&nbsp;vous convie chaleureusement \u00e0 une pr\u00e9sentation des r\u00e9alisations du service, &hellip; <a href=\"http:\/\/douleur.nc\/en\/evenements\/2018-2\/2022-2\/douleur-chez-la-femme-octobre-2022\/\">Continue reading <span class=\"meta-nav\">&rarr;<\/span><\/a><\/p>","protected":false},"author":2,"featured_media":0,"parent":2521,"menu_order":6,"comment_status":"closed","ping_status":"closed","template":"","meta":{"footnotes":""},"class_list":["post-2591","page","type-page","status-publish","hentry"],"_links":{"self":[{"href":"http:\/\/douleur.nc\/en\/wp-json\/wp\/v2\/pages\/2591","targetHints":{"allow":["GET"]}}],"collection":[{"href":"http:\/\/douleur.nc\/en\/wp-json\/wp\/v2\/pages"}],"about":[{"href":"http:\/\/douleur.nc\/en\/wp-json\/wp\/v2\/types\/page"}],"author":[{"embeddable":true,"href":"http:\/\/douleur.nc\/en\/wp-json\/wp\/v2\/users\/2"}],"replies":[{"embeddable":true,"href":"http:\/\/douleur.nc\/en\/wp-json\/wp\/v2\/comments?post=2591"}],"version-history":[{"count":16,"href":"http:\/\/douleur.nc\/en\/wp-json\/wp\/v2\/pages\/2591\/revisions"}],"predecessor-version":[{"id":2776,"href":"http:\/\/douleur.nc\/en\/wp-json\/wp\/v2\/pages\/2591\/revisions\/2776"}],"up":[{"embeddable":true,"href":"http:\/\/douleur.nc\/en\/wp-json\/wp\/v2\/pages\/2521"}],"wp:attachment":[{"href":"http:\/\/douleur.nc\/en\/wp-json\/wp\/v2\/media?parent=2591"}],"curies":[{"name":"wp","href":"https:\/\/api.w.org\/{rel}","templated":true}]}}