{"id":2295,"date":"2021-02-28T05:56:09","date_gmt":"2021-02-27T18:56:09","guid":{"rendered":"http:\/\/douleur.nc\/?page_id=2295"},"modified":"2021-04-17T10:04:59","modified_gmt":"2021-04-16T23:04:59","slug":"osteopathie-aujourdhui","status":"publish","type":"page","link":"http:\/\/douleur.nc\/en\/evenements\/2018-2\/2021-2\/osteopathie-aujourdhui\/","title":{"rendered":"Ost\u00e9opathie aujourd&rsquo;hui"},"content":{"rendered":"<p>Dans le cadre de ses soir\u00e9es th\u00e9matiques, l\u2019association DouleurNC a organis\u00e9 une soir\u00e9e sur le th\u00e8me de&nbsp;<strong>l\u2019ost\u00e9opathie aujourd\u2019hui<\/strong>:<\/p>\n\n\n\n<p><a><strong>Le mercredi 24 f\u00e9vrier 2021, de 19 h \u00e0 21 h au Nouvata, salle Le Lobby<\/strong><\/a><strong>  <\/strong><\/p>\n\n\n\n<figure class=\"wp-block-image is-resized\"><img fetchpriority=\"high\" decoding=\"async\" src=\"http:\/\/douleur.nc\/wp-content\/uploads\/2021\/01\/image-1-1024x576.png\" alt=\"\" class=\"wp-image-2189\" width=\"708\" height=\"398\" srcset=\"https:\/\/douleur.nc\/wp-content\/uploads\/2021\/01\/image-1-1024x576.png 1024w, https:\/\/douleur.nc\/wp-content\/uploads\/2021\/01\/image-1-300x169.png 300w, https:\/\/douleur.nc\/wp-content\/uploads\/2021\/01\/image-1-768x432.png 768w, https:\/\/douleur.nc\/wp-content\/uploads\/2021\/01\/image-1-1320x743.png 1320w, https:\/\/douleur.nc\/wp-content\/uploads\/2021\/01\/image-1.png 1920w\" sizes=\"(max-width: 708px) 100vw, 708px\" \/><\/figure>\n\n\n\n<p>Quatre intervenants ont anim\u00e9 la soir\u00e9e&nbsp;:<\/p>\n\n\n\n<ul class=\"wp-block-list\"><li>Dr Luc Brun, praticien hospitalier, chef de service de l\u2019unit\u00e9 d\u2019\u00e9valuation et de traitement de la douleur du CHT et pr\u00e9sident de l\u2019association douleurNC&nbsp;<\/li><li>Michel B\u0153uf, ost\u00e9opathe DO, vacataire au centre de la douleur et membre du bureau de l\u2019association douleurNC&nbsp;<\/li><li>Dr Ulrick Bronner, m\u00e9decin du travail, ost\u00e9opathe DO<\/li><li>Andr\u00e9 Chantepie, ost\u00e9opathe DO, formateur en ost\u00e9opathie dans diff\u00e9rents instituts nationaux et internationaux et co-auteur de nombreux ouvrages (en visioconf\u00e9rence duplex depuis Issoire)<\/li><\/ul>\n\n\n\n<div class=\"wp-block-file\"><a href=\"http:\/\/douleur.nc\/wp-content\/uploads\/2021\/02\/P\u00e9sentation-Andr\u00e9-copie-1.pptx\">A Chantepie et Dr L Brunner<\/a><a href=\"http:\/\/douleur.nc\/wp-content\/uploads\/2021\/02\/P\u00e9sentation-Andr\u00e9-copie-1.pptx\" class=\"wp-block-file__button\" download>T\u00e9l\u00e9charger<\/a><\/div>\n\n\n\n<p><a href=\"https:\/\/youtu.be\/Meh3EnFepwU\">L Brun et M Boeuf<\/a><\/p>","protected":false},"excerpt":{"rendered":"<p>Dans le cadre de ses soir\u00e9es th\u00e9matiques, l\u2019association DouleurNC a organis\u00e9 une soir\u00e9e sur le th\u00e8me de&nbsp;l\u2019ost\u00e9opathie aujourd\u2019hui: Le mercredi 24 f\u00e9vrier 2021, de 19 h \u00e0 21 h au Nouvata, salle Le Lobby Quatre intervenants ont anim\u00e9 la soir\u00e9e&nbsp;: &hellip; <a href=\"http:\/\/douleur.nc\/en\/evenements\/2018-2\/2021-2\/osteopathie-aujourdhui\/\">Continue reading <span class=\"meta-nav\">&rarr;<\/span><\/a><\/p>","protected":false},"author":2,"featured_media":0,"parent":2289,"menu_order":1,"comment_status":"closed","ping_status":"closed","template":"","meta":{"footnotes":""},"class_list":["post-2295","page","type-page","status-publish","hentry"],"_links":{"self":[{"href":"http:\/\/douleur.nc\/en\/wp-json\/wp\/v2\/pages\/2295","targetHints":{"allow":["GET"]}}],"collection":[{"href":"http:\/\/douleur.nc\/en\/wp-json\/wp\/v2\/pages"}],"about":[{"href":"http:\/\/douleur.nc\/en\/wp-json\/wp\/v2\/types\/page"}],"author":[{"embeddable":true,"href":"http:\/\/douleur.nc\/en\/wp-json\/wp\/v2\/users\/2"}],"replies":[{"embeddable":true,"href":"http:\/\/douleur.nc\/en\/wp-json\/wp\/v2\/comments?post=2295"}],"version-history":[{"count":4,"href":"http:\/\/douleur.nc\/en\/wp-json\/wp\/v2\/pages\/2295\/revisions"}],"predecessor-version":[{"id":2316,"href":"http:\/\/douleur.nc\/en\/wp-json\/wp\/v2\/pages\/2295\/revisions\/2316"}],"up":[{"embeddable":true,"href":"http:\/\/douleur.nc\/en\/wp-json\/wp\/v2\/pages\/2289"}],"wp:attachment":[{"href":"http:\/\/douleur.nc\/en\/wp-json\/wp\/v2\/media?parent=2295"}],"curies":[{"name":"wp","href":"https:\/\/api.w.org\/{rel}","templated":true}]}}