{"id":2255,"date":"2021-02-27T05:40:25","date_gmt":"2021-02-26T18:40:25","guid":{"rendered":"http:\/\/douleur.nc\/?page_id=2255"},"modified":"2022-09-04T10:24:02","modified_gmt":"2022-09-03T23:24:02","slug":"douleur","status":"publish","type":"page","link":"http:\/\/douleur.nc\/en\/espace-patients\/info-douleur-2\/douleur\/","title":{"rendered":"Les 3 cas possibles"},"content":{"rendered":"<p>1:<strong> Le premier : <\/strong>l&rsquo;alarme douleur retentit \u201cA\u00efe \u00e7a fait mal\u201c (l&rsquo;oiseau rouge). Le traitement est simple, il consiste \u00e0 traiter \u201cle truc qui ne va pas\u201c (l&rsquo;oiseau bleu).<\/p>\n\n\n\n<p>2: <strong>Le deuxi\u00e8me <\/strong>: l&rsquo;alarme douleur ne retentit pas (l&rsquo;oiseau rouge), mais \u201c il y a un truc qui ne va pas\u201c (l&rsquo;oiseau bleu). L&rsquo;absence de douleur peut \u00eatre dangereux, car le probl\u00e8me peut devenir grave sans que l&rsquo;on s&rsquo;en aper\u00e7oive, il faut trouver ce qui ne va pas par d&rsquo;autre moyens.<\/p>\n\n\n\n<p>3: <strong>Le troisi\u00e8me <\/strong>: l&rsquo;alarme douleur retentit \u201cA\u00efe \u00e7a fait mal\u201c (l&rsquo;oiseau rouge), mais tout va bien (l&rsquo;oiseau bleu).<\/p>\n\n\n\n<figure class=\"wp-block-image\"><img fetchpriority=\"high\" decoding=\"async\" width=\"822\" height=\"304\" src=\"http:\/\/douleur.nc\/wp-content\/uploads\/2021\/02\/Birds-douleur.png\" alt=\"\" class=\"wp-image-2282\" srcset=\"https:\/\/douleur.nc\/wp-content\/uploads\/2021\/02\/Birds-douleur.png 822w, https:\/\/douleur.nc\/wp-content\/uploads\/2021\/02\/Birds-douleur-300x111.png 300w, https:\/\/douleur.nc\/wp-content\/uploads\/2021\/02\/Birds-douleur-768x284.png 768w\" sizes=\"(max-width: 822px) 100vw, 822px\" \/><figcaption><strong>                                                                                                                       <\/strong><\/figcaption><\/figure>\n\n\n\n<p>Ce troisi\u00e8me survient quand la douleur est rest\u00e9e trop longtemps (3 mois ou plus). La douleur est devenue alors le truc qui ne va pas. On parle de douleur chronique, de douleur maladie. C&rsquo;est ce type de douleur que traite <strong>les m\u00e9decins des services de la douleur. <\/strong> <\/p>","protected":false},"excerpt":{"rendered":"<p>1: Le premier : l&rsquo;alarme douleur retentit \u201cA\u00efe \u00e7a fait mal\u201c (l&rsquo;oiseau rouge). Le traitement est simple, il consiste \u00e0 traiter \u201cle truc qui ne va pas\u201c (l&rsquo;oiseau bleu). 2: Le deuxi\u00e8me : l&rsquo;alarme douleur ne retentit pas (l&rsquo;oiseau rouge), &hellip; <a href=\"http:\/\/douleur.nc\/en\/espace-patients\/info-douleur-2\/douleur\/\">Continue reading <span class=\"meta-nav\">&rarr;<\/span><\/a><\/p>","protected":false},"author":2,"featured_media":0,"parent":2101,"menu_order":1,"comment_status":"closed","ping_status":"closed","template":"","meta":{"footnotes":""},"class_list":["post-2255","page","type-page","status-publish","hentry"],"_links":{"self":[{"href":"http:\/\/douleur.nc\/en\/wp-json\/wp\/v2\/pages\/2255","targetHints":{"allow":["GET"]}}],"collection":[{"href":"http:\/\/douleur.nc\/en\/wp-json\/wp\/v2\/pages"}],"about":[{"href":"http:\/\/douleur.nc\/en\/wp-json\/wp\/v2\/types\/page"}],"author":[{"embeddable":true,"href":"http:\/\/douleur.nc\/en\/wp-json\/wp\/v2\/users\/2"}],"replies":[{"embeddable":true,"href":"http:\/\/douleur.nc\/en\/wp-json\/wp\/v2\/comments?post=2255"}],"version-history":[{"count":21,"href":"http:\/\/douleur.nc\/en\/wp-json\/wp\/v2\/pages\/2255\/revisions"}],"predecessor-version":[{"id":2733,"href":"http:\/\/douleur.nc\/en\/wp-json\/wp\/v2\/pages\/2255\/revisions\/2733"}],"up":[{"embeddable":true,"href":"http:\/\/douleur.nc\/en\/wp-json\/wp\/v2\/pages\/2101"}],"wp:attachment":[{"href":"http:\/\/douleur.nc\/en\/wp-json\/wp\/v2\/media?parent=2255"}],"curies":[{"name":"wp","href":"https:\/\/api.w.org\/{rel}","templated":true}]}}