{"id":2125,"date":"2021-01-20T19:34:05","date_gmt":"2021-01-20T08:34:05","guid":{"rendered":"http:\/\/douleur.nc\/?page_id=2125"},"modified":"2021-02-27T06:58:34","modified_gmt":"2021-02-26T19:58:34","slug":"kinesitherapie","status":"publish","type":"page","link":"http:\/\/douleur.nc\/en\/espace-patients\/soins-proposes\/kinesitherapie\/","title":{"rendered":"Kin\u00e9sith\u00e9rapie"},"content":{"rendered":"<div class=\"wp-block-image\"><figure class=\"alignright\"><img fetchpriority=\"high\" decoding=\"async\" width=\"297\" height=\"170\" src=\"http:\/\/douleur.nc\/wp-content\/uploads\/2021\/01\/Unknown-3.jpeg\" alt=\"\" class=\"wp-image-2171\"\/><\/figure><\/div>\n\n\n\n<figure class=\"wp-block-image is-resized\"><img decoding=\"async\" src=\"http:\/\/douleur.nc\/wp-content\/uploads\/2019\/02\/Douleur-logo.png\" alt=\"\" class=\"wp-image-658\" width=\"200\" height=\"137\"\/><\/figure>\n\n\n\n<p>La r\u00e9\u00e9ducation est un outil de l&rsquo;arsenal th\u00e9rapeutique bien connu. Elle permet de retrouver une activit\u00e9 normale et non douloureuse dans bien des cas. De nombreux kin\u00e9sith\u00e9rapeutes travaille avec le centre de la douleur du CHT. <\/p>","protected":false},"excerpt":{"rendered":"<p>La r\u00e9\u00e9ducation est un outil de l&rsquo;arsenal th\u00e9rapeutique bien connu. Elle permet de retrouver une activit\u00e9 normale et non douloureuse dans bien des cas. De nombreux kin\u00e9sith\u00e9rapeutes travaille avec le centre de la douleur du CHT.<\/p>","protected":false},"author":2,"featured_media":0,"parent":2105,"menu_order":10,"comment_status":"closed","ping_status":"closed","template":"","meta":{"footnotes":""},"class_list":["post-2125","page","type-page","status-publish","hentry"],"_links":{"self":[{"href":"http:\/\/douleur.nc\/en\/wp-json\/wp\/v2\/pages\/2125","targetHints":{"allow":["GET"]}}],"collection":[{"href":"http:\/\/douleur.nc\/en\/wp-json\/wp\/v2\/pages"}],"about":[{"href":"http:\/\/douleur.nc\/en\/wp-json\/wp\/v2\/types\/page"}],"author":[{"embeddable":true,"href":"http:\/\/douleur.nc\/en\/wp-json\/wp\/v2\/users\/2"}],"replies":[{"embeddable":true,"href":"http:\/\/douleur.nc\/en\/wp-json\/wp\/v2\/comments?post=2125"}],"version-history":[{"count":3,"href":"http:\/\/douleur.nc\/en\/wp-json\/wp\/v2\/pages\/2125\/revisions"}],"predecessor-version":[{"id":2271,"href":"http:\/\/douleur.nc\/en\/wp-json\/wp\/v2\/pages\/2125\/revisions\/2271"}],"up":[{"embeddable":true,"href":"http:\/\/douleur.nc\/en\/wp-json\/wp\/v2\/pages\/2105"}],"wp:attachment":[{"href":"http:\/\/douleur.nc\/en\/wp-json\/wp\/v2\/media?parent=2125"}],"curies":[{"name":"wp","href":"https:\/\/api.w.org\/{rel}","templated":true}]}}