{"id":2123,"date":"2021-01-20T19:33:40","date_gmt":"2021-01-20T08:33:40","guid":{"rendered":"http:\/\/douleur.nc\/?page_id=2123"},"modified":"2021-02-27T06:59:23","modified_gmt":"2021-02-26T19:59:23","slug":"psychotherapie","status":"publish","type":"page","link":"http:\/\/douleur.nc\/en\/espace-patients\/soins-proposes\/psychotherapie\/","title":{"rendered":"Psychoth\u00e9rapie"},"content":{"rendered":"<div class=\"wp-block-image\"><figure class=\"alignright\"><img fetchpriority=\"high\" decoding=\"async\" width=\"232\" height=\"217\" src=\"http:\/\/douleur.nc\/wp-content\/uploads\/2021\/01\/Unknown-2.jpeg\" alt=\"\" class=\"wp-image-2168\"\/><\/figure><\/div>\n\n\n\n<figure class=\"wp-block-image is-resized\"><img decoding=\"async\" src=\"http:\/\/douleur.nc\/wp-content\/uploads\/2019\/02\/Douleur-logo.png\" alt=\"\" class=\"wp-image-658\" width=\"209\" height=\"143\"\/><\/figure>\n\n\n\n<p>Une douleur peut se transformer en souffrance <\/p>\n\n\n\n<p>Si vous souffrez vous-m\u00eame, vous savez d\u00e9j\u00e0 comment elle peut perturber votre vie et compliquer votre existence.<\/p>\n\n\n\n<p>Souffrir quotidiennement est \u00e9puisant en soi. Cela peut se rajouter \u00e0 des probl\u00e8mes ant\u00e9rieurs et m\u00eame en cr\u00e9er de nouveaux. Elle peut affecter votre capacit\u00e9 \u00e0 faire le lien avec vous, vos coll\u00e8gues, votre famille. Toutes ces choses peuvent m\u00eame entra\u00eener d\u00e9pression, col\u00e8re ou l\u2019anxi\u00e9t\u00e9.&nbsp;<\/p>\n\n\n\n<p>La psychologue du service est la pour vous aider \u00e0 d\u00e9nouer tout cela<\/p>","protected":false},"excerpt":{"rendered":"<p>Une douleur peut se transformer en souffrance Si vous souffrez vous-m\u00eame, vous savez d\u00e9j\u00e0 comment elle peut perturber votre vie et compliquer votre existence. Souffrir quotidiennement est \u00e9puisant en soi. Cela peut se rajouter \u00e0 des probl\u00e8mes ant\u00e9rieurs et m\u00eame &hellip; <a href=\"http:\/\/douleur.nc\/en\/espace-patients\/soins-proposes\/psychotherapie\/\">Continue reading <span class=\"meta-nav\">&rarr;<\/span><\/a><\/p>","protected":false},"author":2,"featured_media":0,"parent":2105,"menu_order":9,"comment_status":"closed","ping_status":"closed","template":"","meta":{"footnotes":""},"class_list":["post-2123","page","type-page","status-publish","hentry"],"_links":{"self":[{"href":"http:\/\/douleur.nc\/en\/wp-json\/wp\/v2\/pages\/2123","targetHints":{"allow":["GET"]}}],"collection":[{"href":"http:\/\/douleur.nc\/en\/wp-json\/wp\/v2\/pages"}],"about":[{"href":"http:\/\/douleur.nc\/en\/wp-json\/wp\/v2\/types\/page"}],"author":[{"embeddable":true,"href":"http:\/\/douleur.nc\/en\/wp-json\/wp\/v2\/users\/2"}],"replies":[{"embeddable":true,"href":"http:\/\/douleur.nc\/en\/wp-json\/wp\/v2\/comments?post=2123"}],"version-history":[{"count":6,"href":"http:\/\/douleur.nc\/en\/wp-json\/wp\/v2\/pages\/2123\/revisions"}],"predecessor-version":[{"id":2272,"href":"http:\/\/douleur.nc\/en\/wp-json\/wp\/v2\/pages\/2123\/revisions\/2272"}],"up":[{"embeddable":true,"href":"http:\/\/douleur.nc\/en\/wp-json\/wp\/v2\/pages\/2105"}],"wp:attachment":[{"href":"http:\/\/douleur.nc\/en\/wp-json\/wp\/v2\/media?parent=2123"}],"curies":[{"name":"wp","href":"https:\/\/api.w.org\/{rel}","templated":true}]}}