{"id":2116,"date":"2021-01-20T19:31:59","date_gmt":"2021-01-20T08:31:59","guid":{"rendered":"http:\/\/douleur.nc\/?page_id=2116"},"modified":"2021-02-27T06:15:31","modified_gmt":"2021-02-26T19:15:31","slug":"tapis-champs-de-fleurs","status":"publish","type":"page","link":"http:\/\/douleur.nc\/en\/espace-patients\/soins-proposes\/tapis-champs-de-fleurs\/","title":{"rendered":"Tapis champs de fleurs"},"content":{"rendered":"<div class=\"wp-block-image\"><figure class=\"alignleft is-resized\"><img decoding=\"async\" src=\"http:\/\/douleur.nc\/wp-content\/uploads\/2019\/02\/Douleur-logo.png\" alt=\"\" class=\"wp-image-658\" width=\"213\" height=\"146\"\/><\/figure><\/div>\n\n\n\n<figure class=\"wp-block-image is-resized\"><img fetchpriority=\"high\" decoding=\"async\" src=\"http:\/\/douleur.nc\/wp-content\/uploads\/2021\/01\/Capture-d\u2019\u00e9cran-2021-01-20-\u00e0-19.44.58.png\" alt=\"\" class=\"wp-image-2137\" width=\"291\" height=\"220\" srcset=\"https:\/\/douleur.nc\/wp-content\/uploads\/2021\/01\/Capture-d\u2019\u00e9cran-2021-01-20-\u00e0-19.44.58.png 689w, https:\/\/douleur.nc\/wp-content\/uploads\/2021\/01\/Capture-d\u2019\u00e9cran-2021-01-20-\u00e0-19.44.58-300x227.png 300w\" sizes=\"(max-width: 291px) 100vw, 291px\" \/><\/figure>\n\n\n\n<p>Les petites pointes garnissant les fleurs de tapis, entrent en contact avec votre \u00e9piderme. C&rsquo;est un choc pour vos terminaisons nerveuses stimul\u00e9es par l&rsquo;action simultan\u00e9e des fleurs. Cet \u00e9tat va d\u00e9clencher de la s\u00e9cr\u00e9tion d&rsquo;endorphines provoquant le soulagement des douleurs, la d\u00e9tente du syst\u00e8me nerveux et stimuler la circulation sanguine.<\/p>","protected":false},"excerpt":{"rendered":"<p>Les petites pointes garnissant les fleurs de tapis, entrent en contact avec votre \u00e9piderme. C&rsquo;est un choc pour vos terminaisons nerveuses stimul\u00e9es par l&rsquo;action simultan\u00e9e des fleurs. Cet \u00e9tat va d\u00e9clencher de la s\u00e9cr\u00e9tion d&rsquo;endorphines provoquant le soulagement des douleurs, &hellip; <a href=\"http:\/\/douleur.nc\/en\/espace-patients\/soins-proposes\/tapis-champs-de-fleurs\/\">Continue reading <span class=\"meta-nav\">&rarr;<\/span><\/a><\/p>","protected":false},"author":2,"featured_media":0,"parent":2105,"menu_order":5,"comment_status":"closed","ping_status":"closed","template":"","meta":{"footnotes":""},"class_list":["post-2116","page","type-page","status-publish","hentry"],"_links":{"self":[{"href":"http:\/\/douleur.nc\/en\/wp-json\/wp\/v2\/pages\/2116","targetHints":{"allow":["GET"]}}],"collection":[{"href":"http:\/\/douleur.nc\/en\/wp-json\/wp\/v2\/pages"}],"about":[{"href":"http:\/\/douleur.nc\/en\/wp-json\/wp\/v2\/types\/page"}],"author":[{"embeddable":true,"href":"http:\/\/douleur.nc\/en\/wp-json\/wp\/v2\/users\/2"}],"replies":[{"embeddable":true,"href":"http:\/\/douleur.nc\/en\/wp-json\/wp\/v2\/comments?post=2116"}],"version-history":[{"count":5,"href":"http:\/\/douleur.nc\/en\/wp-json\/wp\/v2\/pages\/2116\/revisions"}],"predecessor-version":[{"id":2265,"href":"http:\/\/douleur.nc\/en\/wp-json\/wp\/v2\/pages\/2116\/revisions\/2265"}],"up":[{"embeddable":true,"href":"http:\/\/douleur.nc\/en\/wp-json\/wp\/v2\/pages\/2105"}],"wp:attachment":[{"href":"http:\/\/douleur.nc\/en\/wp-json\/wp\/v2\/media?parent=2116"}],"curies":[{"name":"wp","href":"https:\/\/api.w.org\/{rel}","templated":true}]}}