{"id":2114,"date":"2021-01-20T19:31:19","date_gmt":"2021-01-20T08:31:19","guid":{"rendered":"http:\/\/douleur.nc\/?page_id=2114"},"modified":"2021-02-27T06:24:09","modified_gmt":"2021-02-26T19:24:09","slug":"tapis-magnetique","status":"publish","type":"page","link":"http:\/\/douleur.nc\/en\/espace-patients\/soins-proposes\/tapis-magnetique\/","title":{"rendered":"Tapis magn\u00e9tique"},"content":{"rendered":"<div class=\"wp-block-image\"><figure class=\"alignright\"><img fetchpriority=\"high\" decoding=\"async\" width=\"259\" height=\"218\" src=\"http:\/\/douleur.nc\/wp-content\/uploads\/2021\/02\/Capture-d\u2019\u00e9cran-2021-02-27-\u00e0-06.17.47.png\" alt=\"\" class=\"wp-image-2266\"\/><\/figure><\/div>\n\n\n\n<figure class=\"wp-block-image is-resized\"><img decoding=\"async\" src=\"http:\/\/douleur.nc\/wp-content\/uploads\/2019\/02\/Douleur-logo.png\" alt=\"\" class=\"wp-image-658\" width=\"211\" height=\"144\"\/><\/figure>\n\n\n\n<p>La magn\u00e9toth\u00e9rapie puls\u00e9e permet de soulager en douceur. Appliqu\u00e9es \u00e0 certaines fr\u00e9quences et intensit\u00e9s, les champs magn\u00e9tiques peuvent avoir plusieurs effets b\u00e9n\u00e9fiques, en particulier pour diminuer les douleurs de la fibromyalgie et pour stimuler la cicatrisation et l&rsquo;ossification.<\/p>","protected":false},"excerpt":{"rendered":"<p>La magn\u00e9toth\u00e9rapie puls\u00e9e permet de soulager en douceur. Appliqu\u00e9es \u00e0 certaines fr\u00e9quences et intensit\u00e9s, les champs magn\u00e9tiques peuvent avoir plusieurs effets b\u00e9n\u00e9fiques, en particulier pour diminuer les douleurs de la fibromyalgie et pour stimuler la cicatrisation et l&rsquo;ossification.<\/p>","protected":false},"author":2,"featured_media":0,"parent":2105,"menu_order":5,"comment_status":"closed","ping_status":"closed","template":"","meta":{"footnotes":""},"class_list":["post-2114","page","type-page","status-publish","hentry"],"_links":{"self":[{"href":"http:\/\/douleur.nc\/en\/wp-json\/wp\/v2\/pages\/2114","targetHints":{"allow":["GET"]}}],"collection":[{"href":"http:\/\/douleur.nc\/en\/wp-json\/wp\/v2\/pages"}],"about":[{"href":"http:\/\/douleur.nc\/en\/wp-json\/wp\/v2\/types\/page"}],"author":[{"embeddable":true,"href":"http:\/\/douleur.nc\/en\/wp-json\/wp\/v2\/users\/2"}],"replies":[{"embeddable":true,"href":"http:\/\/douleur.nc\/en\/wp-json\/wp\/v2\/comments?post=2114"}],"version-history":[{"count":6,"href":"http:\/\/douleur.nc\/en\/wp-json\/wp\/v2\/pages\/2114\/revisions"}],"predecessor-version":[{"id":2268,"href":"http:\/\/douleur.nc\/en\/wp-json\/wp\/v2\/pages\/2114\/revisions\/2268"}],"up":[{"embeddable":true,"href":"http:\/\/douleur.nc\/en\/wp-json\/wp\/v2\/pages\/2105"}],"wp:attachment":[{"href":"http:\/\/douleur.nc\/en\/wp-json\/wp\/v2\/media?parent=2114"}],"curies":[{"name":"wp","href":"https:\/\/api.w.org\/{rel}","templated":true}]}}