{"id":2108,"date":"2021-01-20T19:28:05","date_gmt":"2021-01-20T08:28:05","guid":{"rendered":"http:\/\/douleur.nc\/?page_id=2108"},"modified":"2021-02-11T07:20:11","modified_gmt":"2021-02-10T20:20:11","slug":"medicaments","status":"publish","type":"page","link":"http:\/\/douleur.nc\/en\/espace-patients\/soins-proposes\/medicaments\/","title":{"rendered":"M\u00e9dicaments"},"content":{"rendered":"<figure class=\"wp-block-image is-resized\"><img decoding=\"async\" src=\"http:\/\/douleur.nc\/wp-content\/uploads\/2019\/02\/Douleur-logo.png\" alt=\"\" class=\"wp-image-658\" width=\"205\" height=\"140\"\/><\/figure>\n\n\n\n<h1 class=\"wp-block-heading\">Quels m\u00e9dicaments contre la douleur ?<\/h1>\n\n\n\n<div class=\"wp-block-image\"><figure class=\"aligncenter is-resized\"><img decoding=\"async\" src=\"http:\/\/douleur.nc\/wp-content\/uploads\/2021\/02\/image.jpeg\" alt=\"\" class=\"wp-image-2248\" width=\"244\" height=\"142\"\/><\/figure><\/div>\n\n\n\n<h2 class=\"wp-block-heading\">Les antalgiques utilis\u00e9s dans la douleur<\/h2>\n\n\n\n<p><em>Mis \u00e0 jour : Vendredi 11 D\u00e9cembre 2020<\/em><\/p>\n\n\n\n<p>Les traitements de la douleur chez l\u2019adulte reposent essentiellement sur les m\u00e9dicaments dits antalgiques. Ils sont divis\u00e9s en trois classes en fonction de leur puissance d\u2019action. <strong>Le niveau 1,<\/strong> comme le parac\u00e9tamol ou l\u2019aspirine, est destin\u00e9 aux douleurs l\u00e9g\u00e8res. <strong>Le niveau 2<\/strong>, comme la cod\u00e9ine ou le tramadol, est destin\u00e9 aux douleurs mod\u00e9r\u00e9es ou s\u00e9v\u00e8res, ou aux douleurs insuffisamment soulag\u00e9es par les antalgiques de niveau 1. <strong>Le niveau 3<\/strong>, les d\u00e9riv\u00e9s de la morphine, est r\u00e9serv\u00e9 aux douleurs intenses rebelles aux autres antalgiques.<\/p>\n\n\n\n<h2 class=\"wp-block-heading\">Les m\u00e9dicaments autres que les antalgiques utilis\u00e9s dans la douleur<\/h2>\n\n\n\n<ul class=\"wp-block-list\"><li>des&nbsp;<strong>anesth\u00e9siques locaux<\/strong>&nbsp;(comme la lidoca\u00efne, la proca\u00efne, la bupivaca\u00efne, etc.) ;<\/li><li>des&nbsp;<strong>antispasmodiques<\/strong>&nbsp;(dans les douleurs visc\u00e9rales comme les coliques n\u00e9phr\u00e9tiques, les colites, etc.)&nbsp;;<\/li><li>certains&nbsp;<strong>antid\u00e9presseurs<\/strong>&nbsp;(ANAFRANIL et ses g\u00e9n\u00e9riques, LAROXYL, TOFRANIL, CYMBALTA) pour le traitement des douleurs neuropathiques mais leurs effets ind\u00e9sirables en limitent parfois l\u2019utilisation&nbsp;;<\/li><li>les&nbsp;<strong>myorelaxants<\/strong>&nbsp;(thiocolchicoside, m\u00e9thocarbamol) peuvent \u00eatre utiles dans le&nbsp;<a href=\"safari-reader:\/\/www.vidal.fr\/maladies\/douleurs-fievres\/prise-charge-douleur\/maladies\/appareil-locomoteur\/mal-dos-lombalgie.html\">mal de dos (lombalgie)<\/a>&nbsp;chronique pour leur effet relaxant musculaire. Ils ne doivent pas \u00eatre utilis\u00e9s pendant des p\u00e9riodes de plus de 2 semaines&nbsp;;<\/li><li>des&nbsp;<strong>anti\u00e9pileptiques<\/strong>&nbsp;: la carbamaz\u00e9pine (TEGRETOL et ses g\u00e9n\u00e9riques) et la ph\u00e9nyto\u00efne sont utilis\u00e9es dans le traitement des n\u00e9vralgies rebelles de la face et des douleurs neuropathiques ; la gabapentine (NEURONTIN et ses g\u00e9n\u00e9riques) est utilis\u00e9e dans le traitement des douleurs qui font suite \u00e0 un zona chez l&rsquo;adulte ; la pr\u00e9gabaline (LYRICA) est indiqu\u00e9e dans le traitement des douleurs neuropathiques.<\/li><\/ul>","protected":false},"excerpt":{"rendered":"<p>Quels m\u00e9dicaments contre la douleur ? Les antalgiques utilis\u00e9s dans la douleur Mis \u00e0 jour : Vendredi 11 D\u00e9cembre 2020 Les traitements de la douleur chez l\u2019adulte reposent essentiellement sur les m\u00e9dicaments dits antalgiques. Ils sont divis\u00e9s en trois classes &hellip; <a href=\"http:\/\/douleur.nc\/en\/espace-patients\/soins-proposes\/medicaments\/\">Continue reading <span class=\"meta-nav\">&rarr;<\/span><\/a><\/p>","protected":false},"author":2,"featured_media":0,"parent":2105,"menu_order":1,"comment_status":"closed","ping_status":"closed","template":"","meta":{"footnotes":""},"class_list":["post-2108","page","type-page","status-publish","hentry"],"_links":{"self":[{"href":"http:\/\/douleur.nc\/en\/wp-json\/wp\/v2\/pages\/2108","targetHints":{"allow":["GET"]}}],"collection":[{"href":"http:\/\/douleur.nc\/en\/wp-json\/wp\/v2\/pages"}],"about":[{"href":"http:\/\/douleur.nc\/en\/wp-json\/wp\/v2\/types\/page"}],"author":[{"embeddable":true,"href":"http:\/\/douleur.nc\/en\/wp-json\/wp\/v2\/users\/2"}],"replies":[{"embeddable":true,"href":"http:\/\/douleur.nc\/en\/wp-json\/wp\/v2\/comments?post=2108"}],"version-history":[{"count":8,"href":"http:\/\/douleur.nc\/en\/wp-json\/wp\/v2\/pages\/2108\/revisions"}],"predecessor-version":[{"id":2253,"href":"http:\/\/douleur.nc\/en\/wp-json\/wp\/v2\/pages\/2108\/revisions\/2253"}],"up":[{"embeddable":true,"href":"http:\/\/douleur.nc\/en\/wp-json\/wp\/v2\/pages\/2105"}],"wp:attachment":[{"href":"http:\/\/douleur.nc\/en\/wp-json\/wp\/v2\/media?parent=2108"}],"curies":[{"name":"wp","href":"https:\/\/api.w.org\/{rel}","templated":true}]}}