{"id":2088,"date":"2020-12-23T18:29:29","date_gmt":"2020-12-23T07:29:29","guid":{"rendered":"http:\/\/douleur.nc\/?page_id=2088"},"modified":"2021-02-11T07:05:21","modified_gmt":"2021-02-10T20:05:21","slug":"info-tens","status":"publish","type":"page","link":"http:\/\/douleur.nc\/en\/espace-patients\/soins-proposes\/info-tens\/","title":{"rendered":"TENS"},"content":{"rendered":"<div class=\"wp-block-image\"><figure class=\"alignleft is-resized\"><img decoding=\"async\" src=\"http:\/\/douleur.nc\/wp-content\/uploads\/2019\/02\/Douleur-logo.png\" alt=\"\" class=\"wp-image-658\" width=\"161\" height=\"110\"\/><\/figure><\/div>\n\n\n\n<div class=\"wp-block-image\"><figure class=\"alignright is-resized\"><img fetchpriority=\"high\" decoding=\"async\" src=\"http:\/\/douleur.nc\/wp-content\/uploads\/2020\/12\/Capture-d\u2019\u00e9cran-2020-12-23-\u00e0-18.35.42.png\" alt=\"\" class=\"wp-image-2095\" width=\"274\" height=\"248\" srcset=\"https:\/\/douleur.nc\/wp-content\/uploads\/2020\/12\/Capture-d\u2019\u00e9cran-2020-12-23-\u00e0-18.35.42.png 596w, https:\/\/douleur.nc\/wp-content\/uploads\/2020\/12\/Capture-d\u2019\u00e9cran-2020-12-23-\u00e0-18.35.42-300x272.png 300w\" sizes=\"(max-width: 274px) 100vw, 274px\" \/><\/figure><\/div>\n\n\n\n<p style=\"text-align:left\">La neurostimulation \u00e9lectrique transcutan\u00e9e (aussi appel\u00e9e TENS) permet de traiter et soulager les douleurs. Cette technique, aujourd&rsquo;hui r\u00e9pandue en France, est notamment propos\u00e9e par tous les h\u00f4pitaux dans des centres anti-douleur. <\/p>\n\n\n\n<div class=\"wp-block-file\"><a href=\"http:\/\/douleur.nc\/wp-content\/uploads\/2021\/02\/fiche-info-TENS.pdf\">fiche-info<\/a><a href=\"http:\/\/douleur.nc\/wp-content\/uploads\/2021\/02\/fiche-info-TENS.pdf\" class=\"wp-block-file__button\" download>T\u00e9l\u00e9charger<\/a><\/div>\n\n\n\n<ul class=\"wp-block-list\"><li><a href=\"https:\/\/youtu.be\/sb8IJOztsb4\">D\u00e9couvrez cette technique<\/a> non-m\u00e9dicamenteuse et sans effet secondaire &#8211; &#8211; <\/li><li>D\u00e9couvrez le <a href=\"https:\/\/youtu.be\/L55mC7DI1Co\">fonctionnement de l&rsquo;appareil TENS ECO2. <\/a><\/li><\/ul>\n\n\n\n<p>Pour plus d&rsquo;infos sur le TENS et consultez  <a rel=\"noreferrer noopener\" href=\"https:\/\/www.youtube.com\/redirect?q=http%3A%2F%2Fwww.schwa-medico.fr%2F&amp;event=video_description&amp;v=sb8IJOztsb4&amp;redir_token=QUFFLUhqbDc3ajJndnJHTmJNMHlOdTRxb2tGTWs1OVoxZ3xBQ3Jtc0trb2RtLTA1eXN2b3V2WTloMzR0c09OaVVkeDVtcjdjcEN3cmRKSlFwa3RCMjQ3R1MySnplbUd6bnJUSjRKVDR3eWJMa01Xc2hMLWpPTGJUa1psZTFaUXVlUWNJRlV3c25lQ1NOLUlmSmxLQ3Bja2NFOA%3D%3D\" target=\"_blank\">http:\/\/www.schwa-medico.fr\/<\/a><\/p>","protected":false},"excerpt":{"rendered":"<p>La neurostimulation \u00e9lectrique transcutan\u00e9e (aussi appel\u00e9e TENS) permet de traiter et soulager les douleurs. Cette technique, aujourd&rsquo;hui r\u00e9pandue en France, est notamment propos\u00e9e par tous les h\u00f4pitaux dans des centres anti-douleur. D\u00e9couvrez cette technique non-m\u00e9dicamenteuse et sans effet secondaire &#8211; &hellip; <a href=\"http:\/\/douleur.nc\/en\/espace-patients\/soins-proposes\/info-tens\/\">Continue reading <span class=\"meta-nav\">&rarr;<\/span><\/a><\/p>","protected":false},"author":2,"featured_media":0,"parent":2105,"menu_order":4,"comment_status":"closed","ping_status":"closed","template":"","meta":{"footnotes":""},"class_list":["post-2088","page","type-page","status-publish","hentry"],"_links":{"self":[{"href":"http:\/\/douleur.nc\/en\/wp-json\/wp\/v2\/pages\/2088","targetHints":{"allow":["GET"]}}],"collection":[{"href":"http:\/\/douleur.nc\/en\/wp-json\/wp\/v2\/pages"}],"about":[{"href":"http:\/\/douleur.nc\/en\/wp-json\/wp\/v2\/types\/page"}],"author":[{"embeddable":true,"href":"http:\/\/douleur.nc\/en\/wp-json\/wp\/v2\/users\/2"}],"replies":[{"embeddable":true,"href":"http:\/\/douleur.nc\/en\/wp-json\/wp\/v2\/comments?post=2088"}],"version-history":[{"count":12,"href":"http:\/\/douleur.nc\/en\/wp-json\/wp\/v2\/pages\/2088\/revisions"}],"predecessor-version":[{"id":2239,"href":"http:\/\/douleur.nc\/en\/wp-json\/wp\/v2\/pages\/2088\/revisions\/2239"}],"up":[{"embeddable":true,"href":"http:\/\/douleur.nc\/en\/wp-json\/wp\/v2\/pages\/2105"}],"wp:attachment":[{"href":"http:\/\/douleur.nc\/en\/wp-json\/wp\/v2\/media?parent=2088"}],"curies":[{"name":"wp","href":"https:\/\/api.w.org\/{rel}","templated":true}]}}