{"id":2000,"date":"2020-11-19T19:07:14","date_gmt":"2020-11-19T08:07:14","guid":{"rendered":"http:\/\/douleur.nc\/?page_id=2000"},"modified":"2022-09-04T10:24:27","modified_gmt":"2022-09-03T23:24:27","slug":"info-douleur","status":"publish","type":"page","link":"http:\/\/douleur.nc\/en\/espace-patients\/info-douleur-2\/info-douleur\/","title":{"rendered":"La douleur chronique"},"content":{"rendered":"<div class=\"wp-block-image\">\n<figure class=\"alignleft is-resized\"><img decoding=\"async\" src=\"http:\/\/douleur.nc\/wp-content\/uploads\/2019\/02\/Douleur-logo.png\" alt=\"\" class=\"wp-image-658\" width=\"205\" height=\"140\"\/><\/figure>\n<\/div>\n\n\n<p>Voici trois vid\u00e9os sur la douleur chronique<\/p>\n\n\n\n<ul class=\"wp-block-list\"><li>Une premi\u00e8re vid\u00e9o de 8 minutes sur <strong>l&rsquo;allodynie<\/strong> par le Dr Krane directeur du service douleur du Lucile Packard Children&rsquo;s Hospital of Stanford en Californie USA.<\/li><\/ul>\n\n\n\n<figure class=\"wp-block-embed is-type-video is-provider-ted wp-block-embed-ted wp-embed-aspect-16-9 wp-has-aspect-ratio\"><div class=\"wp-block-embed__wrapper\">\n<iframe title=\"Elliot Krane: Elliot Krane: Le myst\u00e8re de la douleur chronique\" src=\"https:\/\/embed.ted.com\/talks\/lang\/fr\/elliot_krane_the_mystery_of_chronic_pain\" width=\"640\" height=\"361\" frameborder=\"0\" scrolling=\"no\" webkitallowfullscreen mozallowfullscreen allowfullscreen><\/iframe>\n<\/div><\/figure>\n\n\n\n<ul class=\"wp-block-list\"><li><a href=\"https:\/\/youtu.be\/vZKqWeGDNKA\">Une vid\u00e9o<\/a> de 10 minutes sur <strong>\u201cthe gate control\u201c<\/strong> par les Dr Boureau, Doubr\u00e8re et Kouby-Soyeux du centre de la douleur de l&rsquo;h\u00f4pital St Antoine \u00e0 Paris.<\/li><\/ul>\n\n\n\n<ul class=\"wp-block-list\"><li><a href=\"https:\/\/youtu.be\/IcdsYdUls44\">Une vid\u00e9o <\/a> de 5 minutes sur <strong>la douleur chronique<\/strong> du CHU de Qu\u00e9bec<\/li><\/ul>","protected":false},"excerpt":{"rendered":"<p>Voici trois vid\u00e9os sur la douleur chronique Une premi\u00e8re vid\u00e9o de 8 minutes sur l&rsquo;allodynie par le Dr Krane directeur du service douleur du Lucile Packard Children&rsquo;s Hospital of Stanford en Californie USA. Une vid\u00e9o de 10 minutes sur \u201cthe &hellip; <a href=\"http:\/\/douleur.nc\/en\/espace-patients\/info-douleur-2\/info-douleur\/\">Continue reading <span class=\"meta-nav\">&rarr;<\/span><\/a><\/p>","protected":false},"author":2,"featured_media":0,"parent":2101,"menu_order":2,"comment_status":"closed","ping_status":"closed","template":"","meta":{"footnotes":""},"class_list":["post-2000","page","type-page","status-publish","hentry"],"_links":{"self":[{"href":"http:\/\/douleur.nc\/en\/wp-json\/wp\/v2\/pages\/2000","targetHints":{"allow":["GET"]}}],"collection":[{"href":"http:\/\/douleur.nc\/en\/wp-json\/wp\/v2\/pages"}],"about":[{"href":"http:\/\/douleur.nc\/en\/wp-json\/wp\/v2\/types\/page"}],"author":[{"embeddable":true,"href":"http:\/\/douleur.nc\/en\/wp-json\/wp\/v2\/users\/2"}],"replies":[{"embeddable":true,"href":"http:\/\/douleur.nc\/en\/wp-json\/wp\/v2\/comments?post=2000"}],"version-history":[{"count":15,"href":"http:\/\/douleur.nc\/en\/wp-json\/wp\/v2\/pages\/2000\/revisions"}],"predecessor-version":[{"id":2734,"href":"http:\/\/douleur.nc\/en\/wp-json\/wp\/v2\/pages\/2000\/revisions\/2734"}],"up":[{"embeddable":true,"href":"http:\/\/douleur.nc\/en\/wp-json\/wp\/v2\/pages\/2101"}],"wp:attachment":[{"href":"http:\/\/douleur.nc\/en\/wp-json\/wp\/v2\/media?parent=2000"}],"curies":[{"name":"wp","href":"https:\/\/api.w.org\/{rel}","templated":true}]}}