{"id":1937,"date":"2020-09-17T07:37:31","date_gmt":"2020-09-16T20:37:31","guid":{"rendered":"http:\/\/douleur.nc\/?page_id=1937"},"modified":"2020-11-20T05:55:34","modified_gmt":"2020-11-19T18:55:34","slug":"1937-2","status":"publish","type":"page","link":"http:\/\/douleur.nc\/en\/evenements\/2018-2\/2020-2\/1937-2\/","title":{"rendered":"Soir\u00e9e OncoNeuroTox"},"content":{"rendered":"<p>La soir\u00e9e a \u00e9t\u00e9 r\u00e9alis\u00e9e sous forme de e-congr\u00e9s <\/p>\n\n\n\n<p>Pour plus de renseignement, <a href=\"https:\/\/www.anocef.org\/index.php?nuid=medi_2_123&amp;midn=13713&amp;site_origine=nl_information_anocef\">ANOSEF.<\/a><\/p>\n\n\n\n<p><em>Le Comit\u00e9 d&rsquo;Organisation OncoNeuroTox 2020<br><a href=\"mailto:reseau.ont@gmail.com\">reseau.ont@gmail.com<\/a><\/em><\/p>\n\n\n\n<figure class=\"wp-block-image\"><img fetchpriority=\"high\" decoding=\"async\" width=\"610\" height=\"343\" src=\"http:\/\/douleur.nc\/wp-content\/uploads\/2020\/09\/anocef_2eJournee_Onconeurotox_v2.jpg\" alt=\"\" class=\"wp-image-1939\" srcset=\"https:\/\/douleur.nc\/wp-content\/uploads\/2020\/09\/anocef_2eJournee_Onconeurotox_v2.jpg 610w, https:\/\/douleur.nc\/wp-content\/uploads\/2020\/09\/anocef_2eJournee_Onconeurotox_v2-300x169.jpg 300w\" sizes=\"(max-width: 610px) 100vw, 610px\" \/><\/figure>","protected":false},"excerpt":{"rendered":"<p>La soir\u00e9e a \u00e9t\u00e9 r\u00e9alis\u00e9e sous forme de e-congr\u00e9s Pour plus de renseignement, ANOSEF. Le Comit\u00e9 d&rsquo;Organisation OncoNeuroTox 2020reseau.ont@gmail.com<\/p>","protected":false},"author":2,"featured_media":0,"parent":2012,"menu_order":2,"comment_status":"closed","ping_status":"closed","template":"","meta":{"footnotes":""},"class_list":["post-1937","page","type-page","status-publish","hentry"],"_links":{"self":[{"href":"http:\/\/douleur.nc\/en\/wp-json\/wp\/v2\/pages\/1937","targetHints":{"allow":["GET"]}}],"collection":[{"href":"http:\/\/douleur.nc\/en\/wp-json\/wp\/v2\/pages"}],"about":[{"href":"http:\/\/douleur.nc\/en\/wp-json\/wp\/v2\/types\/page"}],"author":[{"embeddable":true,"href":"http:\/\/douleur.nc\/en\/wp-json\/wp\/v2\/users\/2"}],"replies":[{"embeddable":true,"href":"http:\/\/douleur.nc\/en\/wp-json\/wp\/v2\/comments?post=1937"}],"version-history":[{"count":10,"href":"http:\/\/douleur.nc\/en\/wp-json\/wp\/v2\/pages\/1937\/revisions"}],"predecessor-version":[{"id":2028,"href":"http:\/\/douleur.nc\/en\/wp-json\/wp\/v2\/pages\/1937\/revisions\/2028"}],"up":[{"embeddable":true,"href":"http:\/\/douleur.nc\/en\/wp-json\/wp\/v2\/pages\/2012"}],"wp:attachment":[{"href":"http:\/\/douleur.nc\/en\/wp-json\/wp\/v2\/media?parent=1937"}],"curies":[{"name":"wp","href":"https:\/\/api.w.org\/{rel}","templated":true}]}}