{"id":1888,"date":"2020-04-29T07:17:17","date_gmt":"2020-04-28T20:17:17","guid":{"rendered":"http:\/\/douleur.nc\/?page_id=1888"},"modified":"2022-05-22T16:57:29","modified_gmt":"2022-05-22T05:57:29","slug":"bibliographie-2020-2","status":"publish","type":"page","link":"http:\/\/douleur.nc\/en\/biblio\/bibliographie-2020-2\/","title":{"rendered":"Bibliographie 2020"},"content":{"rendered":"<div class=\"wp-block-file\"><a href=\"http:\/\/douleur.nc\/wp-content\/uploads\/2020\/06\/1-s2.0-S1624568720300470.pdf\">La stigmatisation de la douleur chronique et empirique<\/a><a href=\"http:\/\/douleur.nc\/wp-content\/uploads\/2020\/06\/1-s2.0-S1624568720300470.pdf\" class=\"wp-block-file__button\" download>T\u00e9l\u00e9charger<\/a><\/div>\n\n\n\n<p><a href=\"http:\/\/www.jim.fr\/e-docs\/troubles_anxieux_generalises_kava_pas_terrible_183545\/document_actu_med.phtml\">Troubles_anxieux_g\u00e9n\u00e9ralises_\u201ckava_pas_terrible<\/a><\/p>\n\n\n\n<div class=\"wp-block-file\"><a href=\"http:\/\/douleur.nc\/wp-content\/uploads\/2020\/10\/experimentation-en-m\u00e9tropole.pdf\">D\u00e9but du canabis th\u00e9rapeutique-en-m\u00e9tropole<\/a><a href=\"http:\/\/douleur.nc\/wp-content\/uploads\/2020\/10\/experimentation-en-m\u00e9tropole.pdf\" class=\"wp-block-file__button\" download>T\u00e9l\u00e9charger<\/a><\/div>\n\n\n\n<p><a href=\"https:\/\/www.youtube.com\/watch?v=c2L0xj9gZ50&amp;t=1368s\">Le cannabis th\u00e9rapeutique<\/a> Journ\u00e9e M\u00e9dicale Cal\u00e9donienne (Dr Barguil)<\/p>\n\n\n\n<p><a href=\"https:\/\/www.youtube.com\/watch?v=cEqfwGijArA\">L&rsquo;ost\u00e9oporose<\/a> Journ\u00e9e M\u00e9dicale Cal\u00e9donienne (Dr Legros)<\/p>","protected":false},"excerpt":{"rendered":"<p>Troubles_anxieux_g\u00e9n\u00e9ralises_\u201ckava_pas_terrible Le cannabis th\u00e9rapeutique Journ\u00e9e M\u00e9dicale Cal\u00e9donienne (Dr Barguil) L&rsquo;ost\u00e9oporose Journ\u00e9e M\u00e9dicale Cal\u00e9donienne (Dr Legros)<\/p>","protected":false},"author":2,"featured_media":0,"parent":1198,"menu_order":3,"comment_status":"closed","ping_status":"closed","template":"","meta":{"footnotes":""},"class_list":["post-1888","page","type-page","status-publish","hentry"],"_links":{"self":[{"href":"http:\/\/douleur.nc\/en\/wp-json\/wp\/v2\/pages\/1888","targetHints":{"allow":["GET"]}}],"collection":[{"href":"http:\/\/douleur.nc\/en\/wp-json\/wp\/v2\/pages"}],"about":[{"href":"http:\/\/douleur.nc\/en\/wp-json\/wp\/v2\/types\/page"}],"author":[{"embeddable":true,"href":"http:\/\/douleur.nc\/en\/wp-json\/wp\/v2\/users\/2"}],"replies":[{"embeddable":true,"href":"http:\/\/douleur.nc\/en\/wp-json\/wp\/v2\/comments?post=1888"}],"version-history":[{"count":19,"href":"http:\/\/douleur.nc\/en\/wp-json\/wp\/v2\/pages\/1888\/revisions"}],"predecessor-version":[{"id":2663,"href":"http:\/\/douleur.nc\/en\/wp-json\/wp\/v2\/pages\/1888\/revisions\/2663"}],"up":[{"embeddable":true,"href":"http:\/\/douleur.nc\/en\/wp-json\/wp\/v2\/pages\/1198"}],"wp:attachment":[{"href":"http:\/\/douleur.nc\/en\/wp-json\/wp\/v2\/media?parent=1888"}],"curies":[{"name":"wp","href":"https:\/\/api.w.org\/{rel}","templated":true}]}}