{"id":1768,"date":"2020-02-25T19:08:53","date_gmt":"2020-02-25T08:08:53","guid":{"rendered":"http:\/\/douleur.nc\/?page_id=1768"},"modified":"2020-04-29T07:18:19","modified_gmt":"2020-04-28T20:18:19","slug":"bibliographie-2020","status":"publish","type":"page","link":"http:\/\/douleur.nc\/en\/biblio\/bibliographie-2020\/","title":{"rendered":"Livret d&rsquo;accueil"},"content":{"rendered":"<div class=\"wp-block-image\"><figure class=\"alignleft is-resized\"><img decoding=\"async\" src=\"http:\/\/douleur.nc\/wp-content\/uploads\/2019\/02\/Douleur-logo.png\" alt=\"\" class=\"wp-image-658\" width=\"179\" height=\"122\"\/><\/figure><\/div>\n\n\n\n<p>La Soci\u00e9t\u00e9 Cal\u00e9donienne de Sant\u00e9 Publique a publi\u00e9 un ouvrage d\u2019accueil pour les professionnels de sant\u00e9 arrivant sur le territoire. Ce livret sera indispensable \u00e0 nos nouveaux confr\u00e8res mais les anciens pourront trouver aussi des renseignements importants.<\/p>\n\n\n\n<p>Pour ma part je suis heureux de voir que le service douleur et l\u2019association Douleur NC sont cit\u00e9s en page 80. Il y a aussi une belle introduction du Dr Carrissimo qui brosse le panorama m\u00e9dical du territoire et a une analyse int\u00e9ressante de notre syst\u00e8me de sant\u00e9 et de son \u00e9volution.<\/p>\n\n\n\n<p>Bonne lecture<\/p>\n\n\n\n<p><a href=\"https:\/\/drive.google.com\/file\/d\/1Ajnhnn6kGZ7j6usq6DvsHrV1syQHwU1o\/view\">Livret d&rsquo;accueil des soignant en Nouvelle Cal\u00e9donie 2020<\/a>, <\/p>\n\n\n\n<p>Dr Luc Brun                             <\/p>\n\n\n\n<p>Pr\u00e9sident de l&rsquo;Association DouleurNC<\/p>\n\n\n\n<p><\/p>","protected":false},"excerpt":{"rendered":"<p>La Soci\u00e9t\u00e9 Cal\u00e9donienne de Sant\u00e9 Publique a publi\u00e9 un ouvrage d\u2019accueil pour les professionnels de sant\u00e9 arrivant sur le territoire. Ce livret sera indispensable \u00e0 nos nouveaux confr\u00e8res mais les anciens pourront trouver aussi des renseignements importants. Pour ma part &hellip; <a href=\"http:\/\/douleur.nc\/en\/biblio\/bibliographie-2020\/\">Continue reading <span class=\"meta-nav\">&rarr;<\/span><\/a><\/p>","protected":false},"author":2,"featured_media":0,"parent":1198,"menu_order":1,"comment_status":"closed","ping_status":"closed","template":"","meta":{"footnotes":""},"class_list":["post-1768","page","type-page","status-publish","hentry"],"_links":{"self":[{"href":"http:\/\/douleur.nc\/en\/wp-json\/wp\/v2\/pages\/1768","targetHints":{"allow":["GET"]}}],"collection":[{"href":"http:\/\/douleur.nc\/en\/wp-json\/wp\/v2\/pages"}],"about":[{"href":"http:\/\/douleur.nc\/en\/wp-json\/wp\/v2\/types\/page"}],"author":[{"embeddable":true,"href":"http:\/\/douleur.nc\/en\/wp-json\/wp\/v2\/users\/2"}],"replies":[{"embeddable":true,"href":"http:\/\/douleur.nc\/en\/wp-json\/wp\/v2\/comments?post=1768"}],"version-history":[{"count":13,"href":"http:\/\/douleur.nc\/en\/wp-json\/wp\/v2\/pages\/1768\/revisions"}],"predecessor-version":[{"id":1800,"href":"http:\/\/douleur.nc\/en\/wp-json\/wp\/v2\/pages\/1768\/revisions\/1800"}],"up":[{"embeddable":true,"href":"http:\/\/douleur.nc\/en\/wp-json\/wp\/v2\/pages\/1198"}],"wp:attachment":[{"href":"http:\/\/douleur.nc\/en\/wp-json\/wp\/v2\/media?parent=1768"}],"curies":[{"name":"wp","href":"https:\/\/api.w.org\/{rel}","templated":true}]}}