{"id":1600,"date":"2019-11-15T12:55:03","date_gmt":"2019-11-15T01:55:03","guid":{"rendered":"http:\/\/douleur.nc\/?page_id=1600"},"modified":"2023-11-04T10:57:40","modified_gmt":"2023-11-03T23:57:40","slug":"evenement-a-venir-2","status":"publish","type":"page","link":"http:\/\/douleur.nc\/en\/evenements\/2018-2\/2019-2\/evenement-a-venir-2\/","title":{"rendered":"Ost\u00e9oparthie et point trigger"},"content":{"rendered":"<div class=\"wp-block-image\">\n<figure class=\"alignleft is-resized\"><img fetchpriority=\"high\" decoding=\"async\" width=\"617\" height=\"422\" src=\"http:\/\/douleur.nc\/wp-content\/uploads\/2019\/02\/Douleur-logo.png\" alt=\"\" class=\"wp-image-658\" style=\"width:193px;height:132px\"\/><\/figure>\n<\/div>\n\n\n<p><strong>Soir\u00e9e OSTEO et KINE <\/strong><\/p>\n\n\n\n<p class=\"has-text-align-left\"> Protocole ost\u00e9o et sciatique L5 : M Boeuf  MKDO  <\/p>\n\n\n\n<p class=\"has-text-align-left\">Les points trigger par aiguilles s\u00e8ches  :  F Durand MK<\/p>","protected":false},"excerpt":{"rendered":"<p>Soir\u00e9e OSTEO et KINE Protocole ost\u00e9o et sciatique L5 : M Boeuf MKDO Les points trigger par aiguilles s\u00e8ches : F Durand MK<\/p>","protected":false},"author":2,"featured_media":0,"parent":2007,"menu_order":5,"comment_status":"closed","ping_status":"closed","template":"","meta":{"footnotes":""},"class_list":["post-1600","page","type-page","status-publish","hentry"],"_links":{"self":[{"href":"http:\/\/douleur.nc\/en\/wp-json\/wp\/v2\/pages\/1600","targetHints":{"allow":["GET"]}}],"collection":[{"href":"http:\/\/douleur.nc\/en\/wp-json\/wp\/v2\/pages"}],"about":[{"href":"http:\/\/douleur.nc\/en\/wp-json\/wp\/v2\/types\/page"}],"author":[{"embeddable":true,"href":"http:\/\/douleur.nc\/en\/wp-json\/wp\/v2\/users\/2"}],"replies":[{"embeddable":true,"href":"http:\/\/douleur.nc\/en\/wp-json\/wp\/v2\/comments?post=1600"}],"version-history":[{"count":63,"href":"http:\/\/douleur.nc\/en\/wp-json\/wp\/v2\/pages\/1600\/revisions"}],"predecessor-version":[{"id":2882,"href":"http:\/\/douleur.nc\/en\/wp-json\/wp\/v2\/pages\/1600\/revisions\/2882"}],"up":[{"embeddable":true,"href":"http:\/\/douleur.nc\/en\/wp-json\/wp\/v2\/pages\/2007"}],"wp:attachment":[{"href":"http:\/\/douleur.nc\/en\/wp-json\/wp\/v2\/media?parent=1600"}],"curies":[{"name":"wp","href":"https:\/\/api.w.org\/{rel}","templated":true}]}}