{"id":1592,"date":"2019-11-07T15:53:02","date_gmt":"2019-11-07T04:53:02","guid":{"rendered":"http:\/\/douleur.nc\/?page_id=1592"},"modified":"2020-11-19T19:16:25","modified_gmt":"2020-11-19T08:16:25","slug":"evenement-a-venir","status":"publish","type":"page","link":"http:\/\/douleur.nc\/en\/evenements\/2018-2\/2019-2\/evenement-a-venir\/","title":{"rendered":"Musicoth\u00e9rapie"},"content":{"rendered":"<p><strong>Soir\u00e9e MUSICCARE<\/strong> <strong>du 13\/11\/19<\/strong><\/p>\n\n\n\n<div class=\"wp-block-image\"><figure class=\"alignleft is-resized\"><img decoding=\"async\" src=\"http:\/\/douleur.nc\/wp-content\/uploads\/2019\/02\/Douleur-logo.png\" alt=\"\" class=\"wp-image-658\" width=\"197\" height=\"135\"\/><\/figure><\/div>\n\n\n\n<p><strong><a href=\"https:\/\/youtu.be\/UT9N3nk4FG8\">\u201c<\/a><\/strong><em><strong><a href=\"https:\/\/youtu.be\/UT9N3nk4FG8\">Musique et douleur: actualit\u00e9 et recherche<\/a><\/strong><\/em><strong><a href=\"https:\/\/youtu.be\/UT9N3nk4FG8\">\u201c<\/a><\/strong><a href=\"https:\/\/youtu.be\/UT9N3nk4FG8\"> Dr Stephane GUETIN<\/a><\/p>\n\n\n\n<div class=\"wp-block-file\"><a href=\"http:\/\/douleur.nc\/wp-content\/uploads\/2019\/11\/1.Diapos-Noum\u00e9a_Music-Care_2019-S-Gu\u00e9tin.pdf\">Pour voir le 1 er pdf<\/a><a href=\"http:\/\/douleur.nc\/wp-content\/uploads\/2019\/11\/1.Diapos-Noum\u00e9a_Music-Care_2019-S-Gu\u00e9tin.pdf\" class=\"wp-block-file__button\" download>T\u00e9l\u00e9charger<\/a><\/div>\n\n\n\n<div class=\"wp-block-file\"><a href=\"http:\/\/douleur.nc\/wp-content\/uploads\/2019\/11\/3.-MC-en-pratique-J-Destoutz-6-MC-VR-S-gu\u00e9tin.pdf\">Pour voir le 2em pdf<\/a><a href=\"http:\/\/douleur.nc\/wp-content\/uploads\/2019\/11\/3.-MC-en-pratique-J-Destoutz-6-MC-VR-S-gu\u00e9tin.pdf\" class=\"wp-block-file__button\" download>T\u00e9l\u00e9charger<\/a><\/div>\n\n\n\n<p><strong><a href=\"https:\/\/youtu.be\/igRD-60mko0\">\u201c<\/a><\/strong><em><strong><a href=\"https:\/\/youtu.be\/igRD-60mko0\">Musique et m\u00e9decine en Cal\u00e9donie:10 ans d&rsquo;exp\u00e9rience<\/a><\/strong><\/em><strong><a href=\"https:\/\/youtu.be\/igRD-60mko0\">\u201c <\/a><\/strong><a href=\"https:\/\/youtu.be\/igRD-60mko0\">Dr Luc BRUN<\/a><\/p>\n\n\n\n<div class=\"wp-block-file\"><a href=\"http:\/\/douleur.nc\/wp-content\/uploads\/2019\/11\/2.Musique-et-M\u00e9decine-en-Nouvelle-Cal\u00e9donie-10-ans-L-Brun.pdf\">Pour voir le pdf<\/a><a href=\"http:\/\/douleur.nc\/wp-content\/uploads\/2019\/11\/2.Musique-et-M\u00e9decine-en-Nouvelle-Cal\u00e9donie-10-ans-L-Brun.pdf\" class=\"wp-block-file__button\" download>T\u00e9l\u00e9charger<\/a><\/div>\n\n\n\n<p><em><strong><a href=\"https:\/\/www.youtube.com\/watch?v=7DgQYAwlDcY\">\u00ab\u00a0Music as medicine for dementia in elderly\u00a0\u00bb<\/a><\/strong><\/em><a href=\"https:\/\/www.youtube.com\/watch?v=7DgQYAwlDcY\"> Dr Sandra GARRIDO<\/a><\/p>\n\n\n\n<div class=\"wp-block-file\"><a href=\"http:\/\/douleur.nc\/wp-content\/uploads\/2019\/11\/5.-Music-as-Medicine-for-People-with-Dementia_S-Garrido.pdf\">Pour voir le pdf<\/a><a href=\"http:\/\/douleur.nc\/wp-content\/uploads\/2019\/11\/5.-Music-as-Medicine-for-People-with-Dementia_S-Garrido.pdf\" class=\"wp-block-file__button\" download>T\u00e9l\u00e9charger<\/a><\/div>\n\n\n\n<div class=\"wp-block-image\"><figure class=\"alignleft\"><img decoding=\"async\" src=\"http:\/\/douleur.nc\/wp-content\/uploads\/2019\/11\/musico-1-1024x576.jpg\" alt=\"\" class=\"wp-image-1593\"\/><\/figure><\/div>","protected":false},"excerpt":{"rendered":"<p>Soir\u00e9e MUSICCARE du 13\/11\/19 \u201cMusique et douleur: actualit\u00e9 et recherche\u201c Dr Stephane GUETIN \u201cMusique et m\u00e9decine en Cal\u00e9donie:10 ans d&rsquo;exp\u00e9rience\u201c Dr Luc BRUN \u00ab\u00a0Music as medicine for dementia in elderly\u00a0\u00bb Dr Sandra GARRIDO<\/p>","protected":false},"author":2,"featured_media":0,"parent":2007,"menu_order":4,"comment_status":"closed","ping_status":"closed","template":"","meta":{"footnotes":""},"class_list":["post-1592","page","type-page","status-publish","hentry"],"_links":{"self":[{"href":"http:\/\/douleur.nc\/en\/wp-json\/wp\/v2\/pages\/1592","targetHints":{"allow":["GET"]}}],"collection":[{"href":"http:\/\/douleur.nc\/en\/wp-json\/wp\/v2\/pages"}],"about":[{"href":"http:\/\/douleur.nc\/en\/wp-json\/wp\/v2\/types\/page"}],"author":[{"embeddable":true,"href":"http:\/\/douleur.nc\/en\/wp-json\/wp\/v2\/users\/2"}],"replies":[{"embeddable":true,"href":"http:\/\/douleur.nc\/en\/wp-json\/wp\/v2\/comments?post=1592"}],"version-history":[{"count":34,"href":"http:\/\/douleur.nc\/en\/wp-json\/wp\/v2\/pages\/1592\/revisions"}],"predecessor-version":[{"id":2010,"href":"http:\/\/douleur.nc\/en\/wp-json\/wp\/v2\/pages\/1592\/revisions\/2010"}],"up":[{"embeddable":true,"href":"http:\/\/douleur.nc\/en\/wp-json\/wp\/v2\/pages\/2007"}],"wp:attachment":[{"href":"http:\/\/douleur.nc\/en\/wp-json\/wp\/v2\/media?parent=1592"}],"curies":[{"name":"wp","href":"https:\/\/api.w.org\/{rel}","templated":true}]}}