{"id":1326,"date":"2019-06-15T12:10:02","date_gmt":"2019-06-15T01:10:02","guid":{"rendered":"http:\/\/douleur.nc\/?page_id=1326"},"modified":"2021-12-10T20:35:33","modified_gmt":"2021-12-10T09:35:33","slug":"lordre-des-med","status":"publish","type":"page","link":"http:\/\/douleur.nc\/en\/contact1\/lordre-des-med\/","title":{"rendered":"Des liens utiles"},"content":{"rendered":"<div class=\"wp-block-image\"><figure class=\"alignleft is-resized\"><img decoding=\"async\" src=\"http:\/\/douleur.nc\/wp-content\/uploads\/2019\/02\/Douleur-logo.png\" alt=\"\" class=\"wp-image-658\" width=\"208\" height=\"142\"\/><\/figure><\/div>\n\n\n\n<p><a href=\"http:\/\/www.conseilnc.ordre.medecin.fr\">L&rsquo;ordre des m\u00e9decins de Nouvelle-Cal\u00e9donie<\/a> \u00ab\u00a0Au service des m\u00e9decins dans l&rsquo;int\u00e9r\u00eat des patients\u00a0\u00bb<\/p>\n\n\n\n<p><a href=\"http:\/\/www.aflar.org\/les-centres-anti-douleur\">Les centres anti douleur en France<\/a> : Centres d\u2019\u00c9valuation et de Traitement de la Douleur (CETD)&nbsp;<\/p>\n\n\n\n<p><a href=\"https:\/\/www.sfetd-douleur.org\">Soci\u00e9t\u00e9 Fran\u00e7aise d&rsquo;Etude et de Traitement de la Douleur<\/a>, une m\u00eame langue, un m\u00eame message, luttons contre la douleur.<\/p>\n\n\n\n<p><a href=\"https:\/\/sfar.org\">Soci\u00e9t\u00e9 Fran\u00e7aise d&rsquo;Anesth\u00e9sie et de R\u00e9animation<\/a>: \u201cLA SFAR est votre soci\u00e9t\u00e9 savante et en m\u00eame temps votre maison\u201c<\/p>\n\n\n\n<p><a href=\"https:\/\/www.iasp-pain.org\">International Association for the Study of Pain<\/a>: Working together for pain relief throughout the world.<br><\/p>","protected":false},"excerpt":{"rendered":"<p>L&rsquo;ordre des m\u00e9decins de Nouvelle-Cal\u00e9donie \u00ab\u00a0Au service des m\u00e9decins dans l&rsquo;int\u00e9r\u00eat des patients\u00a0\u00bb Les centres anti douleur en France : Centres d\u2019\u00c9valuation et de Traitement de la Douleur (CETD)&nbsp; Soci\u00e9t\u00e9 Fran\u00e7aise d&rsquo;Etude et de Traitement de la Douleur, une m\u00eame &hellip; <a href=\"http:\/\/douleur.nc\/en\/contact1\/lordre-des-med\/\">Continue reading <span class=\"meta-nav\">&rarr;<\/span><\/a><\/p>","protected":false},"author":2,"featured_media":0,"parent":947,"menu_order":6,"comment_status":"closed","ping_status":"closed","template":"","meta":{"footnotes":""},"class_list":["post-1326","page","type-page","status-publish","hentry"],"_links":{"self":[{"href":"http:\/\/douleur.nc\/en\/wp-json\/wp\/v2\/pages\/1326","targetHints":{"allow":["GET"]}}],"collection":[{"href":"http:\/\/douleur.nc\/en\/wp-json\/wp\/v2\/pages"}],"about":[{"href":"http:\/\/douleur.nc\/en\/wp-json\/wp\/v2\/types\/page"}],"author":[{"embeddable":true,"href":"http:\/\/douleur.nc\/en\/wp-json\/wp\/v2\/users\/2"}],"replies":[{"embeddable":true,"href":"http:\/\/douleur.nc\/en\/wp-json\/wp\/v2\/comments?post=1326"}],"version-history":[{"count":31,"href":"http:\/\/douleur.nc\/en\/wp-json\/wp\/v2\/pages\/1326\/revisions"}],"predecessor-version":[{"id":2218,"href":"http:\/\/douleur.nc\/en\/wp-json\/wp\/v2\/pages\/1326\/revisions\/2218"}],"up":[{"embeddable":true,"href":"http:\/\/douleur.nc\/en\/wp-json\/wp\/v2\/pages\/947"}],"wp:attachment":[{"href":"http:\/\/douleur.nc\/en\/wp-json\/wp\/v2\/media?parent=1326"}],"curies":[{"name":"wp","href":"https:\/\/api.w.org\/{rel}","templated":true}]}}