{"id":1216,"date":"2019-05-22T22:54:59","date_gmt":"2019-05-22T11:54:59","guid":{"rendered":"http:\/\/douleur.nc\/?page_id=1216"},"modified":"2020-11-19T19:14:34","modified_gmt":"2020-11-19T08:14:34","slug":"soiree-du-22-mai-2019","status":"publish","type":"page","link":"http:\/\/douleur.nc\/en\/evenements\/2018-2\/2019-2\/soiree-du-22-mai-2019\/","title":{"rendered":"AG 2019"},"content":{"rendered":"<div class=\"wp-block-image\"><figure class=\"alignleft is-resized\"><img decoding=\"async\" src=\"http:\/\/douleur.nc\/wp-content\/uploads\/2019\/02\/Douleur-logo.png\" alt=\"\" class=\"wp-image-658\" width=\"208\" height=\"142\"\/><\/figure><\/div>\n\n\n\n<p><strong>Le mot du pr\u00e9sident:<\/strong> <\/p>\n\n\n\n<p>Mesdames et Messieurs les membres de l\u2019Association DouleurNC, permettez moi de vous souhaiter, en mon nom et au nom du bureau, <strong>la bienvenue \u00e0 notre&nbsp;AG 2018-2019, en cette soir\u00e9e du 22 mai 2019.<\/strong><\/p>\n\n\n\n<p>Tout d\u2019abord, je tiens \u00e0 remercier<a href=\"https:\/\/www.ass.nc\">&nbsp;<\/a><strong><a href=\"https:\/\/www.ass.nc\">l\u2019ASSNC<\/a> <\/strong>et les <strong>laboratoires Mylan<\/strong> qui contribuent \u00e0 l\u2019accueil chaleureux de nos membres lors des soir\u00e9es th\u00e9matiques. Je tenais \u00e9galement \u00e0 remercier sinc\u00e8rement nos intervenants qui tout au long de l\u2019ann\u00e9e nous font partager leurs comp\u00e9tences.<\/p>\n\n\n\n<p>Depuis la cr\u00e9ation de l\u2019association en 2014, notre exercice aupr\u00e8s des professionnels de sant\u00e9 n\u2019a de cesse de s\u2019\u00e9tendre. L\u2019int\u00e9r\u00eat port\u00e9 \u00e0 nos actions pour promouvoir l\u2019information et une meilleure prise en charge de la douleur se traduit concr\u00e8tement par une <strong>augmentation r\u00e9guli\u00e8re du<\/strong> <strong>nombre de nos membres<\/strong>, passant ainsi de 41 adh\u00e9rents en 2018 \u00e0&nbsp;52 en ce d\u00e9but 2019.<\/p>\n\n\n\n<p>De plus, bien qu\u2019encore non membres de l\u2019association, de nombreux professionnels de sant\u00e9 ont assist\u00e9 \u00e0 certaines des soir\u00e9es th\u00e9matiques sur invitation du Pr\u00e9sident, contribuant ainsi&nbsp;&nbsp;\u00e0 la promotion du travail de l\u2019association.<\/p>\n\n\n\n<p>2018 et 2019 ont \u00e9galement vu<strong> l\u2019hypnose<\/strong> mise \u00e0 l\u2019honneur. Des formations soutenues par le CHT et dispens\u00e9es \u00e0 l\u2019IFAP par l\u2019Association hypnosium, un chapitre cr\u00e9\u00e9 au sein de l\u2019association et pilot\u00e9 par&nbsp;<em>Jessyca Samin<\/em>, des&nbsp;soir\u00e9es th\u00e9matiques et des projets de supervision pour partager les exp\u00e9riences et les comp\u00e9tences.<\/p>\n\n\n\n<p>Enfin un projet \u00e9tait la&nbsp;restauration du<strong> thermalisme en Nouvelle Cal\u00e9donie<\/strong>avec en position phare la station thermale de Canala. Les pourparlers avec les coutumiers ont avanc\u00e9 surtout en d\u00e9but d\u2019ann\u00e9e 2019. Nous attendons un PV de palabre qui mettrait d\u2019accord les 3 tribus concern\u00e9es par le site. Par la suite une mise \u00e0 jour du foncier et du&nbsp;GDPL pourrait se faire en collaboration avec l\u2019ADRAF. Luc Brun est en contact avec le Gouvernement de la Nouvelle Cal\u00e9donie pour d\u00e9buter une pr\u00e9 \u00e9tude une fois que ces pr\u00e9alables seront remplis.<\/p>\n\n\n\n<p>Pour en revenir bri\u00e8vement aux soir\u00e9es th\u00e9matiques,<\/p>\n\n\n\n<p><strong>L&rsquo;ann\u00e9e 2018, vous a propos\u00e9 4 soir\u00e9es sur le<\/strong>&nbsp;<strong>th\u00e8me du RACHIS<\/strong>.<\/p>\n\n\n\n<ul class=\"wp-block-list\"><li>Une mise au point sur les antalgiques <em>(Dr Brun)<\/em><\/li><li>Le rachis et la radio interventionnelle <em>(Dr Zurlinden)<\/em><\/li><li>La r\u00e9\u00e9ducation fonctionnelle du rachis en lib\u00e9ral et en centre de r\u00e9\u00e9ducation en NC <em>(Dr Brun, Dr Bertrand, M Chazalmartin et M Feuillade)<\/em><\/li><li>La douleur morale en victimologie <em>(Dr Mestre, Pr Baccino)<\/em><\/li><\/ul>\n\n\n\n<p>Compte tenu de l\u2019int\u00e9r\u00eat suscit\u00e9 par ces soir\u00e9es, nous avons souhait\u00e9 continuer sous ce m\u00eame format.<\/p>\n\n\n\n<p><strong>L\u2019ann\u00e9e 2019 sera d\u00e9clin\u00e9e sous le th\u00e8me de la<\/strong>&nbsp;<strong>DOULEUR NEUROPATHIQUE<\/strong>.&nbsp;<\/p>\n\n\n\n<p>Ce soir, nous ouvrons la th\u00e9matique annuelle avec la pr\u00e9sentation d\u2019un&nbsp;<strong>livret th\u00e9rapeutique des antalgiques disponibles sur le territoire<\/strong> (<em>pr\u00e9sent\u00e9e par&nbsp;Fr\u00e9d\u00e9rique Ducrocq Montblanc et G\u00e9raldine Wathle<\/em>).<\/p>\n\n\n\n<p>Nous vous informerons par la suite des dates et des lieux pour&nbsp;les soir\u00e9es suivantes&nbsp;:<\/p>\n\n\n\n<p>Il sera \u00e9galement organis\u00e9 des soir\u00e9es pour la&nbsp;<strong>pr\u00e9sentation de \u00ab&nbsp;fiches flash&nbsp;\u00bb<\/strong>th\u00e9rapeutiques pratiques au cours de l\u2019ann\u00e9e 2019, pr\u00e9sentation qui se continuera en 2020.<\/p>\n\n\n\n<p>Cette pr\u00e9sentation des \u00ab&nbsp;fiches flash&nbsp;\u00bb th\u00e9rapeutiques me donne l\u2019occasion de mentionner qu\u2019elles seront disponibles tout au long de l\u2019ann\u00e9e sur <strong>notre nouveau<\/strong>&nbsp;<strong>site internet \u00ab&nbsp;douleurnc&nbsp;\u00bb<\/strong>. Sur ce m\u00eame site, en tant que membres, vous avez acc\u00e8s entre autres \u00e0 l\u2019\u00e9v\u00e8nementiel, \u00e0 une bibliographie et aux coordonn\u00e9es des autres professionnels de sant\u00e9 membres de l\u2019association (<em>intervention de Michel&nbsp;B\u0153uf&nbsp;: pr\u00e9sentation du site internet<\/em>)<\/p>\n\n\n\n<p>Pour les \u00e9changes interprofessionnels, vous pouvez utiliser <strong>la page Facebook<\/strong> <strong>\u00ab&nbsp;douleurnc&nbsp;\u00bb.<\/strong><\/p>\n\n\n\n<p>Enfin, pour toute autre question, <strong>le mail \u00ab&nbsp;douleurnc@gmail.com&nbsp;\u00bb<\/strong> est \u00e0 votre disposition.<\/p>\n\n\n\n<p>Merci \u00e0 toutes et \u00e0 tous pour votre attention, pour l\u2019int\u00e9r\u00eat que vous portez \u00e0 l\u2019Association Douleurnc et pour votre investissement afin de faire vivre cette association.<\/p>\n\n\n\n<p><em>Luc BRUN<\/em> &#8211; Pr\u00e9sident<\/p>","protected":false},"excerpt":{"rendered":"<p>Le mot du pr\u00e9sident: Mesdames et Messieurs les membres de l\u2019Association DouleurNC, permettez moi de vous souhaiter, en mon nom et au nom du bureau, la bienvenue \u00e0 notre&nbsp;AG 2018-2019, en cette soir\u00e9e du 22 mai 2019. Tout d\u2019abord, je &hellip; <a href=\"http:\/\/douleur.nc\/en\/evenements\/2018-2\/2019-2\/soiree-du-22-mai-2019\/\">Continue reading <span class=\"meta-nav\">&rarr;<\/span><\/a><\/p>","protected":false},"author":2,"featured_media":0,"parent":2007,"menu_order":1,"comment_status":"closed","ping_status":"closed","template":"","meta":{"footnotes":""},"class_list":["post-1216","page","type-page","status-publish","hentry"],"_links":{"self":[{"href":"http:\/\/douleur.nc\/en\/wp-json\/wp\/v2\/pages\/1216","targetHints":{"allow":["GET"]}}],"collection":[{"href":"http:\/\/douleur.nc\/en\/wp-json\/wp\/v2\/pages"}],"about":[{"href":"http:\/\/douleur.nc\/en\/wp-json\/wp\/v2\/types\/page"}],"author":[{"embeddable":true,"href":"http:\/\/douleur.nc\/en\/wp-json\/wp\/v2\/users\/2"}],"replies":[{"embeddable":true,"href":"http:\/\/douleur.nc\/en\/wp-json\/wp\/v2\/comments?post=1216"}],"version-history":[{"count":17,"href":"http:\/\/douleur.nc\/en\/wp-json\/wp\/v2\/pages\/1216\/revisions"}],"predecessor-version":[{"id":2009,"href":"http:\/\/douleur.nc\/en\/wp-json\/wp\/v2\/pages\/1216\/revisions\/2009"}],"up":[{"embeddable":true,"href":"http:\/\/douleur.nc\/en\/wp-json\/wp\/v2\/pages\/2007"}],"wp:attachment":[{"href":"http:\/\/douleur.nc\/en\/wp-json\/wp\/v2\/media?parent=1216"}],"curies":[{"name":"wp","href":"https:\/\/api.w.org\/{rel}","templated":true}]}}