{"id":1179,"date":"2019-05-22T22:27:58","date_gmt":"2019-05-22T11:27:58","guid":{"rendered":"http:\/\/douleur.nc\/?page_id=1179"},"modified":"2020-02-25T19:41:18","modified_gmt":"2020-02-25T08:41:18","slug":"le-livret-therapeutique-nc","status":"publish","type":"page","link":"http:\/\/douleur.nc\/en\/biblio\/le-livret-therapeutique-nc\/","title":{"rendered":"Livret th\u00e9rapeutique"},"content":{"rendered":"<div class=\"wp-block-image\"><figure class=\"alignleft is-resized\"><img decoding=\"async\" src=\"http:\/\/douleur.nc\/wp-content\/uploads\/2019\/02\/Douleur-logo.png\" alt=\"\" class=\"wp-image-658\" width=\"193\" height=\"132\"\/><\/figure><\/div>\n\n\n\n<p>Dans le cadre du plan Do Kamo, la Nouvelle-Cal\u00e9donie a entrepris de moderniser le syst\u00e8me de sant\u00e9 et de d\u00e9finir une liste ferm\u00e9e de m\u00e9dicaments rembours\u00e9s par l\u2019assurance maladie, appel\u00e9 \u00abLivret Th\u00e9rapeutique Cal\u00e9donien\u00bb (LTC), prenant en compte le Service M\u00e9dical Rendu (SMR), l\u2019\u00e9volution des d\u00e9penses de sant\u00e9 et le contexte sanitaire local.<\/p>\n\n\n\n<div class=\"wp-block-file\"><a href=\"http:\/\/douleur.nc\/wp-content\/uploads\/2019\/05\/Livret-Th\u00e9rapeutique-Cal\u00e9donien-F\u00e9vrier-2019.pdf\"><b>Livret Th\u00e9rapeutique Cal\u00e9donien <\/b><\/a><a href=\"http:\/\/douleur.nc\/wp-content\/uploads\/2019\/05\/Livret-Th\u00e9rapeutique-Cal\u00e9donien-F\u00e9vrier-2019.pdf\" class=\"wp-block-file__button\" download>T\u00e9l\u00e9charger<\/a><\/div>\n\n\n\n<p><br><\/p>","protected":false},"excerpt":{"rendered":"<p>Dans le cadre du plan Do Kamo, la Nouvelle-Cal\u00e9donie a entrepris de moderniser le syst\u00e8me de sant\u00e9 et de d\u00e9finir une liste ferm\u00e9e de m\u00e9dicaments rembours\u00e9s par l\u2019assurance maladie, appel\u00e9 \u00abLivret Th\u00e9rapeutique Cal\u00e9donien\u00bb (LTC), prenant en compte le Service M\u00e9dical &hellip; <a href=\"http:\/\/douleur.nc\/en\/biblio\/le-livret-therapeutique-nc\/\">Continue reading <span class=\"meta-nav\">&rarr;<\/span><\/a><\/p>","protected":false},"author":2,"featured_media":0,"parent":1198,"menu_order":0,"comment_status":"closed","ping_status":"closed","template":"","meta":{"footnotes":""},"class_list":["post-1179","page","type-page","status-publish","hentry"],"_links":{"self":[{"href":"http:\/\/douleur.nc\/en\/wp-json\/wp\/v2\/pages\/1179","targetHints":{"allow":["GET"]}}],"collection":[{"href":"http:\/\/douleur.nc\/en\/wp-json\/wp\/v2\/pages"}],"about":[{"href":"http:\/\/douleur.nc\/en\/wp-json\/wp\/v2\/types\/page"}],"author":[{"embeddable":true,"href":"http:\/\/douleur.nc\/en\/wp-json\/wp\/v2\/users\/2"}],"replies":[{"embeddable":true,"href":"http:\/\/douleur.nc\/en\/wp-json\/wp\/v2\/comments?post=1179"}],"version-history":[{"count":21,"href":"http:\/\/douleur.nc\/en\/wp-json\/wp\/v2\/pages\/1179\/revisions"}],"predecessor-version":[{"id":1789,"href":"http:\/\/douleur.nc\/en\/wp-json\/wp\/v2\/pages\/1179\/revisions\/1789"}],"up":[{"embeddable":true,"href":"http:\/\/douleur.nc\/en\/wp-json\/wp\/v2\/pages\/1198"}],"wp:attachment":[{"href":"http:\/\/douleur.nc\/en\/wp-json\/wp\/v2\/media?parent=1179"}],"curies":[{"name":"wp","href":"https:\/\/api.w.org\/{rel}","templated":true}]}}